{"id":7358,"date":"2026-05-08T04:47:24","date_gmt":"2026-05-08T04:47:24","guid":{"rendered":"https:\/\/www.dentled.com\/product\/sensore-di-movimento-rilevatore-di-presenza-e-sensore-di-occupazione-dentled-per-studi-dentistici\/"},"modified":"2026-05-08T05:06:42","modified_gmt":"2026-05-08T05:06:42","slug":"sensore-di-movimento-rilevatore-di-presenza-e-sensore-di-occupazione-dentled-per-studi-dentistici","status":"publish","type":"product","link":"https:\/\/www.dentled.com\/it\/prodotto\/sensore-di-movimento-rilevatore-di-presenza-e-sensore-di-occupazione-dentled-per-studi-dentistici\/","title":{"rendered":"Sensore di movimento e presenza DentLed"},"content":{"rendered":"<div class=\"row\"  id=\"row-721030169\">\n\n\t<div id=\"col-2023946570\" class=\"col small-12 large-12\"  >\n\t\t\t\t<div class=\"col-inner\"  >\n\t\t\t\n\t\t\t\n<p><span style=\"font-weight: 400\">A <\/span><b>Sensore di movimento, rilevatore di presenza o sensore di occupazione DentLed<\/b><span style=\"font-weight: 400\">  accende automaticamente l&#8217;illuminazione della sala trattamenti non appena si entra nella stanza. L&#8217;illuminazione rimane accesa per tutto il tempo in cui la stanza \u00e8 occupata, grazie a   <\/span><b>controllo dell&#8217;illuminazione basato sull&#8217;occupazione<\/b><span style=\"font-weight: 400\"> e rilevamento avanzato della presenza.<\/span><\/p>\n<p><span style=\"font-weight: 400\">Questo \u00e8 particolarmente importante negli studi dentistici. Durante i trattamenti, dentisti e assistenti fanno spesso solo piccoli movimenti per lunghi periodi di tempo. Tuttavia, l&#8217;illuminazione deve rimanere accesa in modo affidabile. Un buon rilevatore di presenza aiuta a evitare che la luce si spenga improvvisamente mentre stai lavorando alla poltrona.   <\/span><\/p>\n\t\t<\/div>\n\t\t\t\t\t<\/div>\n\n\t\n<\/div>\n\n\t<section class=\"section\" id=\"section_1360100676\">\n\t\t<div class=\"section-bg fill\" >\n\t\t\t\t\t\t\t\t\t\n\t\t\t\n\t<div class=\"is-border\"\n\t\tstyle=\"border-color:rgb(235, 235, 235);border-radius:8px;border-width:1px 1px 1px 1px;\">\n\t<\/div>\n\n\t\t<\/div>\n\n\t\t\n\n\t\t<div class=\"section-content relative\">\n\t\t\t\n<div class=\"row\"  id=\"row-1556713905\">\n\n\t<div id=\"col-1103782120\" class=\"col small-12 large-12\"  >\n\t\t\t\t<div class=\"col-inner\"  >\n\t\t\t\n\t\t\t\n<h2><b>Vantaggi di un sensore di movimento o di un rilevatore di presenza DentLed<\/b><\/h2>\n<hr>\n\t\t<\/div>\n\t\t\t\t\t<\/div>\n\n\t\n<\/div>\n<div class=\"row\"  id=\"row-507231619\">\n\n\t<div id=\"col-707550392\" class=\"col medium-6 small-12 large-6\"  >\n\t\t\t\t<div class=\"col-inner\"  >\n\t\t\t\n\t\t\t\n<p><b>Consumi energetici ridotti<\/b><b><br \/>\n<\/b><span style=\"font-weight: 400\">  L&#8217;illuminazione rimane accesa solo quando la stanza \u00e8 effettivamente in uso. In questo modo si evita un inutile consumo di energia nelle sale di trattamento, nelle sale di sterilizzazione, nei corridoi e in altre aree dello studio. <\/span><\/p>\n<p><b>Pi\u00f9 igienico, con un minor numero di interruttori da toccare<\/b><b><br \/>\n<\/b><span style=\"font-weight: 400\">  L&#8217;illuminazione viene attivata automaticamente. Il personale non deve toccare spesso gli interruttori della luce. Questo favorisce l&#8217;igiene in uno studio dentistico moderno.  <\/span><\/p>\n<p><b>Meno cose a cui pensare<\/b><b><br \/>\n<\/b><span style=\"font-weight: 400\">  Il team odontoiatrico non deve controllare se le luci sono accese o spente. La stanza viene illuminata automaticamente quando \u00e8 in uso. <\/span><\/p>\n\t\t<\/div>\n\t\t\t\t\t<\/div>\n\n\t\n\n\t<div id=\"col-1742335498\" class=\"col medium-6 small-12 large-6\"  >\n\t\t\t\t<div class=\"col-inner\"  >\n\t\t\t\n\t\t\t\n<p><b>L&#8217;illuminazione rimane accesa per tutto il tempo in cui la stanza \u00e8 occupata<\/b><b><br \/>\n<\/b><span style=\"font-weight: 400\">  Il rilevatore di presenza mantiene attiva l&#8217;illuminazione finch\u00e9 viene rilevata la presenza o il movimento. Questo aiuta a prevenire spegnimenti indesiderati durante i trattamenti. <\/span><\/p>\n<p><b>Adatto a diverse aree di pratica<\/b><b><br \/>\n<\/b><span style=\"font-weight: 400\">  I sensori di movimento e i rilevatori di presenza DentLed possono essere utilizzati nelle sale di trattamento, nelle sale di sterilizzazione, negli uffici, nei locali tecnici, nei corridoi, nei servizi igienici, nelle sale del personale e nelle aree di attesa.<\/span><\/p>\n\t\t<\/div>\n\t\t\t\t\t<\/div>\n\n\t\n<\/div>\n\t\t<\/div>\n\n\t\t\n<style>\n#section_1360100676 {\n  padding-top: 30px;\n  padding-bottom: 30px;\n  min-height: 300px;\n  background-color: rgb(245, 245, 245);\n}\n<\/style>\n\t<\/section>\n\t\n<div class=\"row\"  id=\"row-1010814857\">\n\n\t<div id=\"col-183053291\" class=\"col small-12 large-12\"  >\n\t\t\t\t<div class=\"col-inner\"  >\n\t\t\t\n\t\t\t\n<h2><b>Perch\u00e9 il rilevamento della presenza \u00e8 importante in uno studio dentistico<\/b><\/h2>\n<hr>\n<p><span style=\"font-weight: 400\">Un rilevatore di presenza \u00e8 diverso da un semplice rilevatore di movimento. Il rilevatore di movimento standard risponde principalmente ai movimenti pi\u00f9 grandi. In uno studio dentistico, questo non \u00e8 sempre sufficiente. Durante il trattamento, dentisti e assistenti lavorano spesso con movimenti piccoli e precisi.   <\/span><\/p>\n<p><span style=\"font-weight: 400\">Ecco perch\u00e9 \u00e8 fondamentale un rilevamento di presenza affidabile. L&#8217;illuminazione deve rimanere accesa per tutto il tempo in cui ti trovi nella stanza. Non deve spegnersi improvvisamente mentre stai lavorando alla poltrona, curando un paziente o utilizzando degli strumenti.  <\/span><\/p>\n<p><span style=\"font-weight: 400\">A <\/span><b>un sensore di movimento, un rilevatore di presenza o un sensore di occupazione per l&#8217;illuminazione degli studi dentistici<\/b><span style=\"font-weight: 400\"> \u00e8 quindi la soluzione ideale per ottenere maggiore comfort, igiene e risparmio energetico.<\/span><\/p>\n<h2><b>Controllo dell&#8217;illuminazione con sensore di occupazione<\/b><\/h2>\n<hr>\n<p><span style=\"font-weight: 400\">Un sensore di presenza consente di controllare automaticamente l&#8217;illuminazione in base all&#8217;occupazione. Ci\u00f2 significa che l&#8217;illuminazione risponde se la stanza \u00e8 effettivamente in uso. <\/span><\/p>\n<p><span style=\"font-weight: 400\">Quando si entra nella sala di trattamento, l&#8217;illuminazione si accende automaticamente. Finch\u00e9 viene rilevata l&#8217;occupazione o il movimento, l&#8217;illuminazione rimane accesa. Quando la stanza non \u00e8 pi\u00f9 occupata, l&#8217;illuminazione si spegne dopo il tempo di ritardo impostato.  <\/span><\/p>\n<p><span style=\"font-weight: 400\">Per gli studi dentistici, questo combina il risparmio energetico con un&#8217;illuminazione affidabile durante i trattamenti. La stanza non viene illuminata inutilmente quando \u00e8 vuota, ma l&#8217;illuminazione rimane accesa quando il dentista, l&#8217;assistente o il paziente sono presenti. <\/span><\/p>\n<h2><b>Ritardo di spegnimento reimpostato<\/b><\/h2>\n<hr>\n<p><span style=\"font-weight: 400\">Il sensore di movimento o rilevatore di presenza DentLed funziona con un ritardo di spegnimento regolabile. Ci\u00f2 significa che l&#8217;illuminazione rimane accesa per un periodo di tempo prestabilito dopo l&#8217;ultimo rilevamento. <\/span><\/p>\n<p><span style=\"font-weight: 400\">Quando viene rilevato un nuovo movimento o una nuova presenza, questo ritardo ricomincia. Questa operazione \u00e8 chiamata anche   <\/span><b>riattivare<\/b><span style=\"font-weight: 400\">. Di conseguenza, l&#8217;illuminazione rimane accesa finch\u00e9 la stanza \u00e8 in uso.<\/span><\/p>\n<p><span style=\"font-weight: 400\">Per le sale di trattamento, questo \u00e8 importante. L&#8217;illuminazione non deve spegnersi perch\u00e9 qualcuno si muove temporaneamente poco. Il rilevatore di presenza aiuta a mantenere l&#8217;illuminazione stabile e affidabile mentre la stanza \u00e8 occupata.  <\/span><\/p>\n\t\t<\/div>\n\t\t\t\t\t<\/div>\n\n\t\n<\/div>\n<div class=\"row align-middle\"  id=\"row-379590189\">\n\n\t<div id=\"col-1717477886\" class=\"col medium-6 small-12 large-6\"  >\n\t\t\t\t<div class=\"col-inner\"  >\n\t\t\t\n\t\t\t\n<h2><b>Disponibile in versione da incasso e da superficie<\/b><\/h2>\n<hr>\n<p><span style=\"font-weight: 400\">I sensori di movimento e i rilevatori di presenza DentLed sono disponibili in diverse versioni.<\/span><\/p>\n<p><span style=\"font-weight: 400\">Per i soffitti massicci, un <\/span><b>sensore di movimento montato in superficie<\/b><span style=\"font-weight: 400\"> o <\/span><b>rilevatore di presenza montato in superficie<\/b><span style=\"font-weight: 400\">  \u00e8 disponibile. Si monta direttamente sul soffitto. <\/span><\/p>\n<p><span style=\"font-weight: 400\">Per i controsoffitti, un <\/span><b>rivelatore di presenza da incasso<\/b><span style=\"font-weight: 400\">  \u00e8 disponibile. Il tutto \u00e8 integrato nel controsoffitto per una finitura pulita e professionale. <\/span><\/p>\n<p><span style=\"font-weight: 400\">Questo significa che esiste una soluzione adatta a quasi tutte le sale di trattamento o aree di studio.<\/span><\/p>\n\t\t<\/div>\n\t\t\t\t\t<\/div>\n\n\t\n\n\t<div id=\"col-1667128974\" class=\"col medium-6 small-12 large-6\"  >\n\t\t\t\t<div class=\"col-inner box-shadow-2\" style=\"background-color:rgb(237, 237, 233);\" >\n\t\t\t\n\t\t\t\n<h2><b>Applicazioni<\/b><\/h2>\n<hr>\n<p><span style=\"font-weight: 400\">I sensori di movimento, i rilevatori di presenza e i sensori di presenza DentLed sono adatti per:<\/span><\/p>\n<ul>\n<li><span style=\"font-weight: 400\">Sale per trattamenti<\/span><\/li>\n<li><span style=\"font-weight: 400\">Sale di sterilizzazione<\/span><\/li>\n<li><span style=\"font-weight: 400\">Corridoi di pratica<\/span><\/li>\n<li><span style=\"font-weight: 400\">Servizi igienici<\/span><\/li>\n<li><span style=\"font-weight: 400\">Uffici<\/span><\/li>\n<li><span style=\"font-weight: 400\">Sale tecniche<\/span><\/li>\n<li><span style=\"font-weight: 400\">Camere per il personale<\/span><\/li>\n<li><span style=\"font-weight: 400\">Aree di attesa<\/span><\/li>\n<li><span style=\"font-weight: 400\">Locali di stoccaggio<\/span><\/li>\n<\/ul>\n\t\t<\/div>\n\t\t\t\t\n<style>\n#col-1667128974 > .col-inner {\n  padding: 20px 20px 20px 20px;\n  border-radius: 8px;\n}\n<\/style>\n\t<\/div>\n\n\t\n<\/div>\n","protected":false},"excerpt":{"rendered":"<p><span style=\"font-weight: 400\">Con un sensore di movimento, un rilevatore di presenza o un sensore di occupazione DentLed, l&#8217;illuminazione della sala di trattamento si accende automaticamente quando si entra nella stanza. Grazie al controllo dell&#8217;illuminazione basato sull&#8217;occupazione e al rilevamento avanzato della presenza, l&#8217;illuminazione rimane accesa finch\u00e9 la stanza \u00e8 occupata. <\/span><\/p>\n<p><span style=\"font-weight: 400\">Il sensore di movimento DentLed <\/span><b>Sensore di movimento, rilevatore di presenza e sensore di occupazione DentLed<\/b><span style=\"font-weight: 400\">  accende automaticamente l&#8217;illuminazione del tuo studio dentistico quando si entra in una stanza. Grazie al rilevamento avanzato della presenza, al controllo dell&#8217;illuminazione in base all&#8217;occupazione e a un ritardo di spegnimento riattivabile, l&#8217;illuminazione rimane accesa finch\u00e9 la stanza \u00e8 occupata. <\/span><\/p>\n<p><span style=\"font-weight: 400\">I sensori sono disponibili in versioni a montaggio superficiale per soffitti pieni e in versioni a incasso per soffitti sospesi.<\/span><\/p>\n","protected":false},"featured_media":7357,"template":"","meta":{"inline_featured_image":false},"product_brand":[],"product_cat":[219],"product_tag":[],"class_list":{"0":"post-7358","1":"product","2":"type-product","3":"status-publish","4":"has-post-thumbnail","6":"product_cat-sensore-rilevatore","8":"first","9":"instock","10":"taxable","11":"shipping-taxable","12":"product-type-simple"},"yoast_head":"<!-- This site is optimized with the Yoast SEO plugin v26.9 - https:\/\/yoast.com\/product\/yoast-seo-wordpress\/ -->\n<title>Sensore di movimento, rilevatore di presenza e sensore di occupazione DentLed per studi dentistici<\/title>\n<meta name=\"description\" content=\"Sensore di movimento, rilevatore di presenza e sensore di occupazione DentLed per studi dentistici. Controllo automatico dell&#039;illuminazione in base all&#039;occupazione, mantenendo l&#039;illuminazione accesa finch\u00e9 la sala di trattamento \u00e8 in uso.\" \/>\n<meta name=\"robots\" content=\"index, follow, max-snippet:-1, max-image-preview:large, max-video-preview:-1\" \/>\n<link rel=\"canonical\" href=\"https:\/\/www.dentled.com\/it\/prodotto\/sensore-di-movimento-rilevatore-di-presenza-e-sensore-di-occupazione-dentled-per-studi-dentistici\/\" \/>\n<meta property=\"og:locale\" content=\"it_IT\" \/>\n<meta property=\"og:type\" content=\"article\" \/>\n<meta property=\"og:title\" content=\"Sensore di movimento, rilevatore di presenza e sensore di occupazione DentLed per studi dentistici\" \/>\n<meta property=\"og:description\" content=\"Sensore di movimento, rilevatore di presenza e sensore di occupazione DentLed per studi dentistici. Controllo automatico dell&#039;illuminazione in base all&#039;occupazione, mantenendo l&#039;illuminazione accesa finch\u00e9 la sala di trattamento \u00e8 in uso.\" \/>\n<meta property=\"og:url\" content=\"https:\/\/www.dentled.com\/it\/prodotto\/sensore-di-movimento-rilevatore-di-presenza-e-sensore-di-occupazione-dentled-per-studi-dentistici\/\" \/>\n<meta property=\"og:site_name\" content=\"Dentled com\" \/>\n<meta property=\"article:modified_time\" content=\"2026-05-08T05:06:42+00:00\" \/>\n<meta property=\"og:image\" content=\"https:\/\/www.dentled.com\/wp-content\/uploads\/2026\/05\/occupancy-sensor-presence-detector.jpg\" \/>\n\t<meta property=\"og:image:width\" content=\"600\" \/>\n\t<meta property=\"og:image:height\" content=\"600\" \/>\n\t<meta property=\"og:image:type\" content=\"image\/jpeg\" \/>\n<meta name=\"twitter:card\" content=\"summary_large_image\" \/>\n<meta name=\"twitter:label1\" content=\"Tempo di lettura stimato\" \/>\n\t<meta name=\"twitter:data1\" content=\"4 minuti\" \/>\n<script type=\"application\/ld+json\" class=\"yoast-schema-graph\">{\"@context\":\"https:\/\/schema.org\",\"@graph\":[{\"@type\":\"WebPage\",\"@id\":\"https:\/\/www.dentled.com\/it\/prodotto\/sensore-di-movimento-rilevatore-di-presenza-e-sensore-di-occupazione-dentled-per-studi-dentistici\/\",\"url\":\"https:\/\/www.dentled.com\/it\/prodotto\/sensore-di-movimento-rilevatore-di-presenza-e-sensore-di-occupazione-dentled-per-studi-dentistici\/\",\"name\":\"Sensore di movimento, rilevatore di presenza e sensore di occupazione DentLed per studi dentistici\",\"isPartOf\":{\"@id\":\"https:\/\/www.dentled.com\/it\/#website\"},\"primaryImageOfPage\":{\"@id\":\"https:\/\/www.dentled.com\/it\/prodotto\/sensore-di-movimento-rilevatore-di-presenza-e-sensore-di-occupazione-dentled-per-studi-dentistici\/#primaryimage\"},\"image\":{\"@id\":\"https:\/\/www.dentled.com\/it\/prodotto\/sensore-di-movimento-rilevatore-di-presenza-e-sensore-di-occupazione-dentled-per-studi-dentistici\/#primaryimage\"},\"thumbnailUrl\":\"https:\/\/www.dentled.com\/wp-content\/uploads\/2026\/05\/occupancy-sensor-presence-detector.jpg\",\"datePublished\":\"2026-05-08T04:47:24+00:00\",\"dateModified\":\"2026-05-08T05:06:42+00:00\",\"description\":\"Sensore di movimento, rilevatore di presenza e sensore di occupazione DentLed per studi dentistici. Controllo automatico dell'illuminazione in base all'occupazione, mantenendo l'illuminazione accesa finch\u00e9 la sala di trattamento \u00e8 in uso.\",\"breadcrumb\":{\"@id\":\"https:\/\/www.dentled.com\/it\/prodotto\/sensore-di-movimento-rilevatore-di-presenza-e-sensore-di-occupazione-dentled-per-studi-dentistici\/#breadcrumb\"},\"inLanguage\":\"it-IT\",\"potentialAction\":[{\"@type\":\"ReadAction\",\"target\":[\"https:\/\/www.dentled.com\/it\/prodotto\/sensore-di-movimento-rilevatore-di-presenza-e-sensore-di-occupazione-dentled-per-studi-dentistici\/\"]}]},{\"@type\":\"ImageObject\",\"inLanguage\":\"it-IT\",\"@id\":\"https:\/\/www.dentled.com\/it\/prodotto\/sensore-di-movimento-rilevatore-di-presenza-e-sensore-di-occupazione-dentled-per-studi-dentistici\/#primaryimage\",\"url\":\"https:\/\/www.dentled.com\/wp-content\/uploads\/2026\/05\/occupancy-sensor-presence-detector.jpg\",\"contentUrl\":\"https:\/\/www.dentled.com\/wp-content\/uploads\/2026\/05\/occupancy-sensor-presence-detector.jpg\",\"width\":600,\"height\":600,\"caption\":\"occupancy-sensor-presence-detector\"},{\"@type\":\"BreadcrumbList\",\"@id\":\"https:\/\/www.dentled.com\/it\/prodotto\/sensore-di-movimento-rilevatore-di-presenza-e-sensore-di-occupazione-dentled-per-studi-dentistici\/#breadcrumb\",\"itemListElement\":[{\"@type\":\"ListItem\",\"position\":1,\"name\":\"Home\",\"item\":\"https:\/\/www.dentled.com\/it\/\"},{\"@type\":\"ListItem\",\"position\":2,\"name\":\"Prodotto\",\"item\":\"https:\/\/www.dentled.com\/it\/prodotto\/\"},{\"@type\":\"ListItem\",\"position\":3,\"name\":\"Sensore di movimento e presenza DentLed\"}]},{\"@type\":\"WebSite\",\"@id\":\"https:\/\/www.dentled.com\/it\/#website\",\"url\":\"https:\/\/www.dentled.com\/it\/\",\"name\":\"Dentled com\",\"description\":\"Lighting for dental care\",\"potentialAction\":[{\"@type\":\"SearchAction\",\"target\":{\"@type\":\"EntryPoint\",\"urlTemplate\":\"https:\/\/www.dentled.com\/it\/?s={search_term_string}\"},\"query-input\":{\"@type\":\"PropertyValueSpecification\",\"valueRequired\":true,\"valueName\":\"search_term_string\"}}],\"inLanguage\":\"it-IT\"}]}<\/script>\n<!-- \/ Yoast SEO plugin. -->","yoast_head_json":{"title":"Sensore di movimento, rilevatore di presenza e sensore di occupazione DentLed per studi dentistici","description":"Sensore di movimento, rilevatore di presenza e sensore di occupazione DentLed per studi dentistici. Controllo automatico dell'illuminazione in base all'occupazione, mantenendo l'illuminazione accesa finch\u00e9 la sala di trattamento \u00e8 in uso.","robots":{"index":"index","follow":"follow","max-snippet":"max-snippet:-1","max-image-preview":"max-image-preview:large","max-video-preview":"max-video-preview:-1"},"canonical":"https:\/\/www.dentled.com\/it\/prodotto\/sensore-di-movimento-rilevatore-di-presenza-e-sensore-di-occupazione-dentled-per-studi-dentistici\/","og_locale":"it_IT","og_type":"article","og_title":"Sensore di movimento, rilevatore di presenza e sensore di occupazione DentLed per studi dentistici","og_description":"Sensore di movimento, rilevatore di presenza e sensore di occupazione DentLed per studi dentistici. Controllo automatico dell'illuminazione in base all'occupazione, mantenendo l'illuminazione accesa finch\u00e9 la sala di trattamento \u00e8 in uso.","og_url":"https:\/\/www.dentled.com\/it\/prodotto\/sensore-di-movimento-rilevatore-di-presenza-e-sensore-di-occupazione-dentled-per-studi-dentistici\/","og_site_name":"Dentled com","article_modified_time":"2026-05-08T05:06:42+00:00","og_image":[{"width":600,"height":600,"url":"https:\/\/www.dentled.com\/wp-content\/uploads\/2026\/05\/occupancy-sensor-presence-detector.jpg","type":"image\/jpeg"}],"twitter_card":"summary_large_image","twitter_misc":{"Tempo di lettura stimato":"4 minuti"},"schema":{"@context":"https:\/\/schema.org","@graph":[{"@type":"WebPage","@id":"https:\/\/www.dentled.com\/it\/prodotto\/sensore-di-movimento-rilevatore-di-presenza-e-sensore-di-occupazione-dentled-per-studi-dentistici\/","url":"https:\/\/www.dentled.com\/it\/prodotto\/sensore-di-movimento-rilevatore-di-presenza-e-sensore-di-occupazione-dentled-per-studi-dentistici\/","name":"Sensore di movimento, rilevatore di presenza e sensore di occupazione DentLed per studi dentistici","isPartOf":{"@id":"https:\/\/www.dentled.com\/it\/#website"},"primaryImageOfPage":{"@id":"https:\/\/www.dentled.com\/it\/prodotto\/sensore-di-movimento-rilevatore-di-presenza-e-sensore-di-occupazione-dentled-per-studi-dentistici\/#primaryimage"},"image":{"@id":"https:\/\/www.dentled.com\/it\/prodotto\/sensore-di-movimento-rilevatore-di-presenza-e-sensore-di-occupazione-dentled-per-studi-dentistici\/#primaryimage"},"thumbnailUrl":"https:\/\/www.dentled.com\/wp-content\/uploads\/2026\/05\/occupancy-sensor-presence-detector.jpg","datePublished":"2026-05-08T04:47:24+00:00","dateModified":"2026-05-08T05:06:42+00:00","description":"Sensore di movimento, rilevatore di presenza e sensore di occupazione DentLed per studi dentistici. Controllo automatico dell'illuminazione in base all'occupazione, mantenendo l'illuminazione accesa finch\u00e9 la sala di trattamento \u00e8 in uso.","breadcrumb":{"@id":"https:\/\/www.dentled.com\/it\/prodotto\/sensore-di-movimento-rilevatore-di-presenza-e-sensore-di-occupazione-dentled-per-studi-dentistici\/#breadcrumb"},"inLanguage":"it-IT","potentialAction":[{"@type":"ReadAction","target":["https:\/\/www.dentled.com\/it\/prodotto\/sensore-di-movimento-rilevatore-di-presenza-e-sensore-di-occupazione-dentled-per-studi-dentistici\/"]}]},{"@type":"ImageObject","inLanguage":"it-IT","@id":"https:\/\/www.dentled.com\/it\/prodotto\/sensore-di-movimento-rilevatore-di-presenza-e-sensore-di-occupazione-dentled-per-studi-dentistici\/#primaryimage","url":"https:\/\/www.dentled.com\/wp-content\/uploads\/2026\/05\/occupancy-sensor-presence-detector.jpg","contentUrl":"https:\/\/www.dentled.com\/wp-content\/uploads\/2026\/05\/occupancy-sensor-presence-detector.jpg","width":600,"height":600,"caption":"occupancy-sensor-presence-detector"},{"@type":"BreadcrumbList","@id":"https:\/\/www.dentled.com\/it\/prodotto\/sensore-di-movimento-rilevatore-di-presenza-e-sensore-di-occupazione-dentled-per-studi-dentistici\/#breadcrumb","itemListElement":[{"@type":"ListItem","position":1,"name":"Home","item":"https:\/\/www.dentled.com\/it\/"},{"@type":"ListItem","position":2,"name":"Prodotto","item":"https:\/\/www.dentled.com\/it\/prodotto\/"},{"@type":"ListItem","position":3,"name":"Sensore di movimento e presenza DentLed"}]},{"@type":"WebSite","@id":"https:\/\/www.dentled.com\/it\/#website","url":"https:\/\/www.dentled.com\/it\/","name":"Dentled com","description":"Lighting for dental care","potentialAction":[{"@type":"SearchAction","target":{"@type":"EntryPoint","urlTemplate":"https:\/\/www.dentled.com\/it\/?s={search_term_string}"},"query-input":{"@type":"PropertyValueSpecification","valueRequired":true,"valueName":"search_term_string"}}],"inLanguage":"it-IT"}]}},"_links":{"self":[{"href":"https:\/\/www.dentled.com\/it\/wp-json\/wp\/v2\/product\/7358","targetHints":{"allow":["GET"]}}],"collection":[{"href":"https:\/\/www.dentled.com\/it\/wp-json\/wp\/v2\/product"}],"about":[{"href":"https:\/\/www.dentled.com\/it\/wp-json\/wp\/v2\/types\/product"}],"wp:featuredmedia":[{"embeddable":true,"href":"https:\/\/www.dentled.com\/it\/wp-json\/wp\/v2\/media\/7357"}],"wp:attachment":[{"href":"https:\/\/www.dentled.com\/it\/wp-json\/wp\/v2\/media?parent=7358"}],"wp:term":[{"taxonomy":"product_brand","embeddable":true,"href":"https:\/\/www.dentled.com\/it\/wp-json\/wp\/v2\/product_brand?post=7358"},{"taxonomy":"product_cat","embeddable":true,"href":"https:\/\/www.dentled.com\/it\/wp-json\/wp\/v2\/product_cat?post=7358"},{"taxonomy":"product_tag","embeddable":true,"href":"https:\/\/www.dentled.com\/it\/wp-json\/wp\/v2\/product_tag?post=7358"}],"curies":[{"name":"wp","href":"https:\/\/api.w.org\/{rel}","templated":true}]}}