{"id":5688,"date":"2023-05-10T14:25:06","date_gmt":"2023-05-10T14:25:06","guid":{"rendered":"https:\/\/www.dentled.com\/luce-perfetta\/facciamo-luce-sui-vantaggi-dellaggiornamento-allilluminazione-a-led-nella-tua-clinica-odontoiatrica\/"},"modified":"2025-10-22T05:05:36","modified_gmt":"2025-10-22T05:05:36","slug":"facciamo-luce-sui-vantaggi-dellaggiornamento-allilluminazione-a-led-nella-tua-clinica-odontoiatrica","status":"publish","type":"page","link":"https:\/\/www.dentled.com\/it\/luce-perfetta\/facciamo-luce-sui-vantaggi-dellaggiornamento-allilluminazione-a-led-nella-tua-clinica-odontoiatrica\/","title":{"rendered":"I vantaggi dell&#8217;aggiornamento dell&#8217;illuminazione a LED nello studio dentistico"},"content":{"rendered":"\n\t<section class=\"section\" id=\"section_1065379811\">\n\t\t<div class=\"section-bg fill\" >\n\t\t\t\t\t\t\t\t\t<div class=\"section-bg-overlay absolute fill\"><\/div>\n\t\t\t\n\n\t\t<\/div>\n\n\t\t\n\n\t\t<div class=\"section-content relative\">\n\t\t\t\n<div class=\"row\"  id=\"row-430653807\">\n\n\t<div id=\"col-694558324\" class=\"col small-12 large-12\"  >\n\t\t\t\t<div class=\"col-inner\"  >\n\t\t\t\n\t\t\t\n<h1 class=\"entry-title\" style=\"text-align: center\">I vantaggi dell&#8217;aggiornamento dell&#8217;illuminazione a LED nello studio dentistico<\/h1>\n<div class=\"text-center\"><div class=\"is-divider divider clearfix\" style=\"max-width:60%;background-color:rgb(255, 102, 0);\"><\/div><\/div>\n\t<div class=\"img has-hover x md-x lg-x y md-y lg-y\" id=\"image_1307413495\">\n\t\t\t\t\t\t\t\t<div class=\"img-inner image-cover dark\" style=\"padding-top:100%;\">\n\t\t\t<img loading=\"lazy\" decoding=\"async\" width=\"800\" height=\"800\" src=\"https:\/\/www.dentled.com\/wp-content\/uploads\/2022\/06\/Dentled-PHL14-Duo-dental-treatment-room-clinic-lighting-800x800.jpg\" class=\"attachment-large size-large\" alt=\"\" srcset=\"https:\/\/www.dentled.com\/wp-content\/uploads\/2022\/06\/Dentled-PHL14-Duo-dental-treatment-room-clinic-lighting-800x800.jpg 800w, https:\/\/www.dentled.com\/wp-content\/uploads\/2022\/06\/Dentled-PHL14-Duo-dental-treatment-room-clinic-lighting-400x400.jpg 400w, https:\/\/www.dentled.com\/wp-content\/uploads\/2022\/06\/Dentled-PHL14-Duo-dental-treatment-room-clinic-lighting-280x280.jpg 280w, https:\/\/www.dentled.com\/wp-content\/uploads\/2022\/06\/Dentled-PHL14-Duo-dental-treatment-room-clinic-lighting-768x768.jpg 768w, https:\/\/www.dentled.com\/wp-content\/uploads\/2022\/06\/Dentled-PHL14-Duo-dental-treatment-room-clinic-lighting-247x247.jpg 247w, https:\/\/www.dentled.com\/wp-content\/uploads\/2022\/06\/Dentled-PHL14-Duo-dental-treatment-room-clinic-lighting-512x512.jpg 512w, https:\/\/www.dentled.com\/wp-content\/uploads\/2022\/06\/Dentled-PHL14-Duo-dental-treatment-room-clinic-lighting-100x100.jpg 100w, https:\/\/www.dentled.com\/wp-content\/uploads\/2022\/06\/Dentled-PHL14-Duo-dental-treatment-room-clinic-lighting.jpg 1080w\" sizes=\"auto, (max-width: 800px) 100vw, 800px\" \/>\t\t\t\t\t\t\n\t\t\t\t\t<\/div>\n\t\t\t\t\t\t\t\t\n<style>\n#image_1307413495 {\n  width: 100%;\n}\n<\/style>\n\t<\/div>\n\t\n\t\t<\/div>\n\t\t\t\t\t<\/div>\n\n\t\n\n<style>\n#row-430653807 > .col > .col-inner {\n  padding: 30px 0px 0px 0px;\n}\n<\/style>\n<\/div>\n<div class=\"row\"  id=\"row-25134077\">\n\n\t<div id=\"col-941906614\" class=\"col small-12 large-12\"  >\n\t\t\t\t<div class=\"col-inner\"  >\n\t\t\t\n\t\t\t\n<p>Se possiedi o gestisci uno studio dentistico, sai bene che un&#8217;illuminazione adeguata \u00e8 essenziale per fornire cure di qualit\u00e0 ai tuoi pazienti. Ma hai mai pensato di passare all&#8217;illuminazione a LED? Se non lo hai fatto, potrebbe essere il momento di considerarne i vantaggi.  <\/p>\n<h2><strong>Ecco alcuni motivi per cui passare all&#8217;illuminazione a LED pu\u00f2 essere vantaggioso per il tuo studio dentistico:<\/strong><\/h2>\n<hr>\n<ol>\n<li><strong>Visibilit\u00e0 migliorata<\/strong> Le luci a LED offrono una luce pi\u00f9 luminosa e naturale rispetto alle opzioni di illuminazione tradizionali. Questo pu\u00f2 contribuire a migliorare la visibilit\u00e0 durante le procedure, rendendo pi\u00f9 facile vedere quello che stai facendo e assicurandoti di fornire le migliori cure possibili ai tuoi pazienti. <\/li>\n<li><strong>Efficienza energetica<\/strong> Le luci a LED utilizzano una quantit\u00e0 di energia significativamente inferiore rispetto alle opzioni di illuminazione tradizionali, il che pu\u00f2 portare a bollette energetiche pi\u00f9 basse e a una minore impronta di carbonio per la tua clinica. Inoltre, le luci LED hanno una durata maggiore rispetto alle lampadine tradizionali, il che significa che dovrai spendere meno tempo e denaro per sostituirle. <\/li>\n<li><strong>Riduzione del calore<\/strong> Le luci tradizionali possono generare una notevole quantit\u00e0 di calore, che pu\u00f2 risultare fastidiosa sia per te che per i tuoi pazienti. Le luci a LED, invece, producono pochissimo calore e possono contribuire a mantenere la tua clinica fresca e confortevole. <\/li>\n<li><strong>Migliore resa cromatica<\/strong> Le luci <strong>LED<\/strong> hanno un elevato indice di resa cromatica (CRI), il che significa che sono in grado di riprodurre accuratamente i colori. Questo pu\u00f2 essere particolarmente importante quando si selezionano le tonalit\u00e0 per i restauri, in quanto si vuole garantire che il colore corrisponda il pi\u00f9 possibile ai denti naturali del paziente. <\/li>\n<li><strong>Miglioramento dell&#8217;esperienza del paziente<\/strong> L&#8217;aggiornamento dell&#8217;illuminazione a LED pu\u00f2 contribuire a creare un ambiente pi\u00f9 confortevole e accogliente per i tuoi pazienti. Le luci a LED offrono una luce pi\u00f9 luminosa e naturale, che pu\u00f2 contribuire a ridurre l&#8217;ansia e a far sentire i pazienti pi\u00f9 a loro agio. <\/li>\n<\/ol>\n<p>In conclusione, <strong>passare all&#8217;illuminazione a LED<\/strong> nel tuo studio dentistico pu\u00f2 offrire numerosi vantaggi, da una maggiore visibilit\u00e0 a una migliore esperienza del paziente. Quindi, perch\u00e9 non prendere in considerazione l&#8217;idea di cambiare oggi stesso? I tuoi pazienti (e la tua bolletta energetica) ti ringrazieranno.    <span style=\"color: #ff6600\"><strong><a style=\"color: #ff6600\" href=\"https:\/\/www.dentled.com\/it\/contatto\/\" target=\"_blank\" rel=\"noopener\">Contattaci per avere maggiori informazioni!<\/a><\/strong><\/span><\/p>\n\t\t<\/div>\n\t\t\t\t\t<\/div>\n\n\t\n<\/div>\n\t\t<\/div>\n\n\t\t\n<style>\n#section_1065379811 {\n  padding-top: 0px;\n  padding-bottom: 0px;\n  background-color: rgb(247, 247, 247);\n}\n#section_1065379811 .section-bg-overlay {\n  background-color: rgba(255, 255, 255, 0.85);\n}\n<\/style>\n\t<\/section>\n\t\n","protected":false},"excerpt":{"rendered":"","protected":false},"author":6,"featured_media":2344,"parent":4913,"menu_order":0,"comment_status":"closed","ping_status":"closed","template":"","meta":{"inline_featured_image":false,"footnotes":""},"class_list":["post-5688","page","type-page","status-publish","has-post-thumbnail","hentry"],"yoast_head":"<!-- This site is optimized with the Yoast SEO plugin v26.9 - https:\/\/yoast.com\/product\/yoast-seo-wordpress\/ -->\n<title>I vantaggi di passare all&#039;illuminazione a LED nel tuo studio dentistico<\/title>\n<meta name=\"description\" content=\"Aggiorna il tuo studio dentistico con l&#039;illuminazione a LED per migliorare la visibilit\u00e0, l&#039;efficienza energetica, la riduzione del calore, la resa cromatica e l&#039;esperienza del paziente.\" \/>\n<meta name=\"robots\" content=\"index, follow, max-snippet:-1, max-image-preview:large, max-video-preview:-1\" \/>\n<link rel=\"canonical\" href=\"https:\/\/www.dentled.com\/it\/luce-perfetta\/facciamo-luce-sui-vantaggi-dellaggiornamento-allilluminazione-a-led-nella-tua-clinica-odontoiatrica\/\" \/>\n<meta property=\"og:locale\" content=\"it_IT\" \/>\n<meta property=\"og:type\" content=\"article\" \/>\n<meta property=\"og:title\" content=\"I vantaggi di passare all&#039;illuminazione a LED nel tuo studio dentistico\" \/>\n<meta property=\"og:description\" content=\"Aggiorna il tuo studio dentistico con l&#039;illuminazione a LED per migliorare la visibilit\u00e0, l&#039;efficienza energetica, la riduzione del calore, la resa cromatica e l&#039;esperienza del paziente.\" \/>\n<meta property=\"og:url\" content=\"https:\/\/www.dentled.com\/it\/luce-perfetta\/facciamo-luce-sui-vantaggi-dellaggiornamento-allilluminazione-a-led-nella-tua-clinica-odontoiatrica\/\" \/>\n<meta property=\"og:site_name\" content=\"Dentled com\" \/>\n<meta property=\"article:modified_time\" content=\"2025-10-22T05:05:36+00:00\" \/>\n<meta property=\"og:image\" content=\"https:\/\/www.dentled.com\/wp-content\/uploads\/2022\/06\/Dentled-PHL14-Duo-dental-treatment-room-clinic-lighting.jpg\" \/>\n\t<meta property=\"og:image:width\" content=\"1080\" \/>\n\t<meta property=\"og:image:height\" content=\"1080\" \/>\n\t<meta property=\"og:image:type\" content=\"image\/jpeg\" \/>\n<meta name=\"twitter:card\" content=\"summary_large_image\" \/>\n<meta name=\"twitter:label1\" content=\"Tempo di lettura stimato\" \/>\n\t<meta name=\"twitter:data1\" content=\"2 minuti\" \/>\n<script type=\"application\/ld+json\" class=\"yoast-schema-graph\">{\"@context\":\"https:\/\/schema.org\",\"@graph\":[{\"@type\":\"WebPage\",\"@id\":\"https:\/\/www.dentled.com\/it\/luce-perfetta\/facciamo-luce-sui-vantaggi-dellaggiornamento-allilluminazione-a-led-nella-tua-clinica-odontoiatrica\/\",\"url\":\"https:\/\/www.dentled.com\/it\/luce-perfetta\/facciamo-luce-sui-vantaggi-dellaggiornamento-allilluminazione-a-led-nella-tua-clinica-odontoiatrica\/\",\"name\":\"I vantaggi di passare all'illuminazione a LED nel tuo studio dentistico\",\"isPartOf\":{\"@id\":\"https:\/\/www.dentled.com\/it\/#website\"},\"primaryImageOfPage\":{\"@id\":\"https:\/\/www.dentled.com\/it\/luce-perfetta\/facciamo-luce-sui-vantaggi-dellaggiornamento-allilluminazione-a-led-nella-tua-clinica-odontoiatrica\/#primaryimage\"},\"image\":{\"@id\":\"https:\/\/www.dentled.com\/it\/luce-perfetta\/facciamo-luce-sui-vantaggi-dellaggiornamento-allilluminazione-a-led-nella-tua-clinica-odontoiatrica\/#primaryimage\"},\"thumbnailUrl\":\"https:\/\/www.dentled.com\/wp-content\/uploads\/2022\/06\/Dentled-PHL14-Duo-dental-treatment-room-clinic-lighting.jpg\",\"datePublished\":\"2023-05-10T14:25:06+00:00\",\"dateModified\":\"2025-10-22T05:05:36+00:00\",\"description\":\"Aggiorna il tuo studio dentistico con l'illuminazione a LED per migliorare la visibilit\u00e0, l'efficienza energetica, la riduzione del calore, la resa cromatica e l'esperienza del paziente.\",\"breadcrumb\":{\"@id\":\"https:\/\/www.dentled.com\/it\/luce-perfetta\/facciamo-luce-sui-vantaggi-dellaggiornamento-allilluminazione-a-led-nella-tua-clinica-odontoiatrica\/#breadcrumb\"},\"inLanguage\":\"it-IT\",\"potentialAction\":[{\"@type\":\"ReadAction\",\"target\":[\"https:\/\/www.dentled.com\/it\/luce-perfetta\/facciamo-luce-sui-vantaggi-dellaggiornamento-allilluminazione-a-led-nella-tua-clinica-odontoiatrica\/\"]}]},{\"@type\":\"ImageObject\",\"inLanguage\":\"it-IT\",\"@id\":\"https:\/\/www.dentled.com\/it\/luce-perfetta\/facciamo-luce-sui-vantaggi-dellaggiornamento-allilluminazione-a-led-nella-tua-clinica-odontoiatrica\/#primaryimage\",\"url\":\"https:\/\/www.dentled.com\/wp-content\/uploads\/2022\/06\/Dentled-PHL14-Duo-dental-treatment-room-clinic-lighting.jpg\",\"contentUrl\":\"https:\/\/www.dentled.com\/wp-content\/uploads\/2022\/06\/Dentled-PHL14-Duo-dental-treatment-room-clinic-lighting.jpg\",\"width\":1080,\"height\":1080,\"caption\":\"save energy, full spectrum daylight, better work, CRI97\"},{\"@type\":\"BreadcrumbList\",\"@id\":\"https:\/\/www.dentled.com\/it\/luce-perfetta\/facciamo-luce-sui-vantaggi-dellaggiornamento-allilluminazione-a-led-nella-tua-clinica-odontoiatrica\/#breadcrumb\",\"itemListElement\":[{\"@type\":\"ListItem\",\"position\":1,\"name\":\"Home\",\"item\":\"https:\/\/www.dentled.com\/it\/\"},{\"@type\":\"ListItem\",\"position\":2,\"name\":\"Luce perfetta\",\"item\":\"https:\/\/www.dentled.com\/it\/luce-perfetta\/\"},{\"@type\":\"ListItem\",\"position\":3,\"name\":\"I vantaggi dell&#8217;aggiornamento dell&#8217;illuminazione a LED nello studio dentistico\"}]},{\"@type\":\"WebSite\",\"@id\":\"https:\/\/www.dentled.com\/it\/#website\",\"url\":\"https:\/\/www.dentled.com\/it\/\",\"name\":\"Dentled com\",\"description\":\"Lighting for dental care\",\"potentialAction\":[{\"@type\":\"SearchAction\",\"target\":{\"@type\":\"EntryPoint\",\"urlTemplate\":\"https:\/\/www.dentled.com\/it\/?s={search_term_string}\"},\"query-input\":{\"@type\":\"PropertyValueSpecification\",\"valueRequired\":true,\"valueName\":\"search_term_string\"}}],\"inLanguage\":\"it-IT\"}]}<\/script>\n<!-- \/ Yoast SEO plugin. -->","yoast_head_json":{"title":"I vantaggi di passare all'illuminazione a LED nel tuo studio dentistico","description":"Aggiorna il tuo studio dentistico con l'illuminazione a LED per migliorare la visibilit\u00e0, l'efficienza energetica, la riduzione del calore, la resa cromatica e l'esperienza del paziente.","robots":{"index":"index","follow":"follow","max-snippet":"max-snippet:-1","max-image-preview":"max-image-preview:large","max-video-preview":"max-video-preview:-1"},"canonical":"https:\/\/www.dentled.com\/it\/luce-perfetta\/facciamo-luce-sui-vantaggi-dellaggiornamento-allilluminazione-a-led-nella-tua-clinica-odontoiatrica\/","og_locale":"it_IT","og_type":"article","og_title":"I vantaggi di passare all'illuminazione a LED nel tuo studio dentistico","og_description":"Aggiorna il tuo studio dentistico con l'illuminazione a LED per migliorare la visibilit\u00e0, l'efficienza energetica, la riduzione del calore, la resa cromatica e l'esperienza del paziente.","og_url":"https:\/\/www.dentled.com\/it\/luce-perfetta\/facciamo-luce-sui-vantaggi-dellaggiornamento-allilluminazione-a-led-nella-tua-clinica-odontoiatrica\/","og_site_name":"Dentled com","article_modified_time":"2025-10-22T05:05:36+00:00","og_image":[{"width":1080,"height":1080,"url":"https:\/\/www.dentled.com\/wp-content\/uploads\/2022\/06\/Dentled-PHL14-Duo-dental-treatment-room-clinic-lighting.jpg","type":"image\/jpeg"}],"twitter_card":"summary_large_image","twitter_misc":{"Tempo di lettura stimato":"2 minuti"},"schema":{"@context":"https:\/\/schema.org","@graph":[{"@type":"WebPage","@id":"https:\/\/www.dentled.com\/it\/luce-perfetta\/facciamo-luce-sui-vantaggi-dellaggiornamento-allilluminazione-a-led-nella-tua-clinica-odontoiatrica\/","url":"https:\/\/www.dentled.com\/it\/luce-perfetta\/facciamo-luce-sui-vantaggi-dellaggiornamento-allilluminazione-a-led-nella-tua-clinica-odontoiatrica\/","name":"I vantaggi di passare all'illuminazione a LED nel tuo studio dentistico","isPartOf":{"@id":"https:\/\/www.dentled.com\/it\/#website"},"primaryImageOfPage":{"@id":"https:\/\/www.dentled.com\/it\/luce-perfetta\/facciamo-luce-sui-vantaggi-dellaggiornamento-allilluminazione-a-led-nella-tua-clinica-odontoiatrica\/#primaryimage"},"image":{"@id":"https:\/\/www.dentled.com\/it\/luce-perfetta\/facciamo-luce-sui-vantaggi-dellaggiornamento-allilluminazione-a-led-nella-tua-clinica-odontoiatrica\/#primaryimage"},"thumbnailUrl":"https:\/\/www.dentled.com\/wp-content\/uploads\/2022\/06\/Dentled-PHL14-Duo-dental-treatment-room-clinic-lighting.jpg","datePublished":"2023-05-10T14:25:06+00:00","dateModified":"2025-10-22T05:05:36+00:00","description":"Aggiorna il tuo studio dentistico con l'illuminazione a LED per migliorare la visibilit\u00e0, l'efficienza energetica, la riduzione del calore, la resa cromatica e l'esperienza del paziente.","breadcrumb":{"@id":"https:\/\/www.dentled.com\/it\/luce-perfetta\/facciamo-luce-sui-vantaggi-dellaggiornamento-allilluminazione-a-led-nella-tua-clinica-odontoiatrica\/#breadcrumb"},"inLanguage":"it-IT","potentialAction":[{"@type":"ReadAction","target":["https:\/\/www.dentled.com\/it\/luce-perfetta\/facciamo-luce-sui-vantaggi-dellaggiornamento-allilluminazione-a-led-nella-tua-clinica-odontoiatrica\/"]}]},{"@type":"ImageObject","inLanguage":"it-IT","@id":"https:\/\/www.dentled.com\/it\/luce-perfetta\/facciamo-luce-sui-vantaggi-dellaggiornamento-allilluminazione-a-led-nella-tua-clinica-odontoiatrica\/#primaryimage","url":"https:\/\/www.dentled.com\/wp-content\/uploads\/2022\/06\/Dentled-PHL14-Duo-dental-treatment-room-clinic-lighting.jpg","contentUrl":"https:\/\/www.dentled.com\/wp-content\/uploads\/2022\/06\/Dentled-PHL14-Duo-dental-treatment-room-clinic-lighting.jpg","width":1080,"height":1080,"caption":"save energy, full spectrum daylight, better work, CRI97"},{"@type":"BreadcrumbList","@id":"https:\/\/www.dentled.com\/it\/luce-perfetta\/facciamo-luce-sui-vantaggi-dellaggiornamento-allilluminazione-a-led-nella-tua-clinica-odontoiatrica\/#breadcrumb","itemListElement":[{"@type":"ListItem","position":1,"name":"Home","item":"https:\/\/www.dentled.com\/it\/"},{"@type":"ListItem","position":2,"name":"Luce perfetta","item":"https:\/\/www.dentled.com\/it\/luce-perfetta\/"},{"@type":"ListItem","position":3,"name":"I vantaggi dell&#8217;aggiornamento dell&#8217;illuminazione a LED nello studio dentistico"}]},{"@type":"WebSite","@id":"https:\/\/www.dentled.com\/it\/#website","url":"https:\/\/www.dentled.com\/it\/","name":"Dentled com","description":"Lighting for dental care","potentialAction":[{"@type":"SearchAction","target":{"@type":"EntryPoint","urlTemplate":"https:\/\/www.dentled.com\/it\/?s={search_term_string}"},"query-input":{"@type":"PropertyValueSpecification","valueRequired":true,"valueName":"search_term_string"}}],"inLanguage":"it-IT"}]}},"_links":{"self":[{"href":"https:\/\/www.dentled.com\/it\/wp-json\/wp\/v2\/pages\/5688","targetHints":{"allow":["GET"]}}],"collection":[{"href":"https:\/\/www.dentled.com\/it\/wp-json\/wp\/v2\/pages"}],"about":[{"href":"https:\/\/www.dentled.com\/it\/wp-json\/wp\/v2\/types\/page"}],"author":[{"embeddable":true,"href":"https:\/\/www.dentled.com\/it\/wp-json\/wp\/v2\/users\/6"}],"replies":[{"embeddable":true,"href":"https:\/\/www.dentled.com\/it\/wp-json\/wp\/v2\/comments?post=5688"}],"version-history":[{"count":0,"href":"https:\/\/www.dentled.com\/it\/wp-json\/wp\/v2\/pages\/5688\/revisions"}],"up":[{"embeddable":true,"href":"https:\/\/www.dentled.com\/it\/wp-json\/wp\/v2\/pages\/4913"}],"wp:featuredmedia":[{"embeddable":true,"href":"https:\/\/www.dentled.com\/it\/wp-json\/wp\/v2\/media\/2344"}],"wp:attachment":[{"href":"https:\/\/www.dentled.com\/it\/wp-json\/wp\/v2\/media?parent=5688"}],"curies":[{"name":"wp","href":"https:\/\/api.w.org\/{rel}","templated":true}]}}