{"id":2508,"date":"2024-06-06T20:21:33","date_gmt":"2024-06-06T20:21:33","guid":{"rendered":"https:\/\/www.dentled.com\/importanza-della-progettazione-illuminotecnica-nelle-sale-di-trattamento-odontoiatrico\/"},"modified":"2025-10-22T05:06:28","modified_gmt":"2025-10-22T05:06:28","slug":"importanza-della-progettazione-illuminotecnica-nelle-sale-di-trattamento-odontoiatrico","status":"publish","type":"page","link":"https:\/\/www.dentled.com\/it\/luce-perfetta\/importanza-della-progettazione-illuminotecnica-nelle-sale-di-trattamento-odontoiatrico\/","title":{"rendered":"L&#8217;importanza del design dell&#8217;illuminazione nelle sale di trattamento dentale"},"content":{"rendered":"\r\n<h1>L&#8217;importanza del design dell&#8217;illuminazione nelle sale di trattamento dentale<\/h1>\r\n<p>Un&#8217;illuminazione adeguata nelle sale di trattamento dentale \u00e8 essenziale per una diagnosi accurata, un trattamento efficace e un comfort generale sia per i pazienti che per i professionisti del settore. L&#8217;illuminazione a LED a spettro completo, come quella fornita da DentLed, che riproduce fedelmente la luce naturale del giorno, \u00e8 diventata sempre pi\u00f9 popolare grazie ai suoi benefici per la salute. Questo articolo esplora l&#8217;importanza dei vari aspetti della progettazione dell&#8217;illuminazione in relazione all&#8217;ergonomia dei dentisti.  <\/p>\r\n<h2>Il ruolo dell&#8217;illuminazione nell&#8217;ergonomia<\/h2>\r\n<p>L&#8217;ergonomia in odontoiatria prevede la progettazione di uno spazio di lavoro che riduca al minimo lo sforzo fisico e massimizzi l&#8217;efficienza. Un&#8217;illuminazione adeguata svolge un ruolo fondamentale nel ridurre l&#8217;affaticamento degli occhi e la fatica fisica dei dentisti, consentendo loro di eseguire le procedure con maggiore precisione e meno disagio. Una buona progettazione dell&#8217;illuminazione aiuta i dentisti a mantenere una postura confortevole e riduce il rischio di disturbi muscolo-scheletrici.  <\/p>\r\n<h2>Spettro di luce<\/h2>\r\n<p>Lo spettro luminoso si riferisce alla gamma di lunghezze d&#8217;onda della luce. L&#8217;illuminazione a spettro completo comprende tutte le lunghezze d&#8217;onda della luce visibile, replicando fedelmente la luce naturale del giorno. Questo tipo di illuminazione \u00e8 fondamentale in ambito odontoiatrico perch\u00e9 migliora l&#8217;accuratezza dei colori, fondamentale per procedure come l&#8217;abbinamento dei colori per i restauri. Inoltre, la luce a spettro completo riduce l&#8217;affaticamento degli occhi, migliorando il comfort visivo dei dentisti durante le procedure pi\u00f9 lunghe.   <\/p>\r\n<h2>Indice di resa cromatica (CRI)<\/h2>\r\n<p>Il CRI misura la capacit\u00e0 di una sorgente luminosa di riprodurre accuratamente i colori. Negli ambienti dentali, un&#8217;illuminazione con un CRI elevato (preferibilmente superiore a 90) \u00e8 essenziale per distinguere le diverse tonalit\u00e0 di denti e tessuti. Una resa cromatica accurata migliora l&#8217;accuratezza diagnostica e la qualit\u00e0 del lavoro di restauro, assicurando risultati migliori per il paziente.  <\/p>\r\n<h2>Intensit\u00e0 e livelli di luce<\/h2>\r\n<p>I livelli di luce ottimali nelle sale di trattamento dentale dovrebbero essere compresi tra 1.500 e 3.000 lux. L&#8217;intensit\u00e0 luminosa corretta garantisce che i dentisti possano vedere i dettagli pi\u00f9 fini senza affaticare gli occhi. Livelli di luce troppo bassi possono causare errori e prolungare i tempi di trattamento, mentre un&#8217;illuminazione troppo intensa pu\u00f2 causare disagio e abbagliamento.  <\/p>\r\n<h2>Illuminazione senza sfarfallio<\/h2>\r\n<p>Lo sfarfallio nell&#8217;illuminazione pu\u00f2 causare disagio visivo, mal di testa e affaticamento degli occhi. Si verifica quando si verificano rapide fluttuazioni dell&#8217;intensit\u00e0 luminosa, spesso impercettibili a occhio nudo. L&#8217;utilizzo di luci LED di alta qualit\u00e0 con driver adeguati pu\u00f2 eliminare lo sfarfallio, garantendo un ambiente visivo stabile e confortevole sia per i dentisti che per i pazienti.  <\/p>\r\n<h2>Riduzione dell&#8217;abbagliamento<\/h2>\r\n<p>L&#8217;abbagliamento si verifica quando c&#8217;\u00e8 un contrasto eccessivo tra le aree chiare e quelle scure, causando un disagio visivo e riducendo la capacit\u00e0 di vedere i dettagli pi\u00f9 fini. Nelle sale di trattamento dentale, l&#8217;abbagliamento pu\u00f2 distrarre i dentisti e compromettere la loro precisione. L&#8217;uso di un&#8217;illuminazione diffusa e di apparecchi antiriflesso pu\u00f2 ridurre al minimo l&#8217;abbagliamento e migliorare il comfort visivo generale.  <\/p>\r\n<h2>Luci e ombre direzionali<\/h2>\r\n<p>L&#8217;illuminazione direzionale aiuta a illuminare aree specifiche senza proiettare ombre che possono oscurare la visione. Nelle sale di trattamento dentale, garantire una distribuzione uniforme dell&#8217;illuminazione \u00e8 fondamentale per evitare ombre che possono compromettere la precisione del lavoro dentale. Le luci di lavoro e le plafoniere posizionate correttamente possono aiutare a ottenere un&#8217;illuminazione priva di ombre.  <\/p>\r\n<h2>Illuminazione regolabile e d&#8217;appoggio<\/h2>\r\n<p>I sistemi di illuminazione regolabili consentono ai dentisti di personalizzare l&#8217;intensit\u00e0 e la direzione della luce in base alle esigenze specifiche delle diverse procedure. L&#8217;illuminazione per le attivit\u00e0, come i fari dentali o le luci montate sulla poltrona, fornisce un&#8217;illuminazione mirata, migliorando la visibilit\u00e0 nell&#8217;area di trattamento. Queste soluzioni di illuminazione migliorano l&#8217;ergonomia riducendo la necessit\u00e0 di assumere posizioni scomode del corpo.  <\/p>\r\n<h2>Efficienza energetica e sostenibilit\u00e0<\/h2>\r\n<p>Le soluzioni di illuminazione ad alta efficienza energetica, come le luci a LED, non solo riducono i costi dell&#8217;elettricit\u00e0 ma hanno anche un minore impatto ambientale. Le opzioni di illuminazione sostenibile possono fornire un&#8217;illuminazione di alta qualit\u00e0 e allo stesso tempo essere convenienti ed ecologiche. Investire in tecnologie di illuminazione ad alta efficienza energetica pu\u00f2 portare a risparmi a lungo termine e a una minore impronta di carbonio.  <\/p>\r\n<h2>Conclusione<\/h2>\r\n<p>L&#8217;integrazione di un&#8217;illuminazione ben progettata nelle sale di trattamento odontoiatrico \u00e8 essenziale per migliorare l&#8217;ergonomia dei professionisti del settore e la cura dei pazienti. L&#8217;illuminazione LED a spettro completo, l&#8217;elevato CRI, l&#8217;intensit\u00e0 luminosa ottimale, l&#8217;assenza di sfarfallio e le caratteristiche di riduzione dell&#8217;abbagliamento contribuiscono a migliorare l&#8217;ambiente di lavoro. L&#8217;illuminazione dentale a spettro completo di DentLed \u00e8 installata in oltre 1.300 sale di trattamento, a dimostrazione della sua efficacia e affidabilit\u00e0. Dando la priorit\u00e0 a un&#8217;illuminazione adeguata, gli studi dentistici possono migliorare l&#8217;accuratezza del trattamento, ridurre lo sforzo fisico dei dentisti e creare un&#8217;esperienza pi\u00f9 confortevole per i pazienti.   <\/p>\r\n<p>Per informazioni e riferimenti pi\u00f9 dettagliati sui vantaggi dell&#8217;illuminazione a spettro completo, contattaci.<\/p>\r\n","protected":false},"excerpt":{"rendered":"<p>L&#8217;importanza del design dell&#8217;illuminazione nelle sale di trattamento dentale Un&#8217;illuminazione adeguata nelle sale di trattamento dentale \u00e8 essenziale per una diagnosi accurata, un trattamento efficace e un comfort generale sia per i pazienti che per i professionisti del settore. L&#8217;illuminazione a LED a spettro completo, come quella fornita da DentLed, che riproduce fedelmente la luce [&#8230;]\n","protected":false},"author":3,"featured_media":3222,"parent":4913,"menu_order":0,"comment_status":"closed","ping_status":"closed","template":"","meta":{"inline_featured_image":false,"footnotes":""},"class_list":["post-2508","page","type-page","status-publish","has-post-thumbnail","hentry"],"yoast_head":"<!-- This site is optimized with the Yoast SEO plugin v26.9 - https:\/\/yoast.com\/product\/yoast-seo-wordpress\/ -->\n<title>Importanza del design dell&#039;illuminazione nelle sale di trattamento dentale - Dentled com<\/title>\n<meta name=\"description\" content=\"Scopri perch\u00e9 una corretta progettazione dell&#039;illuminazione \u00e8 fondamentale per le sale di trattamento dentale. Scopri i vantaggi dell&#039;illuminazione LED a spettro completo di DentLed e come migliora l&#039;ergonomia e la cura del paziente.\" \/>\n<meta name=\"robots\" content=\"index, follow, max-snippet:-1, max-image-preview:large, max-video-preview:-1\" \/>\n<link rel=\"canonical\" href=\"https:\/\/www.dentled.com\/it\/luce-perfetta\/importanza-della-progettazione-illuminotecnica-nelle-sale-di-trattamento-odontoiatrico\/\" \/>\n<meta property=\"og:locale\" content=\"it_IT\" \/>\n<meta property=\"og:type\" content=\"article\" \/>\n<meta property=\"og:title\" content=\"Importanza del design dell&#039;illuminazione nelle sale di trattamento dentale - Dentled com\" \/>\n<meta property=\"og:description\" content=\"Scopri perch\u00e9 una corretta progettazione dell&#039;illuminazione \u00e8 fondamentale per le sale di trattamento dentale. Scopri i vantaggi dell&#039;illuminazione LED a spettro completo di DentLed e come migliora l&#039;ergonomia e la cura del paziente.\" \/>\n<meta property=\"og:url\" content=\"https:\/\/www.dentled.com\/it\/luce-perfetta\/importanza-della-progettazione-illuminotecnica-nelle-sale-di-trattamento-odontoiatrico\/\" \/>\n<meta property=\"og:site_name\" content=\"Dentled com\" \/>\n<meta property=\"article:modified_time\" content=\"2025-10-22T05:06:28+00:00\" \/>\n<meta property=\"og:image\" content=\"https:\/\/www.dentled.com\/wp-content\/uploads\/2025\/02\/DL62_DentLed_LED_panel_625x625mm.jpg\" \/>\n\t<meta property=\"og:image:width\" content=\"1536\" \/>\n\t<meta property=\"og:image:height\" content=\"2048\" \/>\n\t<meta property=\"og:image:type\" content=\"image\/jpeg\" \/>\n<meta name=\"twitter:card\" content=\"summary_large_image\" \/>\n<meta name=\"twitter:label1\" content=\"Tempo di lettura stimato\" \/>\n\t<meta name=\"twitter:data1\" content=\"4 minuti\" \/>\n<script type=\"application\/ld+json\" class=\"yoast-schema-graph\">{\"@context\":\"https:\/\/schema.org\",\"@graph\":[{\"@type\":\"WebPage\",\"@id\":\"https:\/\/www.dentled.com\/it\/luce-perfetta\/importanza-della-progettazione-illuminotecnica-nelle-sale-di-trattamento-odontoiatrico\/\",\"url\":\"https:\/\/www.dentled.com\/it\/luce-perfetta\/importanza-della-progettazione-illuminotecnica-nelle-sale-di-trattamento-odontoiatrico\/\",\"name\":\"Importanza del design dell'illuminazione nelle sale di trattamento dentale - Dentled com\",\"isPartOf\":{\"@id\":\"https:\/\/www.dentled.com\/it\/#website\"},\"primaryImageOfPage\":{\"@id\":\"https:\/\/www.dentled.com\/it\/luce-perfetta\/importanza-della-progettazione-illuminotecnica-nelle-sale-di-trattamento-odontoiatrico\/#primaryimage\"},\"image\":{\"@id\":\"https:\/\/www.dentled.com\/it\/luce-perfetta\/importanza-della-progettazione-illuminotecnica-nelle-sale-di-trattamento-odontoiatrico\/#primaryimage\"},\"thumbnailUrl\":\"https:\/\/www.dentled.com\/wp-content\/uploads\/2025\/02\/DL62_DentLed_LED_panel_625x625mm.jpg\",\"datePublished\":\"2024-06-06T20:21:33+00:00\",\"dateModified\":\"2025-10-22T05:06:28+00:00\",\"description\":\"Scopri perch\u00e9 una corretta progettazione dell'illuminazione \u00e8 fondamentale per le sale di trattamento dentale. Scopri i vantaggi dell'illuminazione LED a spettro completo di DentLed e come migliora l'ergonomia e la cura del paziente.\",\"breadcrumb\":{\"@id\":\"https:\/\/www.dentled.com\/it\/luce-perfetta\/importanza-della-progettazione-illuminotecnica-nelle-sale-di-trattamento-odontoiatrico\/#breadcrumb\"},\"inLanguage\":\"it-IT\",\"potentialAction\":[{\"@type\":\"ReadAction\",\"target\":[\"https:\/\/www.dentled.com\/it\/luce-perfetta\/importanza-della-progettazione-illuminotecnica-nelle-sale-di-trattamento-odontoiatrico\/\"]}]},{\"@type\":\"ImageObject\",\"inLanguage\":\"it-IT\",\"@id\":\"https:\/\/www.dentled.com\/it\/luce-perfetta\/importanza-della-progettazione-illuminotecnica-nelle-sale-di-trattamento-odontoiatrico\/#primaryimage\",\"url\":\"https:\/\/www.dentled.com\/wp-content\/uploads\/2025\/02\/DL62_DentLed_LED_panel_625x625mm.jpg\",\"contentUrl\":\"https:\/\/www.dentled.com\/wp-content\/uploads\/2025\/02\/DL62_DentLed_LED_panel_625x625mm.jpg\",\"width\":1536,\"height\":2048,\"caption\":\"DL62_DentLed_LED_panel_625x625mm\"},{\"@type\":\"BreadcrumbList\",\"@id\":\"https:\/\/www.dentled.com\/it\/luce-perfetta\/importanza-della-progettazione-illuminotecnica-nelle-sale-di-trattamento-odontoiatrico\/#breadcrumb\",\"itemListElement\":[{\"@type\":\"ListItem\",\"position\":1,\"name\":\"Home\",\"item\":\"https:\/\/www.dentled.com\/it\/\"},{\"@type\":\"ListItem\",\"position\":2,\"name\":\"Luce perfetta\",\"item\":\"https:\/\/www.dentled.com\/it\/luce-perfetta\/\"},{\"@type\":\"ListItem\",\"position\":3,\"name\":\"L&#8217;importanza del design dell&#8217;illuminazione nelle sale di trattamento dentale\"}]},{\"@type\":\"WebSite\",\"@id\":\"https:\/\/www.dentled.com\/it\/#website\",\"url\":\"https:\/\/www.dentled.com\/it\/\",\"name\":\"Dentled com\",\"description\":\"Lighting for dental care\",\"potentialAction\":[{\"@type\":\"SearchAction\",\"target\":{\"@type\":\"EntryPoint\",\"urlTemplate\":\"https:\/\/www.dentled.com\/it\/?s={search_term_string}\"},\"query-input\":{\"@type\":\"PropertyValueSpecification\",\"valueRequired\":true,\"valueName\":\"search_term_string\"}}],\"inLanguage\":\"it-IT\"}]}<\/script>\n<!-- \/ Yoast SEO plugin. -->","yoast_head_json":{"title":"Importanza del design dell'illuminazione nelle sale di trattamento dentale - Dentled com","description":"Scopri perch\u00e9 una corretta progettazione dell'illuminazione \u00e8 fondamentale per le sale di trattamento dentale. Scopri i vantaggi dell'illuminazione LED a spettro completo di DentLed e come migliora l'ergonomia e la cura del paziente.","robots":{"index":"index","follow":"follow","max-snippet":"max-snippet:-1","max-image-preview":"max-image-preview:large","max-video-preview":"max-video-preview:-1"},"canonical":"https:\/\/www.dentled.com\/it\/luce-perfetta\/importanza-della-progettazione-illuminotecnica-nelle-sale-di-trattamento-odontoiatrico\/","og_locale":"it_IT","og_type":"article","og_title":"Importanza del design dell'illuminazione nelle sale di trattamento dentale - Dentled com","og_description":"Scopri perch\u00e9 una corretta progettazione dell'illuminazione \u00e8 fondamentale per le sale di trattamento dentale. Scopri i vantaggi dell'illuminazione LED a spettro completo di DentLed e come migliora l'ergonomia e la cura del paziente.","og_url":"https:\/\/www.dentled.com\/it\/luce-perfetta\/importanza-della-progettazione-illuminotecnica-nelle-sale-di-trattamento-odontoiatrico\/","og_site_name":"Dentled com","article_modified_time":"2025-10-22T05:06:28+00:00","og_image":[{"width":1536,"height":2048,"url":"https:\/\/www.dentled.com\/wp-content\/uploads\/2025\/02\/DL62_DentLed_LED_panel_625x625mm.jpg","type":"image\/jpeg"}],"twitter_card":"summary_large_image","twitter_misc":{"Tempo di lettura stimato":"4 minuti"},"schema":{"@context":"https:\/\/schema.org","@graph":[{"@type":"WebPage","@id":"https:\/\/www.dentled.com\/it\/luce-perfetta\/importanza-della-progettazione-illuminotecnica-nelle-sale-di-trattamento-odontoiatrico\/","url":"https:\/\/www.dentled.com\/it\/luce-perfetta\/importanza-della-progettazione-illuminotecnica-nelle-sale-di-trattamento-odontoiatrico\/","name":"Importanza del design dell'illuminazione nelle sale di trattamento dentale - Dentled com","isPartOf":{"@id":"https:\/\/www.dentled.com\/it\/#website"},"primaryImageOfPage":{"@id":"https:\/\/www.dentled.com\/it\/luce-perfetta\/importanza-della-progettazione-illuminotecnica-nelle-sale-di-trattamento-odontoiatrico\/#primaryimage"},"image":{"@id":"https:\/\/www.dentled.com\/it\/luce-perfetta\/importanza-della-progettazione-illuminotecnica-nelle-sale-di-trattamento-odontoiatrico\/#primaryimage"},"thumbnailUrl":"https:\/\/www.dentled.com\/wp-content\/uploads\/2025\/02\/DL62_DentLed_LED_panel_625x625mm.jpg","datePublished":"2024-06-06T20:21:33+00:00","dateModified":"2025-10-22T05:06:28+00:00","description":"Scopri perch\u00e9 una corretta progettazione dell'illuminazione \u00e8 fondamentale per le sale di trattamento dentale. Scopri i vantaggi dell'illuminazione LED a spettro completo di DentLed e come migliora l'ergonomia e la cura del paziente.","breadcrumb":{"@id":"https:\/\/www.dentled.com\/it\/luce-perfetta\/importanza-della-progettazione-illuminotecnica-nelle-sale-di-trattamento-odontoiatrico\/#breadcrumb"},"inLanguage":"it-IT","potentialAction":[{"@type":"ReadAction","target":["https:\/\/www.dentled.com\/it\/luce-perfetta\/importanza-della-progettazione-illuminotecnica-nelle-sale-di-trattamento-odontoiatrico\/"]}]},{"@type":"ImageObject","inLanguage":"it-IT","@id":"https:\/\/www.dentled.com\/it\/luce-perfetta\/importanza-della-progettazione-illuminotecnica-nelle-sale-di-trattamento-odontoiatrico\/#primaryimage","url":"https:\/\/www.dentled.com\/wp-content\/uploads\/2025\/02\/DL62_DentLed_LED_panel_625x625mm.jpg","contentUrl":"https:\/\/www.dentled.com\/wp-content\/uploads\/2025\/02\/DL62_DentLed_LED_panel_625x625mm.jpg","width":1536,"height":2048,"caption":"DL62_DentLed_LED_panel_625x625mm"},{"@type":"BreadcrumbList","@id":"https:\/\/www.dentled.com\/it\/luce-perfetta\/importanza-della-progettazione-illuminotecnica-nelle-sale-di-trattamento-odontoiatrico\/#breadcrumb","itemListElement":[{"@type":"ListItem","position":1,"name":"Home","item":"https:\/\/www.dentled.com\/it\/"},{"@type":"ListItem","position":2,"name":"Luce perfetta","item":"https:\/\/www.dentled.com\/it\/luce-perfetta\/"},{"@type":"ListItem","position":3,"name":"L&#8217;importanza del design dell&#8217;illuminazione nelle sale di trattamento dentale"}]},{"@type":"WebSite","@id":"https:\/\/www.dentled.com\/it\/#website","url":"https:\/\/www.dentled.com\/it\/","name":"Dentled com","description":"Lighting for dental care","potentialAction":[{"@type":"SearchAction","target":{"@type":"EntryPoint","urlTemplate":"https:\/\/www.dentled.com\/it\/?s={search_term_string}"},"query-input":{"@type":"PropertyValueSpecification","valueRequired":true,"valueName":"search_term_string"}}],"inLanguage":"it-IT"}]}},"_links":{"self":[{"href":"https:\/\/www.dentled.com\/it\/wp-json\/wp\/v2\/pages\/2508","targetHints":{"allow":["GET"]}}],"collection":[{"href":"https:\/\/www.dentled.com\/it\/wp-json\/wp\/v2\/pages"}],"about":[{"href":"https:\/\/www.dentled.com\/it\/wp-json\/wp\/v2\/types\/page"}],"author":[{"embeddable":true,"href":"https:\/\/www.dentled.com\/it\/wp-json\/wp\/v2\/users\/3"}],"replies":[{"embeddable":true,"href":"https:\/\/www.dentled.com\/it\/wp-json\/wp\/v2\/comments?post=2508"}],"version-history":[{"count":3,"href":"https:\/\/www.dentled.com\/it\/wp-json\/wp\/v2\/pages\/2508\/revisions"}],"predecessor-version":[{"id":5887,"href":"https:\/\/www.dentled.com\/it\/wp-json\/wp\/v2\/pages\/2508\/revisions\/5887"}],"up":[{"embeddable":true,"href":"https:\/\/www.dentled.com\/it\/wp-json\/wp\/v2\/pages\/4913"}],"wp:featuredmedia":[{"embeddable":true,"href":"https:\/\/www.dentled.com\/it\/wp-json\/wp\/v2\/media\/3222"}],"wp:attachment":[{"href":"https:\/\/www.dentled.com\/it\/wp-json\/wp\/v2\/media?parent=2508"}],"curies":[{"name":"wp","href":"https:\/\/api.w.org\/{rel}","templated":true}]}}