{"id":2473,"date":"2024-08-20T06:25:30","date_gmt":"2024-08-20T06:25:30","guid":{"rendered":"https:\/\/www.dentled.com\/il-ruolo-trascurato-di-una-corretta-illuminazione-della-sala-di-trattamento-nellergonomia-dentale\/"},"modified":"2025-10-22T05:06:13","modified_gmt":"2025-10-22T05:06:13","slug":"il-ruolo-trascurato-di-una-corretta-illuminazione-della-sala-di-trattamento-nellergonomia-dentale","status":"publish","type":"page","link":"https:\/\/www.dentled.com\/it\/luce-perfetta\/il-ruolo-trascurato-di-una-corretta-illuminazione-della-sala-di-trattamento-nellergonomia-dentale\/","title":{"rendered":"Il ruolo trascurato della corretta illuminazione della sala di trattamento nell&#8217;ergonomia odontoiatrica"},"content":{"rendered":"\r\n\n  <div class=\"banner has-hover\" id=\"banner-1685542401\">\n          <div class=\"banner-inner fill\">\n        <div class=\"banner-bg fill\" >\n            <img loading=\"lazy\" decoding=\"async\" width=\"1920\" height=\"773\" src=\"https:\/\/www.dentled.com\/wp-content\/uploads\/2024\/08\/Dentist_ergonomic_positioning_image.png\" class=\"bg attachment-original size-original\" alt=\"\" \/>                                    \n                    <\/div>\n\t\t\n        <div class=\"banner-layers container\">\n            <div class=\"fill banner-link\"><\/div>                <div id=\"text-box-534655819\" class=\"text-box banner-layer x10 md-x10 lg-x10 y15 md-y15 lg-y15 res-text\">\n                                <div class=\"text-box-content text dark\">\n              \n              <div class=\"text-inner text-center\">\n                                 <\/div>\n           <\/div>\n                            \n<style>\n#text-box-534655819 {\n  width: 60%;\n}\n#text-box-534655819 .text-box-content {\n  font-size: 100%;\n}\n<\/style>\n    <\/div>\n          <\/div>\n      <\/div>\n\n              <div class=\"height-fix is-invisible\"><img loading=\"lazy\" decoding=\"async\" width=\"1920\" height=\"773\" src=\"https:\/\/www.dentled.com\/wp-content\/uploads\/2024\/08\/Dentist_ergonomic_positioning_image.png\" class=\"attachment-original size-original\" alt=\"\" srcset=\"https:\/\/www.dentled.com\/wp-content\/uploads\/2024\/08\/Dentist_ergonomic_positioning_image.png 1920w, https:\/\/www.dentled.com\/wp-content\/uploads\/2024\/08\/Dentist_ergonomic_positioning_image-800x322.png 800w, https:\/\/www.dentled.com\/wp-content\/uploads\/2024\/08\/Dentist_ergonomic_positioning_image-1400x564.png 1400w, https:\/\/www.dentled.com\/wp-content\/uploads\/2024\/08\/Dentist_ergonomic_positioning_image-768x309.png 768w, https:\/\/www.dentled.com\/wp-content\/uploads\/2024\/08\/Dentist_ergonomic_positioning_image-1536x618.png 1536w, https:\/\/www.dentled.com\/wp-content\/uploads\/2024\/08\/Dentist_ergonomic_positioning_image-247x99.png 247w, https:\/\/www.dentled.com\/wp-content\/uploads\/2024\/08\/Dentist_ergonomic_positioning_image-512x206.png 512w\" sizes=\"auto, (max-width: 1920px) 100vw, 1920px\" \/><\/div>\n            \n<style>\n#banner-1685542401 .banner-bg img {\n  object-position: 21% 34%;\n}\n<\/style>\n  <\/div>\n\n\r\n<h1> <\/h1>\r\n<h1>Il ruolo trascurato della corretta illuminazione della sala di trattamento nell&#8217;ergonomia odontoiatrica<\/h1>\r\n<p><strong>Introduzione:<\/strong> L&#8217;ergonomia odontoiatrica va oltre gli strumenti e le attrezzature fisiche; l&#8217;illuminazione di una sala di trattamento svolge un ruolo cruciale ma spesso trascurato. Un&#8217;illuminazione adeguata \u00e8 essenziale per l&#8217;accuratezza clinica e per la salute e il benessere degli odontoiatri. Pu\u00f2:  <\/p>\r\n<ul>\r\n<li>Riduce significativamente la stanchezza<\/li>\r\n<li>Migliorare la postura<\/li>\r\n<li>Migliora l&#8217;umore<\/li>\r\n<li>Aumenta la qualit\u00e0 complessiva del lavoro<\/li>\r\n<\/ul>\r\n<h2>Ergonomia dentale generale e illuminazione:<\/h2>\r\n<p>L&#8217;illuminazione nell&#8217;ergonomia dentale spesso non riceve l&#8217;attenzione che merita, eppure ha un impatto su quasi tutti gli aspetti delle attivit\u00e0 quotidiane di un dentista. Una corretta illuminazione della sala di trattamento pu\u00f2 ridurre la necessit\u00e0 di regolare continuamente gli occhi tra le aree chiare e quelle scure, migliorare la postura eliminando la necessit\u00e0 di sporgersi o di sforzarsi per vedere i dettagli e migliorare l&#8217;accuratezza di procedure come l&#8217;abbinamento dei colori per i restauri dentali. <\/p>\r\n<h2>I vantaggi di una corretta illuminazione della sala di trattamento:<\/h2>\r\n<ul>\r\n<li><strong>Riduzione della stanchezza e miglioramento dell&#8217;umore:<\/strong> uno studio pubblicato su <em>SAGE Journals<\/em> ha rilevato che l&#8217;illuminazione LED diurna non solo migliora il comfort visivo, ma influisce positivamente anche sui livelli di melatonina, sull&#8217;umore e sul sonno, fattori cruciali per la salute generale e le prestazioni dei dentisti.<\/li>\r\n<li><strong>Miglioramento della salute visiva:<\/strong> Secondo uno studio pubblicato su <em>ResearchGate<\/em>, un&#8217;illuminazione adeguata \u00e8 fondamentale per ridurre gli effetti negativi della concentrazione prolungata e del tempo trascorso sullo schermo, preservando cos\u00ec la salute visiva dei dentisti.<\/li>\r\n<li><strong>Miglioramento dell&#8217;ambiente di lavoro e del benessere:<\/strong> Le ricerche evidenziano che la giusta illuminazione pu\u00f2 avere un impatto significativo sulla salute e sul benessere dei lavoratori. Una progettazione efficace dell&#8217;illuminazione porta a una migliore soddisfazione ambientale complessiva, come evidenziato in un&#8217;analisi completa dell&#8217;illuminazione dei luoghi di lavoro su <em>ResearchGate<\/em>. <\/li>\r\n<li><strong>Benefici dell&#8217;illuminazione dinamica:<\/strong> Un altro studio di <em>ResearchGate<\/em> suggerisce che l&#8217;illuminazione dinamica, che si regola durante il giorno, pu\u00f2 migliorare la vigilanza e le prestazioni dei lavoratori d&#8217;ufficio, il che potrebbe essere utile negli studi dentistici per migliorare la concentrazione e l&#8217;efficienza durante i lunghi turni.<\/li>\r\n<\/ul>\r\n<h2>Soluzioni di illuminazione ottimali per le cliniche dentali:<\/h2>\r\n<p>Per ottenere le condizioni di illuminazione ideali nelle sale di trattamento odontoiatrico, \u00e8 fondamentale prendere in considerazione prodotti che rispondano specificamente alle esigenze dei professionisti del settore. Ecco due esempi di DentLed, che sviluppa un&#8217;illuminazione sana e a tutto spettro: <\/p>\r\n<ul>\r\n<li><strong>Lampada per sala di trattamento dentale a forma di U DentLed:<\/strong> Questa lampada a forma di U fornisce un&#8217;illuminazione diretta e indiretta per un&#8217;illuminazione perfetta e senza sfarfallio. <a href=\"https:\/\/www.dentled.com\/it\/prodotto\/luce-led-per-sala-di-trattamento-a-spettro-completo-phu\/\" target=\"_blank\" rel=\"noopener\">Per saperne di pi\u00f9 su questo prodotto<\/a>.<\/li>\r\n<li><strong>DL60 Pannello LED a pieno spettro di luce diurna:<\/strong> Progettato per le sale di trattamento dentale con soffitti sospesi o a pannelli, questo pannello offre uno spettro di luce diurna completo per una visibilit\u00e0 e un comfort ottimali. <a href=\"https:\/\/www.dentled.com\/it\/prodotto\/dl60-pannello-led-a-luce-diurna-a-spettro-completo-per-sale-di-trattamento-dentale\/\" target=\"_blank\" rel=\"noopener\">Esplora questa soluzione di illuminazione<\/a>.<\/li>\r\n<\/ul>\r\n<h2>Ulteriori vantaggi dell&#8217;illuminazione bilanciata:<\/h2>\r\n<ul>\r\n<li><strong>Migliora l&#8217;esperienza del paziente:<\/strong> Un&#8217;illuminazione ben progettata fa apparire gli studi dentistici pi\u00f9 accoglienti e meno scoraggianti, contribuendo a ridurre l&#8217;ansia dei pazienti.<\/li>\r\n<li><strong>Benefici per la salute a lungo termine:<\/strong> Un&#8217;esposizione costante a un&#8217;illuminazione ottimale pu\u00f2 prevenire problemi di vista a lungo termine e contribuire a migliorare la salute generale.<\/li>\r\n<li><strong>Conformit\u00e0 alle normative e sicurezza:<\/strong> Un&#8217;illuminazione adeguata garantisce che le cliniche dentali rispettino gli standard di salute e sicurezza, che impongono condizioni specifiche per garantire un&#8217;efficace assistenza ai pazienti.<\/li>\r\n<\/ul>\r\n<h2>Conclusione:<\/h2>\r\n<p>Integrare soluzioni di illuminazione adeguate negli studi dentistici non significa solo migliorare la visibilit\u00e0, ma anche creare un ambiente di lavoro pi\u00f9 sano e confortevole. L&#8217;illuminazione a LED a spettro completo e i sistemi di illuminazione dinamica offrono notevoli vantaggi, tra cui una riduzione dell&#8217;affaticamento degli occhi, un miglioramento dell&#8217;umore e una migliore salute generale per i professionisti del settore dentale. Garantire un&#8217;illuminazione equilibrata favorisce il benessere di professionisti e pazienti, rendendo l&#8217;illuminazione di alta qualit\u00e0 un investimento intelligente per il settore dentale.  <\/p>\r\n<p>Per vedere come DentLed sta migliorando le cliniche dentali in tutto il mondo, visita la nostra <a href=\"https:\/\/www.dentled.com\/it\/progetti-partner-dentled-e-showroom-partner\/\" target=\"_blank\" rel=\"noopener\">pagina dei progetti<\/a> e non esitare a contattarci per qualsiasi domanda.<\/p>\r\n<p>&nbsp;<\/p>\r\n","protected":false},"excerpt":{"rendered":"","protected":false},"author":3,"featured_media":2423,"parent":4913,"menu_order":0,"comment_status":"closed","ping_status":"closed","template":"","meta":{"inline_featured_image":false,"footnotes":""},"class_list":["post-2473","page","type-page","status-publish","has-post-thumbnail","hentry"],"yoast_head":"<!-- This site is optimized with the Yoast SEO plugin v26.9 - https:\/\/yoast.com\/product\/yoast-seo-wordpress\/ -->\n<title>Il ruolo trascurato della corretta illuminazione della sala di trattamento nell&#039;ergonomia odontoiatrica - Dentled com<\/title>\n<meta name=\"robots\" content=\"index, follow, max-snippet:-1, max-image-preview:large, max-video-preview:-1\" \/>\n<link rel=\"canonical\" href=\"https:\/\/www.dentled.com\/it\/luce-perfetta\/il-ruolo-trascurato-di-una-corretta-illuminazione-della-sala-di-trattamento-nellergonomia-dentale\/\" \/>\n<meta property=\"og:locale\" content=\"it_IT\" \/>\n<meta property=\"og:type\" content=\"article\" \/>\n<meta property=\"og:title\" content=\"Il ruolo trascurato della corretta illuminazione della sala di trattamento nell&#039;ergonomia odontoiatrica - Dentled com\" \/>\n<meta property=\"og:url\" content=\"https:\/\/www.dentled.com\/it\/luce-perfetta\/il-ruolo-trascurato-di-una-corretta-illuminazione-della-sala-di-trattamento-nellergonomia-dentale\/\" \/>\n<meta property=\"og:site_name\" content=\"Dentled com\" \/>\n<meta property=\"article:modified_time\" content=\"2025-10-22T05:06:13+00:00\" \/>\n<meta property=\"og:image\" content=\"https:\/\/www.dentled.com\/wp-content\/uploads\/2022\/03\/Untitled-design-60.jpg\" \/>\n\t<meta property=\"og:image:width\" content=\"1080\" \/>\n\t<meta property=\"og:image:height\" content=\"1080\" \/>\n\t<meta property=\"og:image:type\" content=\"image\/jpeg\" \/>\n<meta name=\"twitter:card\" content=\"summary_large_image\" \/>\n<meta name=\"twitter:label1\" content=\"Tempo di lettura stimato\" \/>\n\t<meta name=\"twitter:data1\" content=\"3 minuti\" \/>\n<script type=\"application\/ld+json\" class=\"yoast-schema-graph\">{\"@context\":\"https:\/\/schema.org\",\"@graph\":[{\"@type\":\"WebPage\",\"@id\":\"https:\/\/www.dentled.com\/it\/luce-perfetta\/il-ruolo-trascurato-di-una-corretta-illuminazione-della-sala-di-trattamento-nellergonomia-dentale\/\",\"url\":\"https:\/\/www.dentled.com\/it\/luce-perfetta\/il-ruolo-trascurato-di-una-corretta-illuminazione-della-sala-di-trattamento-nellergonomia-dentale\/\",\"name\":\"Il ruolo trascurato della corretta illuminazione della sala di trattamento nell'ergonomia odontoiatrica - Dentled com\",\"isPartOf\":{\"@id\":\"https:\/\/www.dentled.com\/it\/#website\"},\"primaryImageOfPage\":{\"@id\":\"https:\/\/www.dentled.com\/it\/luce-perfetta\/il-ruolo-trascurato-di-una-corretta-illuminazione-della-sala-di-trattamento-nellergonomia-dentale\/#primaryimage\"},\"image\":{\"@id\":\"https:\/\/www.dentled.com\/it\/luce-perfetta\/il-ruolo-trascurato-di-una-corretta-illuminazione-della-sala-di-trattamento-nellergonomia-dentale\/#primaryimage\"},\"thumbnailUrl\":\"https:\/\/www.dentled.com\/wp-content\/uploads\/2022\/03\/Untitled-design-60.jpg\",\"datePublished\":\"2024-08-20T06:25:30+00:00\",\"dateModified\":\"2025-10-22T05:06:13+00:00\",\"breadcrumb\":{\"@id\":\"https:\/\/www.dentled.com\/it\/luce-perfetta\/il-ruolo-trascurato-di-una-corretta-illuminazione-della-sala-di-trattamento-nellergonomia-dentale\/#breadcrumb\"},\"inLanguage\":\"it-IT\",\"potentialAction\":[{\"@type\":\"ReadAction\",\"target\":[\"https:\/\/www.dentled.com\/it\/luce-perfetta\/il-ruolo-trascurato-di-una-corretta-illuminazione-della-sala-di-trattamento-nellergonomia-dentale\/\"]}]},{\"@type\":\"ImageObject\",\"inLanguage\":\"it-IT\",\"@id\":\"https:\/\/www.dentled.com\/it\/luce-perfetta\/il-ruolo-trascurato-di-una-corretta-illuminazione-della-sala-di-trattamento-nellergonomia-dentale\/#primaryimage\",\"url\":\"https:\/\/www.dentled.com\/wp-content\/uploads\/2022\/03\/Untitled-design-60.jpg\",\"contentUrl\":\"https:\/\/www.dentled.com\/wp-content\/uploads\/2022\/03\/Untitled-design-60.jpg\",\"width\":1080,\"height\":1080},{\"@type\":\"BreadcrumbList\",\"@id\":\"https:\/\/www.dentled.com\/it\/luce-perfetta\/il-ruolo-trascurato-di-una-corretta-illuminazione-della-sala-di-trattamento-nellergonomia-dentale\/#breadcrumb\",\"itemListElement\":[{\"@type\":\"ListItem\",\"position\":1,\"name\":\"Home\",\"item\":\"https:\/\/www.dentled.com\/it\/\"},{\"@type\":\"ListItem\",\"position\":2,\"name\":\"Luce perfetta\",\"item\":\"https:\/\/www.dentled.com\/it\/luce-perfetta\/\"},{\"@type\":\"ListItem\",\"position\":3,\"name\":\"Il ruolo trascurato della corretta illuminazione della sala di trattamento nell&#8217;ergonomia odontoiatrica\"}]},{\"@type\":\"WebSite\",\"@id\":\"https:\/\/www.dentled.com\/it\/#website\",\"url\":\"https:\/\/www.dentled.com\/it\/\",\"name\":\"Dentled com\",\"description\":\"Lighting for dental care\",\"potentialAction\":[{\"@type\":\"SearchAction\",\"target\":{\"@type\":\"EntryPoint\",\"urlTemplate\":\"https:\/\/www.dentled.com\/it\/?s={search_term_string}\"},\"query-input\":{\"@type\":\"PropertyValueSpecification\",\"valueRequired\":true,\"valueName\":\"search_term_string\"}}],\"inLanguage\":\"it-IT\"}]}<\/script>\n<!-- \/ Yoast SEO plugin. -->","yoast_head_json":{"title":"Il ruolo trascurato della corretta illuminazione della sala di trattamento nell'ergonomia odontoiatrica - Dentled com","robots":{"index":"index","follow":"follow","max-snippet":"max-snippet:-1","max-image-preview":"max-image-preview:large","max-video-preview":"max-video-preview:-1"},"canonical":"https:\/\/www.dentled.com\/it\/luce-perfetta\/il-ruolo-trascurato-di-una-corretta-illuminazione-della-sala-di-trattamento-nellergonomia-dentale\/","og_locale":"it_IT","og_type":"article","og_title":"Il ruolo trascurato della corretta illuminazione della sala di trattamento nell'ergonomia odontoiatrica - Dentled com","og_url":"https:\/\/www.dentled.com\/it\/luce-perfetta\/il-ruolo-trascurato-di-una-corretta-illuminazione-della-sala-di-trattamento-nellergonomia-dentale\/","og_site_name":"Dentled com","article_modified_time":"2025-10-22T05:06:13+00:00","og_image":[{"width":1080,"height":1080,"url":"https:\/\/www.dentled.com\/wp-content\/uploads\/2022\/03\/Untitled-design-60.jpg","type":"image\/jpeg"}],"twitter_card":"summary_large_image","twitter_misc":{"Tempo di lettura stimato":"3 minuti"},"schema":{"@context":"https:\/\/schema.org","@graph":[{"@type":"WebPage","@id":"https:\/\/www.dentled.com\/it\/luce-perfetta\/il-ruolo-trascurato-di-una-corretta-illuminazione-della-sala-di-trattamento-nellergonomia-dentale\/","url":"https:\/\/www.dentled.com\/it\/luce-perfetta\/il-ruolo-trascurato-di-una-corretta-illuminazione-della-sala-di-trattamento-nellergonomia-dentale\/","name":"Il ruolo trascurato della corretta illuminazione della sala di trattamento nell'ergonomia odontoiatrica - Dentled com","isPartOf":{"@id":"https:\/\/www.dentled.com\/it\/#website"},"primaryImageOfPage":{"@id":"https:\/\/www.dentled.com\/it\/luce-perfetta\/il-ruolo-trascurato-di-una-corretta-illuminazione-della-sala-di-trattamento-nellergonomia-dentale\/#primaryimage"},"image":{"@id":"https:\/\/www.dentled.com\/it\/luce-perfetta\/il-ruolo-trascurato-di-una-corretta-illuminazione-della-sala-di-trattamento-nellergonomia-dentale\/#primaryimage"},"thumbnailUrl":"https:\/\/www.dentled.com\/wp-content\/uploads\/2022\/03\/Untitled-design-60.jpg","datePublished":"2024-08-20T06:25:30+00:00","dateModified":"2025-10-22T05:06:13+00:00","breadcrumb":{"@id":"https:\/\/www.dentled.com\/it\/luce-perfetta\/il-ruolo-trascurato-di-una-corretta-illuminazione-della-sala-di-trattamento-nellergonomia-dentale\/#breadcrumb"},"inLanguage":"it-IT","potentialAction":[{"@type":"ReadAction","target":["https:\/\/www.dentled.com\/it\/luce-perfetta\/il-ruolo-trascurato-di-una-corretta-illuminazione-della-sala-di-trattamento-nellergonomia-dentale\/"]}]},{"@type":"ImageObject","inLanguage":"it-IT","@id":"https:\/\/www.dentled.com\/it\/luce-perfetta\/il-ruolo-trascurato-di-una-corretta-illuminazione-della-sala-di-trattamento-nellergonomia-dentale\/#primaryimage","url":"https:\/\/www.dentled.com\/wp-content\/uploads\/2022\/03\/Untitled-design-60.jpg","contentUrl":"https:\/\/www.dentled.com\/wp-content\/uploads\/2022\/03\/Untitled-design-60.jpg","width":1080,"height":1080},{"@type":"BreadcrumbList","@id":"https:\/\/www.dentled.com\/it\/luce-perfetta\/il-ruolo-trascurato-di-una-corretta-illuminazione-della-sala-di-trattamento-nellergonomia-dentale\/#breadcrumb","itemListElement":[{"@type":"ListItem","position":1,"name":"Home","item":"https:\/\/www.dentled.com\/it\/"},{"@type":"ListItem","position":2,"name":"Luce perfetta","item":"https:\/\/www.dentled.com\/it\/luce-perfetta\/"},{"@type":"ListItem","position":3,"name":"Il ruolo trascurato della corretta illuminazione della sala di trattamento nell&#8217;ergonomia odontoiatrica"}]},{"@type":"WebSite","@id":"https:\/\/www.dentled.com\/it\/#website","url":"https:\/\/www.dentled.com\/it\/","name":"Dentled com","description":"Lighting for dental care","potentialAction":[{"@type":"SearchAction","target":{"@type":"EntryPoint","urlTemplate":"https:\/\/www.dentled.com\/it\/?s={search_term_string}"},"query-input":{"@type":"PropertyValueSpecification","valueRequired":true,"valueName":"search_term_string"}}],"inLanguage":"it-IT"}]}},"_links":{"self":[{"href":"https:\/\/www.dentled.com\/it\/wp-json\/wp\/v2\/pages\/2473","targetHints":{"allow":["GET"]}}],"collection":[{"href":"https:\/\/www.dentled.com\/it\/wp-json\/wp\/v2\/pages"}],"about":[{"href":"https:\/\/www.dentled.com\/it\/wp-json\/wp\/v2\/types\/page"}],"author":[{"embeddable":true,"href":"https:\/\/www.dentled.com\/it\/wp-json\/wp\/v2\/users\/3"}],"replies":[{"embeddable":true,"href":"https:\/\/www.dentled.com\/it\/wp-json\/wp\/v2\/comments?post=2473"}],"version-history":[{"count":9,"href":"https:\/\/www.dentled.com\/it\/wp-json\/wp\/v2\/pages\/2473\/revisions"}],"predecessor-version":[{"id":5885,"href":"https:\/\/www.dentled.com\/it\/wp-json\/wp\/v2\/pages\/2473\/revisions\/5885"}],"up":[{"embeddable":true,"href":"https:\/\/www.dentled.com\/it\/wp-json\/wp\/v2\/pages\/4913"}],"wp:featuredmedia":[{"embeddable":true,"href":"https:\/\/www.dentled.com\/it\/wp-json\/wp\/v2\/media\/2423"}],"wp:attachment":[{"href":"https:\/\/www.dentled.com\/it\/wp-json\/wp\/v2\/media?parent=2473"}],"curies":[{"name":"wp","href":"https:\/\/api.w.org\/{rel}","templated":true}]}}