{"id":2291,"date":"2022-03-14T10:22:49","date_gmt":"2022-03-14T10:22:49","guid":{"rendered":"https:\/\/www.dentled.com\/perche-la-qualita-dellilluminazione-e-cosi-importante-in-una-clinica-odontoiatrica\/"},"modified":"2026-01-28T03:36:08","modified_gmt":"2026-01-28T03:36:08","slug":"perche-la-qualita-dellilluminazione-e-cosi-importante-in-una-clinica-odontoiatrica","status":"publish","type":"page","link":"https:\/\/www.dentled.com\/it\/luce-perfetta\/perche-la-qualita-dellilluminazione-e-cosi-importante-in-una-clinica-odontoiatrica\/","title":{"rendered":"Perch\u00e9 la qualit\u00e0 dell&#8217;illuminazione \u00e8 cos\u00ec importante in uno studio dentistico"},"content":{"rendered":"\r\n\n\t<section class=\"section\" id=\"section_691290513\">\n\t\t<div class=\"section-bg fill\" >\n\t\t\t\t\t\t\t\t\t\n\t\t\t\n\n\t\t<\/div>\n\n\t\t\n\n\t\t<div class=\"section-content relative\">\n\t\t\t <div class=\"row align-middle align-center\"  id=\"row-948519700\"> \n\t<div id=\"col-1969117644\" class=\"col medium-12 small-12 large-6\"  >\n\t\t\t\t<div class=\"col-inner\"  >\n\t\t\t\n\t\t\t \t<div class=\"img has-hover x md-x lg-x y md-y lg-y\" id=\"image_1687221163\">\n\t\t\t\t\t\t\t\t<div class=\"img-inner dark\" >\n\t\t\t<img loading=\"lazy\" decoding=\"async\" width=\"800\" height=\"800\" src=\"https:\/\/www.dentled.com\/wp-content\/uploads\/2022\/03\/3-800x800.jpg\" class=\"attachment-large size-large\" alt=\"\" srcset=\"https:\/\/www.dentled.com\/wp-content\/uploads\/2022\/03\/3-800x800.jpg 800w, https:\/\/www.dentled.com\/wp-content\/uploads\/2022\/03\/3-247x247.jpg 247w, https:\/\/www.dentled.com\/wp-content\/uploads\/2022\/03\/3-100x100.jpg 100w, https:\/\/www.dentled.com\/wp-content\/uploads\/2022\/03\/3-512x512.jpg 512w, https:\/\/www.dentled.com\/wp-content\/uploads\/2022\/03\/3-400x400.jpg 400w, https:\/\/www.dentled.com\/wp-content\/uploads\/2022\/03\/3-280x280.jpg 280w, https:\/\/www.dentled.com\/wp-content\/uploads\/2022\/03\/3-768x768.jpg 768w, https:\/\/www.dentled.com\/wp-content\/uploads\/2022\/03\/3-1536x1536.jpg 1536w, https:\/\/www.dentled.com\/wp-content\/uploads\/2022\/03\/3.jpg 1620w\" sizes=\"auto, (max-width: 800px) 100vw, 800px\" \/>\t\t\t\t\t\t\n\t\t\t\t\t<\/div>\n\t\t\t\t\t\t\t\t\n<style>\n#image_1687221163 {\n  width: 100%;\n}\n<\/style>\n\t<\/div>\n\t \t\t<\/div>\n\t\t\t\t\t<\/div>\n\n\t \n\t<div id=\"col-17510999\" class=\"col medium-12 small-12 large-6\"  >\n\t\t\t\t<div class=\"col-inner\"  >\n\t\t\t\n\t\t\t \t<div id=\"text-3835309305\" class=\"text\">\n\t\t\r\n<h1><span style=\"font-size: 160%\">Lampada per sala di trattamento odontoiatrica di DentLed<\/span><\/h1>\r\n\t\t\n<style>\n#text-3835309305 {\n  font-size: 1.3rem;\n}\n<\/style>\n\t<\/div>\n\t\r\n<h3><span style=\"font-weight: 400\">&#8211; Perch\u00e9 la qualit\u00e0 dell&#8217;illuminazione \u00e8 importante in una clinica odontoiatrica<\/span><\/h3>\r\n<p><span style=\"font-weight: 400\">Il trattamento dei denti e della cavit\u00e0 orale di un paziente \u00e8 un&#8217;attivit\u00e0 altamente responsabile e richiede un lavoro privo di errori. Dentisti, igienisti orali e odontotecnici svolgono qui lavori di precisione in un ambiente di lavoro relativamente piccolo. <\/span><\/p>\r\n\t\t<\/div>\n\t\t\t\t\n<style>\n#col-17510999 > .col-inner {\n  padding: 0px 0 0px 0px;\n}\n@media (min-width:550px) {\n  #col-17510999 > .col-inner {\n    padding: 0px 10% 0px 0px;\n  }\n}\n@media (min-width:850px) {\n  #col-17510999 > .col-inner {\n    padding: 0px 0px 0px 15%;\n  }\n}\n<\/style>\n\t<\/div>\n\n\t <\/div> \t\t<\/div>\n\n\t\t\n<style>\n#section_691290513 {\n  padding-top: 30px;\n  padding-bottom: 30px;\n}\n<\/style>\n\t<\/section>\n\t \n\t<section class=\"section\" id=\"section_1336714850\">\n\t\t<div class=\"section-bg fill\" >\n\t\t\t\t\t\t\t\t\t\n\t\t\t\n\n\t\t<\/div>\n\n\t\t\n\n\t\t<div class=\"section-content relative\">\n\t\t\t <div class=\"row\"  id=\"row-615885831\"> \n\t<div id=\"col-766918161\" class=\"col medium-4 small-12 large-5\"  >\n\t\t\t\t<div class=\"col-inner\"  >\n\t\t\t\n\t\t\t \t<div id=\"text-3002273915\" class=\"text\">\n\t\t\r\n<h3><span style=\"font-weight: 400\">L&#8217;illuminazione ottimale per gli studi: il pi\u00f9 vicino possibile alla luce del giorno<\/span><\/h3>\r\n\t\t\n<style>\n#text-3002273915 {\n  font-size: 1.75rem;\n}\n<\/style>\n\t<\/div>\n\t \t\t<\/div>\n\t\t\t\t\t<\/div>\n\n\t \n\t<div id=\"col-423815435\" class=\"col medium-8 small-12 large-7\"  >\n\t\t\t\t<div class=\"col-inner\"  >\n\t\t\t\n\t\t\t\r\n<p><span style=\"font-weight: 400\">La scelta della giusta illuminazione di lavoro gioca un ruolo decisivo per un trattamento rilassato e senza affaticamento del paziente. Le conseguenze di un&#8217;illuminazione errata del posto di lavoro sono spesso bruciore agli occhi, stanchezza, difficolt\u00e0 di concentrazione, scarsa rappresentazione del contrasto e percezione insufficiente dei colori durante il trattamento. Inoltre, le condizioni di illuminazione nello studio contribuiscono in modo significativo al benessere del paziente.  <\/span><\/p>\r\n\t\t<\/div>\n\t\t\t\t\t<\/div>\n\n\t <\/div> <div class=\"row\"  id=\"row-1514681838\"> \n\t<div id=\"col-528996293\" class=\"col small-12 large-12\"  >\n\t\t\t\t<div class=\"col-inner\"  >\n\t\t\t\n\t\t\t\r\n<p><span style=\"font-weight: 400\">L&#8217;area di trattamento di uno studio dentistico \u00e8 solitamente mantenuta in toni bianchi luminosi, accoglienti e dall&#8217;aspetto pulito. L&#8217;illuminazione a LED antiabbagliamento, simile alla luce diurna, con una temperatura di colore da 4.200 a 6.000 Kelvin, supporta l&#8217;impressione igienica e offre condizioni operative ottimali per il personale dello studio. <\/span><\/p>\r\n<p><span style=\"font-weight: 400\">La lampada operatoria dentale funziona in media con una luminosit\u00e0 di 20.000-25.000 lux, dispositivi moderni anche nella gamma di dimmerazione da 8.000 a 55.000 lux. Per evitare l&#8217;effetto tunnel, il difficile passaggio dal lavoro alla luce ambientale, l&#8217;illuminazione dell&#8217;intero ambiente di lavoro dovrebbe essere di almeno 2.000 lux. <\/span><\/p>\r\n<p><span style=\"font-weight: 400\">Il riconoscimento dei colori e dei contrasti \u00e8 fondamentale per la precisione del lavoro del personale dello studio curante. Per un trattamento dentale di successo, la luce di lavoro artificiale deve avvicinarsi il pi\u00f9 possibile alla luce del giorno e fornire un indice di resa cromatica (CRI = Color Rendering Index) superiore al 90%. <\/span><\/p>\r\n<div class=\"row\"  id=\"row-414561084\"> \n\t<div id=\"col-871786853\" class=\"col medium-6 small-12 large-6\"  >\n\t\t\t\t<div class=\"col-inner\"  >\n\t\t\t\n\t\t\t \t<div class=\"img has-hover x md-x lg-x y md-y lg-y\" id=\"image_490268264\">\n\t\t\t\t\t\t\t\t<div class=\"img-inner dark\" >\n\t\t\t<img loading=\"lazy\" decoding=\"async\" width=\"828\" height=\"800\" src=\"https:\/\/www.dentled.com\/wp-content\/uploads\/2022\/05\/Dental-treatmentroom-light-needs-2000lux-at-headrest-by-Dentled.png\" class=\"attachment-original size-original\" alt=\"\" srcset=\"https:\/\/www.dentled.com\/wp-content\/uploads\/2022\/05\/Dental-treatmentroom-light-needs-2000lux-at-headrest-by-Dentled.png 828w, https:\/\/www.dentled.com\/wp-content\/uploads\/2022\/05\/Dental-treatmentroom-light-needs-2000lux-at-headrest-by-Dentled-247x239.png 247w, https:\/\/www.dentled.com\/wp-content\/uploads\/2022\/05\/Dental-treatmentroom-light-needs-2000lux-at-headrest-by-Dentled-512x495.png 512w, https:\/\/www.dentled.com\/wp-content\/uploads\/2022\/05\/Dental-treatmentroom-light-needs-2000lux-at-headrest-by-Dentled-414x400.png 414w, https:\/\/www.dentled.com\/wp-content\/uploads\/2022\/05\/Dental-treatmentroom-light-needs-2000lux-at-headrest-by-Dentled-768x742.png 768w\" sizes=\"auto, (max-width: 828px) 100vw, 828px\" \/>\t\t\t\t\t\t\n\t\t\t\t\t<\/div>\n\t\t\t\t\t\t\t\t\n<style>\n#image_490268264 {\n  width: 100%;\n}\n<\/style>\n\t<\/div>\n\t \t\t<\/div>\n\t\t\t\t\t<\/div>\n\n\t \n\t<div id=\"col-156363182\" class=\"col medium-6 small-12 large-6\"  >\n\t\t\t\t<div class=\"col-inner\"  >\n\t\t\t\n\t\t\t \t<div class=\"img has-hover x md-x lg-x y md-y lg-y\" id=\"image_2118882687\">\n\t\t\t\t\t\t\t\t<div class=\"img-inner dark\" >\n\t\t\t<img loading=\"lazy\" decoding=\"async\" width=\"720\" height=\"800\" src=\"https:\/\/www.dentled.com\/wp-content\/uploads\/2022\/05\/Dentled-Dental-clinic-treatment-room-lighting-PHM-720x800.jpg\" class=\"attachment-large size-large\" alt=\"\" srcset=\"https:\/\/www.dentled.com\/wp-content\/uploads\/2022\/05\/Dentled-Dental-clinic-treatment-room-lighting-PHM-720x800.jpg 720w, https:\/\/www.dentled.com\/wp-content\/uploads\/2022\/05\/Dentled-Dental-clinic-treatment-room-lighting-PHM-247x274.jpg 247w, https:\/\/www.dentled.com\/wp-content\/uploads\/2022\/05\/Dentled-Dental-clinic-treatment-room-lighting-PHM-512x569.jpg 512w, https:\/\/www.dentled.com\/wp-content\/uploads\/2022\/05\/Dentled-Dental-clinic-treatment-room-lighting-PHM-360x400.jpg 360w, https:\/\/www.dentled.com\/wp-content\/uploads\/2022\/05\/Dentled-Dental-clinic-treatment-room-lighting-PHM-768x853.jpg 768w, https:\/\/www.dentled.com\/wp-content\/uploads\/2022\/05\/Dentled-Dental-clinic-treatment-room-lighting-PHM.jpg 1080w\" sizes=\"auto, (max-width: 720px) 100vw, 720px\" \/>\t\t\t\t\t\t\n\t\t\t\t\t<\/div>\n\t\t\t\t\t\t\t\t\n<style>\n#image_2118882687 {\n  width: 100%;\n}\n<\/style>\n\t<\/div>\n\t \t\t<\/div>\n\t\t\t\t\t<\/div>\n\n\t <\/div>\r\n<h2><span style=\"font-weight: 400\">Luce priva di sfarfallio per un trattamento concentrato del paziente<\/span><\/h2>\r\n<p><span style=\"font-weight: 400\">Lavorare per ore in uno studio dentistico pone elevate esigenze alla vista senza affaticamento dei dipendenti. Un&#8217;illuminazione della postazione di lavoro priva di sfarfallio costituisce una base importante per questo. Per motivi fisici, le luci LED attenuate funzionano con la modulazione dell&#8217;ampiezza dell&#8217;impulso, i. H. si accendono e si spengono ogni microsecondo.   <\/span><\/p>\r\n<p><span style=\"font-weight: 400\">Sebbene non sia consapevolmente riconoscibile, l&#8217;occhio umano deve contrastare questo cambiamento di luce. Pi\u00f9 alta \u00e8 la frequenza, meno faticoso \u00e8 questo lavoro per l&#8217;occhio. L&#8217;illuminazione che funziona a 100 Hz offre una luce ottimale per un trattamento concentrato. Ci\u00f2 garantisce anche l&#8217;uso senza sfarfallio dei sistemi di telecamere.   <\/span><\/p>\r\n<h2><span style=\"font-weight: 400\">Luce ottimale da Dentled<\/span><\/h2>\r\n<p><span style=\"font-weight: 400\">Il sistema di illuminazione di Dentled soddisfa pienamente i requisiti descritti e offre il concetto di illuminazione completo e perfetto per uno studio dentistico di successo.<\/span><\/p>\r\n\t\t<\/div>\n\t\t\t\t\t<\/div>\n\n\t <\/div> \t\t<\/div>\n\n\t\t\n<style>\n#section_1336714850 {\n  padding-top: 30px;\n  padding-bottom: 30px;\n}\n<\/style>\n\t<\/section>\n\t\r\n","protected":false},"excerpt":{"rendered":"","protected":false},"author":2,"featured_media":4276,"parent":4913,"menu_order":0,"comment_status":"closed","ping_status":"closed","template":"page-blank.php","meta":{"inline_featured_image":false,"footnotes":""},"class_list":["post-2291","page","type-page","status-publish","has-post-thumbnail","hentry"],"yoast_head":"<!-- This site is optimized with the Yoast SEO plugin v26.9 - https:\/\/yoast.com\/product\/yoast-seo-wordpress\/ -->\n<title>Perch\u00e9 la qualit\u00e0 dell&#039;illuminazione \u00e8 cos\u00ec importante in uno studio dentistico - Dentled com<\/title>\n<meta name=\"robots\" content=\"index, follow, max-snippet:-1, max-image-preview:large, max-video-preview:-1\" \/>\n<link rel=\"canonical\" href=\"https:\/\/www.dentled.com\/it\/luce-perfetta\/perche-la-qualita-dellilluminazione-e-cosi-importante-in-una-clinica-odontoiatrica\/\" \/>\n<meta property=\"og:locale\" content=\"it_IT\" \/>\n<meta property=\"og:type\" content=\"article\" \/>\n<meta property=\"og:title\" content=\"Perch\u00e9 la qualit\u00e0 dell&#039;illuminazione \u00e8 cos\u00ec importante in uno studio dentistico - Dentled com\" \/>\n<meta property=\"og:url\" content=\"https:\/\/www.dentled.com\/it\/luce-perfetta\/perche-la-qualita-dellilluminazione-e-cosi-importante-in-una-clinica-odontoiatrica\/\" \/>\n<meta property=\"og:site_name\" content=\"Dentled com\" \/>\n<meta property=\"article:modified_time\" content=\"2026-01-28T03:36:08+00:00\" \/>\n<meta property=\"og:image\" content=\"https:\/\/www.dentled.com\/wp-content\/uploads\/2022\/05\/Dentled-Dental-clinic-treatment-room-lighting-PHM.jpg\" \/>\n\t<meta property=\"og:image:width\" content=\"1080\" \/>\n\t<meta property=\"og:image:height\" content=\"1200\" \/>\n\t<meta property=\"og:image:type\" content=\"image\/jpeg\" \/>\n<meta name=\"twitter:card\" content=\"summary_large_image\" \/>\n<meta name=\"twitter:label1\" content=\"Tempo di lettura stimato\" \/>\n\t<meta name=\"twitter:data1\" content=\"3 minuti\" \/>\n<script type=\"application\/ld+json\" class=\"yoast-schema-graph\">{\"@context\":\"https:\/\/schema.org\",\"@graph\":[{\"@type\":\"WebPage\",\"@id\":\"https:\/\/www.dentled.com\/it\/luce-perfetta\/perche-la-qualita-dellilluminazione-e-cosi-importante-in-una-clinica-odontoiatrica\/\",\"url\":\"https:\/\/www.dentled.com\/it\/luce-perfetta\/perche-la-qualita-dellilluminazione-e-cosi-importante-in-una-clinica-odontoiatrica\/\",\"name\":\"Perch\u00e9 la qualit\u00e0 dell'illuminazione \u00e8 cos\u00ec importante in uno studio dentistico - Dentled com\",\"isPartOf\":{\"@id\":\"https:\/\/www.dentled.com\/it\/#website\"},\"primaryImageOfPage\":{\"@id\":\"https:\/\/www.dentled.com\/it\/luce-perfetta\/perche-la-qualita-dellilluminazione-e-cosi-importante-in-una-clinica-odontoiatrica\/#primaryimage\"},\"image\":{\"@id\":\"https:\/\/www.dentled.com\/it\/luce-perfetta\/perche-la-qualita-dellilluminazione-e-cosi-importante-in-una-clinica-odontoiatrica\/#primaryimage\"},\"thumbnailUrl\":\"https:\/\/www.dentled.com\/wp-content\/uploads\/2022\/05\/Dentled-Dental-clinic-treatment-room-lighting-PHM.jpg\",\"datePublished\":\"2022-03-14T10:22:49+00:00\",\"dateModified\":\"2026-01-28T03:36:08+00:00\",\"breadcrumb\":{\"@id\":\"https:\/\/www.dentled.com\/it\/luce-perfetta\/perche-la-qualita-dellilluminazione-e-cosi-importante-in-una-clinica-odontoiatrica\/#breadcrumb\"},\"inLanguage\":\"it-IT\",\"potentialAction\":[{\"@type\":\"ReadAction\",\"target\":[\"https:\/\/www.dentled.com\/it\/luce-perfetta\/perche-la-qualita-dellilluminazione-e-cosi-importante-in-una-clinica-odontoiatrica\/\"]}]},{\"@type\":\"ImageObject\",\"inLanguage\":\"it-IT\",\"@id\":\"https:\/\/www.dentled.com\/it\/luce-perfetta\/perche-la-qualita-dellilluminazione-e-cosi-importante-in-una-clinica-odontoiatrica\/#primaryimage\",\"url\":\"https:\/\/www.dentled.com\/wp-content\/uploads\/2022\/05\/Dentled-Dental-clinic-treatment-room-lighting-PHM.jpg\",\"contentUrl\":\"https:\/\/www.dentled.com\/wp-content\/uploads\/2022\/05\/Dentled-Dental-clinic-treatment-room-lighting-PHM.jpg\",\"width\":1080,\"height\":1200,\"caption\":\"Dentled, dentlist treatmentroom light, dentalclinic, LED light, Full spectrum daylight\"},{\"@type\":\"BreadcrumbList\",\"@id\":\"https:\/\/www.dentled.com\/it\/luce-perfetta\/perche-la-qualita-dellilluminazione-e-cosi-importante-in-una-clinica-odontoiatrica\/#breadcrumb\",\"itemListElement\":[{\"@type\":\"ListItem\",\"position\":1,\"name\":\"Home\",\"item\":\"https:\/\/www.dentled.com\/it\/\"},{\"@type\":\"ListItem\",\"position\":2,\"name\":\"Luce perfetta\",\"item\":\"https:\/\/www.dentled.com\/it\/luce-perfetta\/\"},{\"@type\":\"ListItem\",\"position\":3,\"name\":\"Perch\u00e9 la qualit\u00e0 dell&#8217;illuminazione \u00e8 cos\u00ec importante in uno studio dentistico\"}]},{\"@type\":\"WebSite\",\"@id\":\"https:\/\/www.dentled.com\/it\/#website\",\"url\":\"https:\/\/www.dentled.com\/it\/\",\"name\":\"Dentled com\",\"description\":\"Lighting for dental care\",\"potentialAction\":[{\"@type\":\"SearchAction\",\"target\":{\"@type\":\"EntryPoint\",\"urlTemplate\":\"https:\/\/www.dentled.com\/it\/?s={search_term_string}\"},\"query-input\":{\"@type\":\"PropertyValueSpecification\",\"valueRequired\":true,\"valueName\":\"search_term_string\"}}],\"inLanguage\":\"it-IT\"}]}<\/script>\n<!-- \/ Yoast SEO plugin. -->","yoast_head_json":{"title":"Perch\u00e9 la qualit\u00e0 dell'illuminazione \u00e8 cos\u00ec importante in uno studio dentistico - Dentled com","robots":{"index":"index","follow":"follow","max-snippet":"max-snippet:-1","max-image-preview":"max-image-preview:large","max-video-preview":"max-video-preview:-1"},"canonical":"https:\/\/www.dentled.com\/it\/luce-perfetta\/perche-la-qualita-dellilluminazione-e-cosi-importante-in-una-clinica-odontoiatrica\/","og_locale":"it_IT","og_type":"article","og_title":"Perch\u00e9 la qualit\u00e0 dell'illuminazione \u00e8 cos\u00ec importante in uno studio dentistico - Dentled com","og_url":"https:\/\/www.dentled.com\/it\/luce-perfetta\/perche-la-qualita-dellilluminazione-e-cosi-importante-in-una-clinica-odontoiatrica\/","og_site_name":"Dentled com","article_modified_time":"2026-01-28T03:36:08+00:00","og_image":[{"width":1080,"height":1200,"url":"https:\/\/www.dentled.com\/wp-content\/uploads\/2022\/05\/Dentled-Dental-clinic-treatment-room-lighting-PHM.jpg","type":"image\/jpeg"}],"twitter_card":"summary_large_image","twitter_misc":{"Tempo di lettura stimato":"3 minuti"},"schema":{"@context":"https:\/\/schema.org","@graph":[{"@type":"WebPage","@id":"https:\/\/www.dentled.com\/it\/luce-perfetta\/perche-la-qualita-dellilluminazione-e-cosi-importante-in-una-clinica-odontoiatrica\/","url":"https:\/\/www.dentled.com\/it\/luce-perfetta\/perche-la-qualita-dellilluminazione-e-cosi-importante-in-una-clinica-odontoiatrica\/","name":"Perch\u00e9 la qualit\u00e0 dell'illuminazione \u00e8 cos\u00ec importante in uno studio dentistico - Dentled com","isPartOf":{"@id":"https:\/\/www.dentled.com\/it\/#website"},"primaryImageOfPage":{"@id":"https:\/\/www.dentled.com\/it\/luce-perfetta\/perche-la-qualita-dellilluminazione-e-cosi-importante-in-una-clinica-odontoiatrica\/#primaryimage"},"image":{"@id":"https:\/\/www.dentled.com\/it\/luce-perfetta\/perche-la-qualita-dellilluminazione-e-cosi-importante-in-una-clinica-odontoiatrica\/#primaryimage"},"thumbnailUrl":"https:\/\/www.dentled.com\/wp-content\/uploads\/2022\/05\/Dentled-Dental-clinic-treatment-room-lighting-PHM.jpg","datePublished":"2022-03-14T10:22:49+00:00","dateModified":"2026-01-28T03:36:08+00:00","breadcrumb":{"@id":"https:\/\/www.dentled.com\/it\/luce-perfetta\/perche-la-qualita-dellilluminazione-e-cosi-importante-in-una-clinica-odontoiatrica\/#breadcrumb"},"inLanguage":"it-IT","potentialAction":[{"@type":"ReadAction","target":["https:\/\/www.dentled.com\/it\/luce-perfetta\/perche-la-qualita-dellilluminazione-e-cosi-importante-in-una-clinica-odontoiatrica\/"]}]},{"@type":"ImageObject","inLanguage":"it-IT","@id":"https:\/\/www.dentled.com\/it\/luce-perfetta\/perche-la-qualita-dellilluminazione-e-cosi-importante-in-una-clinica-odontoiatrica\/#primaryimage","url":"https:\/\/www.dentled.com\/wp-content\/uploads\/2022\/05\/Dentled-Dental-clinic-treatment-room-lighting-PHM.jpg","contentUrl":"https:\/\/www.dentled.com\/wp-content\/uploads\/2022\/05\/Dentled-Dental-clinic-treatment-room-lighting-PHM.jpg","width":1080,"height":1200,"caption":"Dentled, dentlist treatmentroom light, dentalclinic, LED light, Full spectrum daylight"},{"@type":"BreadcrumbList","@id":"https:\/\/www.dentled.com\/it\/luce-perfetta\/perche-la-qualita-dellilluminazione-e-cosi-importante-in-una-clinica-odontoiatrica\/#breadcrumb","itemListElement":[{"@type":"ListItem","position":1,"name":"Home","item":"https:\/\/www.dentled.com\/it\/"},{"@type":"ListItem","position":2,"name":"Luce perfetta","item":"https:\/\/www.dentled.com\/it\/luce-perfetta\/"},{"@type":"ListItem","position":3,"name":"Perch\u00e9 la qualit\u00e0 dell&#8217;illuminazione \u00e8 cos\u00ec importante in uno studio dentistico"}]},{"@type":"WebSite","@id":"https:\/\/www.dentled.com\/it\/#website","url":"https:\/\/www.dentled.com\/it\/","name":"Dentled com","description":"Lighting for dental care","potentialAction":[{"@type":"SearchAction","target":{"@type":"EntryPoint","urlTemplate":"https:\/\/www.dentled.com\/it\/?s={search_term_string}"},"query-input":{"@type":"PropertyValueSpecification","valueRequired":true,"valueName":"search_term_string"}}],"inLanguage":"it-IT"}]}},"_links":{"self":[{"href":"https:\/\/www.dentled.com\/it\/wp-json\/wp\/v2\/pages\/2291","targetHints":{"allow":["GET"]}}],"collection":[{"href":"https:\/\/www.dentled.com\/it\/wp-json\/wp\/v2\/pages"}],"about":[{"href":"https:\/\/www.dentled.com\/it\/wp-json\/wp\/v2\/types\/page"}],"author":[{"embeddable":true,"href":"https:\/\/www.dentled.com\/it\/wp-json\/wp\/v2\/users\/2"}],"replies":[{"embeddable":true,"href":"https:\/\/www.dentled.com\/it\/wp-json\/wp\/v2\/comments?post=2291"}],"version-history":[{"count":6,"href":"https:\/\/www.dentled.com\/it\/wp-json\/wp\/v2\/pages\/2291\/revisions"}],"predecessor-version":[{"id":6558,"href":"https:\/\/www.dentled.com\/it\/wp-json\/wp\/v2\/pages\/2291\/revisions\/6558"}],"up":[{"embeddable":true,"href":"https:\/\/www.dentled.com\/it\/wp-json\/wp\/v2\/pages\/4913"}],"wp:featuredmedia":[{"embeddable":true,"href":"https:\/\/www.dentled.com\/it\/wp-json\/wp\/v2\/media\/4276"}],"wp:attachment":[{"href":"https:\/\/www.dentled.com\/it\/wp-json\/wp\/v2\/media?parent=2291"}],"curies":[{"name":"wp","href":"https:\/\/api.w.org\/{rel}","templated":true}]}}