{"id":3373,"date":"2025-02-04T08:55:21","date_gmt":"2025-02-04T08:55:21","guid":{"rendered":"https:\/\/www.dentled.com\/product\/dl62-led-paneele\/"},"modified":"2026-01-15T10:20:02","modified_gmt":"2026-01-15T10:20:02","slug":"dl62-led-paneele","status":"publish","type":"product","link":"https:\/\/www.dentled.com\/de\/produkt\/dl62-led-paneele\/","title":{"rendered":"DL62 LED-Paneele"},"content":{"rendered":"<p>Die DL62 wurde f\u00fcr den deutschen Markt entwickelt und ist f\u00fcr die Verwendung in abgeh\u00e4ngten Decken in Deutschland vorgesehen.<\/p>\n<p>Dentled Panels sind in Rasterdeckengr\u00f6\u00dfen von 600\u00d7600 mm und 1200\u00d7300 mm erh\u00e4ltlich.<\/p>\n<p>Um weiche \u00dcberg\u00e4nge in der Lichtintensit\u00e4t in den Bereichen des Praxispersonals zu schaffen, werden Dentled Paneele oft in Fluren und Sterilisationsr\u00e4umen installiert. In sterilen Umgebungen werden an der Oberfl\u00e4che montierte Dentled Paneele aus hygienischen Gr\u00fcnden gegen\u00fcber abgeh\u00e4ngten Leuchten bevorzugt. <\/p>\n<h3><strong>Dentled &#8222;625\u00d7625 &#8211; 600\u00d7600 mm 5200 Kelvin Tageslicht LED 40 Watt&#8220; Paneele verf\u00fcgen \u00fcber:<\/strong><\/h3>\n<ul>\n<li><strong>Einhaltung der Beleuchtungsnorm DIN EN 12464-1<\/strong> f\u00fcr &#8222;Pr\u00e4zisionsarbeit mit feinen Details&#8220; (Quelle: Anhang 1)<\/li>\n<li><strong>Mindestlichtleistung von 2000 Lux<\/strong> am Arbeitsplatz (Kopfst\u00fctze des Behandlungsstuhls in der Behandlungsposition)<\/li>\n<li><strong>Flickerfreie Treiber<\/strong>, um die Belastung durch die Verarbeitung von 50-Hertz-Flimmern zu eliminieren<\/li>\n<li><strong>Geringere Erm\u00fcdung der Augen<\/strong> durch hochwertige Beleuchtungseigenschaften<\/li>\n<li><strong>RA-Wert von 98<\/strong>, f\u00fcr optimale Farbgenauigkeit<\/li>\n<li><strong>Perfektes Gleichgewicht von Funktion und Design<\/strong><\/li>\n<li><strong>Hohe Lichtleistung<\/strong> mit 40-57 Watt Tageslicht (garantiert 2000 Lux am Arbeitsplatz mit sechs Panels)<\/li>\n<li><strong>Dimmbare Optionen verf\u00fcgbar<\/strong><\/li>\n<li><strong>UGR&lt;19<\/strong> (geringe Blendung)<\/li>\n<li><strong>Energieeffizient<\/strong><\/li>\n<li><strong>Erstklassige Handwerkskunst und Qualit\u00e4t<\/strong><\/li>\n<li><strong>5 Jahre Garantie<\/strong><\/li>\n<\/ul>\n<h3 style=\"text-align: center;\"><strong>Neueste Projekte mit Dentled DL60 anzeigen<\/strong><\/h3>\n<div id=\"portfolio-545577088\" class=\"portfolio-element-wrapper has-filtering\">\n  \n    <div class=\"row large-columns-4 medium-columns-3 small-columns-2 row-small slider row-slider slider-nav-reveal slider-nav-push\"  data-flickity-options='{&quot;imagesLoaded&quot;: true, &quot;groupCells&quot;: &quot;100%&quot;, &quot;dragThreshold&quot; : 5, &quot;cellAlign&quot;: &quot;left&quot;,&quot;wrapAround&quot;: true,&quot;prevNextButtons&quot;: true,&quot;percentPosition&quot;: true,&quot;pageDots&quot;: false, &quot;rightToLeft&quot;: false, &quot;autoPlay&quot; : false}' >\n\n    <div class=\"col\" data-terms=\"[&quot;Zahnkliniken&quot;]\" >\n          <div class=\"col-inner\" >\n          <a href=\"https:\/\/www.dentled.com\/de\/featured_item\/dentled-dl62-pimpelmees-und-fotodecken-in-dr-hangs-zahnaerztlichen-behandlungsraeumen\/\" class=\"plain \">\n          <div class=\"portfolio-box box has-hover\">\n            <div class=\"box-image\" >\n                <div class=\"image-cover\" style=\"padding-top:100%;\">\n                <img loading=\"lazy\" decoding=\"async\" width=\"400\" height=\"400\" src=\"https:\/\/www.dentled.com\/wp-content\/uploads\/2025\/01\/Dentled-Dorte-Hangg-zahnartz-Praxis-beleuchtung-400x400.jpg\" class=\"attachment-medium size-medium\" alt=\"Dentled - Dorte Hangg zahnartz Praxis beleuchtung\" srcset=\"https:\/\/www.dentled.com\/wp-content\/uploads\/2025\/01\/Dentled-Dorte-Hangg-zahnartz-Praxis-beleuchtung-400x400.jpg 400w, https:\/\/www.dentled.com\/wp-content\/uploads\/2025\/01\/Dentled-Dorte-Hangg-zahnartz-Praxis-beleuchtung-800x800.jpg 800w, https:\/\/www.dentled.com\/wp-content\/uploads\/2025\/01\/Dentled-Dorte-Hangg-zahnartz-Praxis-beleuchtung-280x280.jpg 280w, https:\/\/www.dentled.com\/wp-content\/uploads\/2025\/01\/Dentled-Dorte-Hangg-zahnartz-Praxis-beleuchtung-768x768.jpg 768w, https:\/\/www.dentled.com\/wp-content\/uploads\/2025\/01\/Dentled-Dorte-Hangg-zahnartz-Praxis-beleuchtung-247x247.jpg 247w, https:\/\/www.dentled.com\/wp-content\/uploads\/2025\/01\/Dentled-Dorte-Hangg-zahnartz-Praxis-beleuchtung-512x512.jpg 512w, https:\/\/www.dentled.com\/wp-content\/uploads\/2025\/01\/Dentled-Dorte-Hangg-zahnartz-Praxis-beleuchtung-100x100.jpg 100w, https:\/\/www.dentled.com\/wp-content\/uploads\/2025\/01\/Dentled-Dorte-Hangg-zahnartz-Praxis-beleuchtung.jpg 1080w\" sizes=\"auto, (max-width: 400px) 100vw, 400px\" \/>                                                <\/div>\n            <\/div>\n            <div class=\"box-text text-center\" >\n                  <div class=\"box-text-inner\">\n                      <h6 class=\"uppercase portfolio-box-title\">DentLed DL62, Pimpelmees und Fotodecken in den zahn\u00e4rztlichen Behandlungsr\u00e4umen von Dr. Hangs.<\/h6>\n                      <p class=\"uppercase portfolio-box-category is-xsmall op-6\">\n                        <span class=\"show-on-hover\">\n                         Zahnkliniken                        <\/span>\n                      <\/p>\n                  <\/div>\n            <\/div>\n           <\/div>\n           <\/a>\n           <\/div>\n           <\/div><div class=\"col\" data-terms=\"[&quot;Zahnlabor&quot;]\" >\n          <div class=\"col-inner\" >\n          <a href=\"https:\/\/www.dentled.com\/de\/featured_item\/dentled-dl60-photo-ceilings-beleuchtungen-in-tandheelkundig-centrum-beukenlaan\/\" class=\"plain \">\n          <div class=\"portfolio-box box has-hover\">\n            <div class=\"box-image\" >\n                <div class=\"image-cover\" style=\"padding-top:100%;\">\n                <img loading=\"lazy\" decoding=\"async\" width=\"400\" height=\"400\" src=\"https:\/\/www.dentled.com\/wp-content\/uploads\/2025\/01\/Dentled-Beukenlaan-Led-lights-and-photo-panels-400x400.jpg\" class=\"attachment-medium size-medium\" alt=\"Dentled - Beukenlaan - Led lights and photo panels\" srcset=\"https:\/\/www.dentled.com\/wp-content\/uploads\/2025\/01\/Dentled-Beukenlaan-Led-lights-and-photo-panels-400x400.jpg 400w, https:\/\/www.dentled.com\/wp-content\/uploads\/2025\/01\/Dentled-Beukenlaan-Led-lights-and-photo-panels-800x800.jpg 800w, https:\/\/www.dentled.com\/wp-content\/uploads\/2025\/01\/Dentled-Beukenlaan-Led-lights-and-photo-panels-280x280.jpg 280w, https:\/\/www.dentled.com\/wp-content\/uploads\/2025\/01\/Dentled-Beukenlaan-Led-lights-and-photo-panels-768x768.jpg 768w, https:\/\/www.dentled.com\/wp-content\/uploads\/2025\/01\/Dentled-Beukenlaan-Led-lights-and-photo-panels-247x247.jpg 247w, https:\/\/www.dentled.com\/wp-content\/uploads\/2025\/01\/Dentled-Beukenlaan-Led-lights-and-photo-panels-512x512.jpg 512w, https:\/\/www.dentled.com\/wp-content\/uploads\/2025\/01\/Dentled-Beukenlaan-Led-lights-and-photo-panels-100x100.jpg 100w, https:\/\/www.dentled.com\/wp-content\/uploads\/2025\/01\/Dentled-Beukenlaan-Led-lights-and-photo-panels.jpg 1080w\" sizes=\"auto, (max-width: 400px) 100vw, 400px\" \/>                                                <\/div>\n            <\/div>\n            <div class=\"box-text text-center\" >\n                  <div class=\"box-text-inner\">\n                      <h6 class=\"uppercase portfolio-box-title\">DentLed DL60 Beleuchtung und Fotodecken im Tandheelkundig Centrum Beukenlaan<\/h6>\n                      <p class=\"uppercase portfolio-box-category is-xsmall op-6\">\n                        <span class=\"show-on-hover\">\n                         Zahnlabor                        <\/span>\n                      <\/p>\n                  <\/div>\n            <\/div>\n           <\/div>\n           <\/a>\n           <\/div>\n           <\/div><div class=\"col\" data-terms=\"[&quot;Zahnkliniken&quot;]\" >\n          <div class=\"col-inner\" >\n          <a href=\"https:\/\/www.dentled.com\/de\/featured_item\/dentled-dl60-dentale-beleuchtung-bei-tannlege-asphaug-as\/\" class=\"plain \">\n          <div class=\"portfolio-box box has-hover\">\n            <div class=\"box-image\" >\n                <div class=\"image-cover\" style=\"padding-top:100%;\">\n                <img loading=\"lazy\" decoding=\"async\" width=\"400\" height=\"400\" src=\"https:\/\/www.dentled.com\/wp-content\/uploads\/2025\/01\/DentLed-DL60-lighting-installed-at-Tannlege-Asphaug-AS-400x400.jpg\" class=\"attachment-medium size-medium\" alt=\"DentLed DL60 lighting installed at Tannlege Asphaug AS\" srcset=\"https:\/\/www.dentled.com\/wp-content\/uploads\/2025\/01\/DentLed-DL60-lighting-installed-at-Tannlege-Asphaug-AS-400x400.jpg 400w, https:\/\/www.dentled.com\/wp-content\/uploads\/2025\/01\/DentLed-DL60-lighting-installed-at-Tannlege-Asphaug-AS-800x800.jpg 800w, https:\/\/www.dentled.com\/wp-content\/uploads\/2025\/01\/DentLed-DL60-lighting-installed-at-Tannlege-Asphaug-AS-280x280.jpg 280w, https:\/\/www.dentled.com\/wp-content\/uploads\/2025\/01\/DentLed-DL60-lighting-installed-at-Tannlege-Asphaug-AS-768x768.jpg 768w, https:\/\/www.dentled.com\/wp-content\/uploads\/2025\/01\/DentLed-DL60-lighting-installed-at-Tannlege-Asphaug-AS-247x247.jpg 247w, https:\/\/www.dentled.com\/wp-content\/uploads\/2025\/01\/DentLed-DL60-lighting-installed-at-Tannlege-Asphaug-AS-512x512.jpg 512w, https:\/\/www.dentled.com\/wp-content\/uploads\/2025\/01\/DentLed-DL60-lighting-installed-at-Tannlege-Asphaug-AS-100x100.jpg 100w, https:\/\/www.dentled.com\/wp-content\/uploads\/2025\/01\/DentLed-DL60-lighting-installed-at-Tannlege-Asphaug-AS.jpg 1080w\" sizes=\"auto, (max-width: 400px) 100vw, 400px\" \/>                                                <\/div>\n            <\/div>\n            <div class=\"box-text text-center\" >\n                  <div class=\"box-text-inner\">\n                      <h6 class=\"uppercase portfolio-box-title\">DentLed DL60: Dentale Beleuchtung bei Tannlege Asphaug AS.<\/h6>\n                      <p class=\"uppercase portfolio-box-category is-xsmall op-6\">\n                        <span class=\"show-on-hover\">\n                         Zahnkliniken                        <\/span>\n                      <\/p>\n                  <\/div>\n            <\/div>\n           <\/div>\n           <\/a>\n           <\/div>\n           <\/div><div class=\"col\" data-terms=\"[&quot;Zahnkliniken&quot;]\" >\n          <div class=\"col-inner\" >\n          <a href=\"https:\/\/www.dentled.com\/de\/featured_item\/zahnarztpraxis-bag-dr-kaiser-dr-zobel-und-partner-steinen-beleuchtungsinstallation-fuer-zahnarztpraxis\/\" class=\"plain \">\n          <div class=\"portfolio-box box has-hover\">\n            <div class=\"box-image\" >\n                <div class=\"image-cover\" style=\"padding-top:100%;\">\n                <img loading=\"lazy\" decoding=\"async\" width=\"400\" height=\"400\" src=\"https:\/\/www.dentled.com\/wp-content\/uploads\/2023\/10\/Dental-clinic-plan-with-treatment-room-LED-Lighting-400x400.jpg\" class=\"attachment-medium size-medium\" alt=\"\" srcset=\"https:\/\/www.dentled.com\/wp-content\/uploads\/2023\/10\/Dental-clinic-plan-with-treatment-room-LED-Lighting-400x400.jpg 400w, https:\/\/www.dentled.com\/wp-content\/uploads\/2023\/10\/Dental-clinic-plan-with-treatment-room-LED-Lighting-800x800.jpg 800w, https:\/\/www.dentled.com\/wp-content\/uploads\/2023\/10\/Dental-clinic-plan-with-treatment-room-LED-Lighting-280x280.jpg 280w, https:\/\/www.dentled.com\/wp-content\/uploads\/2023\/10\/Dental-clinic-plan-with-treatment-room-LED-Lighting-768x768.jpg 768w, https:\/\/www.dentled.com\/wp-content\/uploads\/2023\/10\/Dental-clinic-plan-with-treatment-room-LED-Lighting-247x247.jpg 247w, https:\/\/www.dentled.com\/wp-content\/uploads\/2023\/10\/Dental-clinic-plan-with-treatment-room-LED-Lighting-512x512.jpg 512w, https:\/\/www.dentled.com\/wp-content\/uploads\/2023\/10\/Dental-clinic-plan-with-treatment-room-LED-Lighting-100x100.jpg 100w, https:\/\/www.dentled.com\/wp-content\/uploads\/2023\/10\/Dental-clinic-plan-with-treatment-room-LED-Lighting.jpg 1080w\" sizes=\"auto, (max-width: 400px) 100vw, 400px\" \/>                                                <\/div>\n            <\/div>\n            <div class=\"box-text text-center\" >\n                  <div class=\"box-text-inner\">\n                      <h6 class=\"uppercase portfolio-box-title\">Zahnarztpraxis BAG Dr. Kaiser, Dr. Zobel und Partner &#8211; Steinen &#8211; Beleuchtungssystem f\u00fcr Zahnarztpraxen<\/h6>\n                      <p class=\"uppercase portfolio-box-category is-xsmall op-6\">\n                        <span class=\"show-on-hover\">\n                         Zahnkliniken                        <\/span>\n                      <\/p>\n                  <\/div>\n            <\/div>\n           <\/div>\n           <\/a>\n           <\/div>\n           <\/div><\/div><\/div>\n","protected":false},"excerpt":{"rendered":"<p><strong>Dentled Tageslicht-LED-Panel &#8211; 5000 Kelvin &#8211; 40-Watt<\/strong><\/p>\n<p><strong>Dentled Daylight LED-Paneel &#8211; 625&#215;625 mm (deutsche Gr\u00f6\u00dfe f\u00fcr abgeh\u00e4ngte Decken)<\/strong><\/p>\n<p>Dentled Panels sind mit den hochwertigsten LEDs ausgestattet.<br \/>\nEntworfen in einer Tageslichtfarbe mit einem RA-Wert von 98 f\u00fcr optimale Farbgenauigkeit. Au\u00dferdem werden Sie sich mit Tageslicht im Vollspektrumbereich wohler f\u00fchlen. <\/p>\n<h3>Merkmale:<\/h3>\n<ul>\n<li>Reduziert die Erm\u00fcdung der Augen<\/li>\n<li>Garantiert eine Mindestlichtleistung von 2000 Lux an Ihrem Arbeitsplatz (Kopfst\u00fctze des Behandlungsstuhls in der Behandlungsposition)<\/li>\n<li>Dank des hohen RA-Wertes ist es f\u00fcr den Patienten nicht l\u00e4stig, direkt in die Panels zu schauen.<\/li>\n<li>Dentled Panels sind mit flimmerfreien Treibern ausgestattet, die die Augen entlasten. Standard-LED-Beleuchtung arbeitet mit 50 Hertz, was bei der Betrachtung durch eine Telefonkamera als Flimmern wahrgenommen werden kann. Unsere Augen nehmen dieses Flimmern unbewusst wahr.  <\/li>\n<\/ul>\n","protected":false},"featured_media":3833,"template":"","meta":{"inline_featured_image":false},"product_brand":[],"product_cat":[46],"product_tag":[],"class_list":{"0":"post-3373","1":"product","2":"type-product","3":"status-publish","4":"has-post-thumbnail","6":"product_cat-led-paneele","8":"first","9":"instock","10":"taxable","11":"shipping-taxable","12":"product-type-simple"},"yoast_head":"<!-- This site is optimized with the Yoast SEO plugin v26.9 - https:\/\/yoast.com\/product\/yoast-seo-wordpress\/ -->\n<title>DL62 LED-Paneele - Beleuchtung f\u00fcr die Zahnpflege<\/title>\n<meta name=\"description\" content=\"Dentled LED-Paneele f\u00fcr Behandlungsr\u00e4ume und Arbeitsbereiche in Zahnkliniken. Tageslicht-LED-Paneele mit vollem Spektrum.\" \/>\n<meta name=\"robots\" content=\"index, follow, max-snippet:-1, max-image-preview:large, max-video-preview:-1\" \/>\n<link rel=\"canonical\" href=\"https:\/\/www.dentled.com\/de\/produkt\/dl62-led-paneele\/\" \/>\n<meta property=\"og:locale\" content=\"de_DE\" \/>\n<meta property=\"og:type\" content=\"article\" \/>\n<meta property=\"og:title\" content=\"DL62 LED-Paneele - Beleuchtung f\u00fcr die Zahnpflege\" \/>\n<meta property=\"og:description\" content=\"Dentled LED-Paneele f\u00fcr Behandlungsr\u00e4ume und Arbeitsbereiche in Zahnkliniken. Tageslicht-LED-Paneele mit vollem Spektrum.\" \/>\n<meta property=\"og:url\" content=\"https:\/\/www.dentled.com\/de\/produkt\/dl62-led-paneele\/\" \/>\n<meta property=\"og:site_name\" content=\"Dentled com\" \/>\n<meta property=\"article:modified_time\" content=\"2026-01-15T10:20:02+00:00\" \/>\n<meta property=\"og:image\" content=\"https:\/\/www.dentled.com\/wp-content\/uploads\/2025\/03\/Part-2-Renovation-of-the-dental-clinic-with-new-lighting-in-the-treatment-rooms.jpg\" \/>\n\t<meta property=\"og:image:width\" content=\"1080\" \/>\n\t<meta property=\"og:image:height\" content=\"1080\" \/>\n\t<meta property=\"og:image:type\" content=\"image\/jpeg\" \/>\n<meta name=\"twitter:card\" content=\"summary_large_image\" \/>\n<meta name=\"twitter:label1\" content=\"Gesch\u00e4tzte Lesezeit\" \/>\n\t<meta name=\"twitter:data1\" content=\"1\u00a0Minute\" \/>\n<script type=\"application\/ld+json\" class=\"yoast-schema-graph\">{\"@context\":\"https:\/\/schema.org\",\"@graph\":[{\"@type\":\"WebPage\",\"@id\":\"https:\/\/www.dentled.com\/de\/produkt\/dl62-led-paneele\/\",\"url\":\"https:\/\/www.dentled.com\/de\/produkt\/dl62-led-paneele\/\",\"name\":\"DL62 LED-Paneele - Beleuchtung f\u00fcr die Zahnpflege\",\"isPartOf\":{\"@id\":\"https:\/\/www.dentled.com\/de\/#website\"},\"primaryImageOfPage\":{\"@id\":\"https:\/\/www.dentled.com\/de\/produkt\/dl62-led-paneele\/#primaryimage\"},\"image\":{\"@id\":\"https:\/\/www.dentled.com\/de\/produkt\/dl62-led-paneele\/#primaryimage\"},\"thumbnailUrl\":\"https:\/\/www.dentled.com\/wp-content\/uploads\/2025\/03\/Part-2-Renovation-of-the-dental-clinic-with-new-lighting-in-the-treatment-rooms.jpg\",\"datePublished\":\"2025-02-04T08:55:21+00:00\",\"dateModified\":\"2026-01-15T10:20:02+00:00\",\"description\":\"Dentled LED-Paneele f\u00fcr Behandlungsr\u00e4ume und Arbeitsbereiche in Zahnkliniken. Tageslicht-LED-Paneele mit vollem Spektrum.\",\"breadcrumb\":{\"@id\":\"https:\/\/www.dentled.com\/de\/produkt\/dl62-led-paneele\/#breadcrumb\"},\"inLanguage\":\"de\",\"potentialAction\":[{\"@type\":\"ReadAction\",\"target\":[\"https:\/\/www.dentled.com\/de\/produkt\/dl62-led-paneele\/\"]}]},{\"@type\":\"ImageObject\",\"inLanguage\":\"de\",\"@id\":\"https:\/\/www.dentled.com\/de\/produkt\/dl62-led-paneele\/#primaryimage\",\"url\":\"https:\/\/www.dentled.com\/wp-content\/uploads\/2025\/03\/Part-2-Renovation-of-the-dental-clinic-with-new-lighting-in-the-treatment-rooms.jpg\",\"contentUrl\":\"https:\/\/www.dentled.com\/wp-content\/uploads\/2025\/03\/Part-2-Renovation-of-the-dental-clinic-with-new-lighting-in-the-treatment-rooms.jpg\",\"width\":1080,\"height\":1080,\"caption\":\"xr:d:DAFUBevlcLU:8,j:43586183315,t:22121314\"},{\"@type\":\"BreadcrumbList\",\"@id\":\"https:\/\/www.dentled.com\/de\/produkt\/dl62-led-paneele\/#breadcrumb\",\"itemListElement\":[{\"@type\":\"ListItem\",\"position\":1,\"name\":\"Home\",\"item\":\"https:\/\/www.dentled.com\/de\/\"},{\"@type\":\"ListItem\",\"position\":2,\"name\":\"Produkt\",\"item\":\"https:\/\/www.dentled.com\/de\/produkt\/\"},{\"@type\":\"ListItem\",\"position\":3,\"name\":\"DL62 LED-Paneele\"}]},{\"@type\":\"WebSite\",\"@id\":\"https:\/\/www.dentled.com\/de\/#website\",\"url\":\"https:\/\/www.dentled.com\/de\/\",\"name\":\"Dentled com\",\"description\":\"Lighting for dental care\",\"potentialAction\":[{\"@type\":\"SearchAction\",\"target\":{\"@type\":\"EntryPoint\",\"urlTemplate\":\"https:\/\/www.dentled.com\/de\/?s={search_term_string}\"},\"query-input\":{\"@type\":\"PropertyValueSpecification\",\"valueRequired\":true,\"valueName\":\"search_term_string\"}}],\"inLanguage\":\"de\"}]}<\/script>\n<!-- \/ Yoast SEO plugin. -->","yoast_head_json":{"title":"DL62 LED-Paneele - Beleuchtung f\u00fcr die Zahnpflege","description":"Dentled LED-Paneele f\u00fcr Behandlungsr\u00e4ume und Arbeitsbereiche in Zahnkliniken. Tageslicht-LED-Paneele mit vollem Spektrum.","robots":{"index":"index","follow":"follow","max-snippet":"max-snippet:-1","max-image-preview":"max-image-preview:large","max-video-preview":"max-video-preview:-1"},"canonical":"https:\/\/www.dentled.com\/de\/produkt\/dl62-led-paneele\/","og_locale":"de_DE","og_type":"article","og_title":"DL62 LED-Paneele - Beleuchtung f\u00fcr die Zahnpflege","og_description":"Dentled LED-Paneele f\u00fcr Behandlungsr\u00e4ume und Arbeitsbereiche in Zahnkliniken. Tageslicht-LED-Paneele mit vollem Spektrum.","og_url":"https:\/\/www.dentled.com\/de\/produkt\/dl62-led-paneele\/","og_site_name":"Dentled com","article_modified_time":"2026-01-15T10:20:02+00:00","og_image":[{"width":1080,"height":1080,"url":"https:\/\/www.dentled.com\/wp-content\/uploads\/2025\/03\/Part-2-Renovation-of-the-dental-clinic-with-new-lighting-in-the-treatment-rooms.jpg","type":"image\/jpeg"}],"twitter_card":"summary_large_image","twitter_misc":{"Gesch\u00e4tzte Lesezeit":"1\u00a0Minute"},"schema":{"@context":"https:\/\/schema.org","@graph":[{"@type":"WebPage","@id":"https:\/\/www.dentled.com\/de\/produkt\/dl62-led-paneele\/","url":"https:\/\/www.dentled.com\/de\/produkt\/dl62-led-paneele\/","name":"DL62 LED-Paneele - Beleuchtung f\u00fcr die Zahnpflege","isPartOf":{"@id":"https:\/\/www.dentled.com\/de\/#website"},"primaryImageOfPage":{"@id":"https:\/\/www.dentled.com\/de\/produkt\/dl62-led-paneele\/#primaryimage"},"image":{"@id":"https:\/\/www.dentled.com\/de\/produkt\/dl62-led-paneele\/#primaryimage"},"thumbnailUrl":"https:\/\/www.dentled.com\/wp-content\/uploads\/2025\/03\/Part-2-Renovation-of-the-dental-clinic-with-new-lighting-in-the-treatment-rooms.jpg","datePublished":"2025-02-04T08:55:21+00:00","dateModified":"2026-01-15T10:20:02+00:00","description":"Dentled LED-Paneele f\u00fcr Behandlungsr\u00e4ume und Arbeitsbereiche in Zahnkliniken. Tageslicht-LED-Paneele mit vollem Spektrum.","breadcrumb":{"@id":"https:\/\/www.dentled.com\/de\/produkt\/dl62-led-paneele\/#breadcrumb"},"inLanguage":"de","potentialAction":[{"@type":"ReadAction","target":["https:\/\/www.dentled.com\/de\/produkt\/dl62-led-paneele\/"]}]},{"@type":"ImageObject","inLanguage":"de","@id":"https:\/\/www.dentled.com\/de\/produkt\/dl62-led-paneele\/#primaryimage","url":"https:\/\/www.dentled.com\/wp-content\/uploads\/2025\/03\/Part-2-Renovation-of-the-dental-clinic-with-new-lighting-in-the-treatment-rooms.jpg","contentUrl":"https:\/\/www.dentled.com\/wp-content\/uploads\/2025\/03\/Part-2-Renovation-of-the-dental-clinic-with-new-lighting-in-the-treatment-rooms.jpg","width":1080,"height":1080,"caption":"xr:d:DAFUBevlcLU:8,j:43586183315,t:22121314"},{"@type":"BreadcrumbList","@id":"https:\/\/www.dentled.com\/de\/produkt\/dl62-led-paneele\/#breadcrumb","itemListElement":[{"@type":"ListItem","position":1,"name":"Home","item":"https:\/\/www.dentled.com\/de\/"},{"@type":"ListItem","position":2,"name":"Produkt","item":"https:\/\/www.dentled.com\/de\/produkt\/"},{"@type":"ListItem","position":3,"name":"DL62 LED-Paneele"}]},{"@type":"WebSite","@id":"https:\/\/www.dentled.com\/de\/#website","url":"https:\/\/www.dentled.com\/de\/","name":"Dentled com","description":"Lighting for dental care","potentialAction":[{"@type":"SearchAction","target":{"@type":"EntryPoint","urlTemplate":"https:\/\/www.dentled.com\/de\/?s={search_term_string}"},"query-input":{"@type":"PropertyValueSpecification","valueRequired":true,"valueName":"search_term_string"}}],"inLanguage":"de"}]}},"_links":{"self":[{"href":"https:\/\/www.dentled.com\/de\/wp-json\/wp\/v2\/product\/3373","targetHints":{"allow":["GET"]}}],"collection":[{"href":"https:\/\/www.dentled.com\/de\/wp-json\/wp\/v2\/product"}],"about":[{"href":"https:\/\/www.dentled.com\/de\/wp-json\/wp\/v2\/types\/product"}],"wp:featuredmedia":[{"embeddable":true,"href":"https:\/\/www.dentled.com\/de\/wp-json\/wp\/v2\/media\/3833"}],"wp:attachment":[{"href":"https:\/\/www.dentled.com\/de\/wp-json\/wp\/v2\/media?parent=3373"}],"wp:term":[{"taxonomy":"product_brand","embeddable":true,"href":"https:\/\/www.dentled.com\/de\/wp-json\/wp\/v2\/product_brand?post=3373"},{"taxonomy":"product_cat","embeddable":true,"href":"https:\/\/www.dentled.com\/de\/wp-json\/wp\/v2\/product_cat?post=3373"},{"taxonomy":"product_tag","embeddable":true,"href":"https:\/\/www.dentled.com\/de\/wp-json\/wp\/v2\/product_tag?post=3373"}],"curies":[{"name":"wp","href":"https:\/\/api.w.org\/{rel}","templated":true}]}}