{"id":5711,"date":"2023-05-10T14:25:06","date_gmt":"2023-05-10T14:25:06","guid":{"rendered":"https:\/\/www.dentled.com\/perfektes-licht\/werfen-sie-ein-licht-auf-die-vorteile-eines-upgrades-auf-led-beleuchtung-in-ihrer-zahnklinik\/"},"modified":"2025-10-22T05:05:48","modified_gmt":"2025-10-22T05:05:48","slug":"werfen-sie-ein-licht-auf-die-vorteile-eines-upgrades-auf-led-beleuchtung-in-ihrer-zahnklinik","status":"publish","type":"page","link":"https:\/\/www.dentled.com\/de\/perfektes-licht\/werfen-sie-ein-licht-auf-die-vorteile-eines-upgrades-auf-led-beleuchtung-in-ihrer-zahnklinik\/","title":{"rendered":"Die Vorteile einer Umstellung auf LED-Beleuchtung in Ihrer Zahnklinik im Licht der \u00d6ffentlichkeit"},"content":{"rendered":"\n\t<section class=\"section\" id=\"section_1199006316\">\n\t\t<div class=\"section-bg fill\" >\n\t\t\t\t\t\t\t\t\t<div class=\"section-bg-overlay absolute fill\"><\/div>\n\t\t\t\n\n\t\t<\/div>\n\n\t\t\n\n\t\t<div class=\"section-content relative\">\n\t\t\t\n<div class=\"row\"  id=\"row-1398755624\">\n\n\t<div id=\"col-755835297\" class=\"col small-12 large-12\"  >\n\t\t\t\t<div class=\"col-inner\"  >\n\t\t\t\n\t\t\t\n<h1 class=\"entry-title\" style=\"text-align: center\">Die Vorteile einer Umstellung auf LED-Beleuchtung in Ihrer Zahnklinik im Licht der \u00d6ffentlichkeit<\/h1>\n<div class=\"text-center\"><div class=\"is-divider divider clearfix\" style=\"max-width:60%;background-color:rgb(255, 102, 0);\"><\/div><\/div>\n\t<div class=\"img has-hover x md-x lg-x y md-y lg-y\" id=\"image_1251770981\">\n\t\t\t\t\t\t\t\t<div class=\"img-inner image-cover dark\" style=\"padding-top:100%;\">\n\t\t\t<img loading=\"lazy\" decoding=\"async\" width=\"800\" height=\"800\" src=\"https:\/\/www.dentled.com\/wp-content\/uploads\/2022\/06\/Dentled-PHL14-Duo-dental-treatment-room-clinic-lighting-800x800.jpg\" class=\"attachment-large size-large\" alt=\"\" srcset=\"https:\/\/www.dentled.com\/wp-content\/uploads\/2022\/06\/Dentled-PHL14-Duo-dental-treatment-room-clinic-lighting-800x800.jpg 800w, https:\/\/www.dentled.com\/wp-content\/uploads\/2022\/06\/Dentled-PHL14-Duo-dental-treatment-room-clinic-lighting-400x400.jpg 400w, https:\/\/www.dentled.com\/wp-content\/uploads\/2022\/06\/Dentled-PHL14-Duo-dental-treatment-room-clinic-lighting-280x280.jpg 280w, https:\/\/www.dentled.com\/wp-content\/uploads\/2022\/06\/Dentled-PHL14-Duo-dental-treatment-room-clinic-lighting-768x768.jpg 768w, https:\/\/www.dentled.com\/wp-content\/uploads\/2022\/06\/Dentled-PHL14-Duo-dental-treatment-room-clinic-lighting-247x247.jpg 247w, https:\/\/www.dentled.com\/wp-content\/uploads\/2022\/06\/Dentled-PHL14-Duo-dental-treatment-room-clinic-lighting-512x512.jpg 512w, https:\/\/www.dentled.com\/wp-content\/uploads\/2022\/06\/Dentled-PHL14-Duo-dental-treatment-room-clinic-lighting-100x100.jpg 100w, https:\/\/www.dentled.com\/wp-content\/uploads\/2022\/06\/Dentled-PHL14-Duo-dental-treatment-room-clinic-lighting.jpg 1080w\" sizes=\"auto, (max-width: 800px) 100vw, 800px\" \/>\t\t\t\t\t\t\n\t\t\t\t\t<\/div>\n\t\t\t\t\t\t\t\t\n<style>\n#image_1251770981 {\n  width: 100%;\n}\n<\/style>\n\t<\/div>\n\t\n\t\t<\/div>\n\t\t\t\t\t<\/div>\n\n\t\n\n<style>\n#row-1398755624 > .col > .col-inner {\n  padding: 30px 0px 0px 0px;\n}\n<\/style>\n<\/div>\n<div class=\"row\"  id=\"row-494181946\">\n\n\t<div id=\"col-1496834519\" class=\"col small-12 large-12\"  >\n\t\t\t\t<div class=\"col-inner\"  >\n\t\t\t\n\t\t\t\n<p>Wenn Sie eine Zahnarztpraxis besitzen oder betreiben, wissen Sie, dass eine angemessene Beleuchtung f\u00fcr eine hochwertige Behandlung Ihrer Patienten unerl\u00e4sslich ist. Aber haben Sie schon einmal dar\u00fcber nachgedacht, auf LED-Beleuchtung umzusteigen? Wenn nicht, ist es vielleicht an der Zeit, die Vorteile in Betracht zu ziehen.  <\/p>\n<h2><strong>Hier sind nur einige Gr\u00fcnde, warum die Umstellung auf LED-Beleuchtung f\u00fcr Ihre Zahnarztpraxis von Vorteil sein kann:<\/strong><\/h2>\n<hr>\n<ol>\n<li><strong>Bessere Sichtbarkeit<\/strong> LED-Leuchten bieten ein helleres, nat\u00fcrlicher wirkendes Licht als herk\u00f6mmliche Beleuchtungsoptionen. So k\u00f6nnen Sie w\u00e4hrend der Behandlung besser sehen, was Sie tun, und sicherstellen, dass Sie Ihren Patienten die bestm\u00f6gliche Behandlung bieten. <\/li>\n<li><strong>Energieeffizienz<\/strong> LED-Leuchten verbrauchen deutlich weniger Energie als herk\u00f6mmliche Beleuchtungsoptionen, was zu niedrigeren Energierechnungen und einer geringeren CO2-Bilanz f\u00fcr Ihre Klinik f\u00fchren kann. Au\u00dferdem haben LED-Leuchten eine l\u00e4ngere Lebensdauer als herk\u00f6mmliche Gl\u00fchbirnen, was bedeutet, dass Sie weniger Zeit und Geld f\u00fcr den Austausch der Lampen aufwenden m\u00fcssen. <\/li>\n<li><strong>Geringere W\u00e4rmeentwicklung<\/strong> Herk\u00f6mmliche Beleuchtungsoptionen k\u00f6nnen eine betr\u00e4chtliche Menge an W\u00e4rme erzeugen, was sowohl f\u00fcr Sie als auch f\u00fcr Ihre Patienten unangenehm sein kann. LED-Leuchten hingegen erzeugen nur sehr wenig W\u00e4rme, was dazu beitragen kann, dass Ihre Klinik k\u00fchl und angenehm bleibt. <\/li>\n<li><strong>Bessere Farbwiedergabe LED-Lampen<\/strong> haben einen hohen Farbwiedergabeindex (CRI), was bedeutet, dass sie Farben genau wiedergeben k\u00f6nnen. Dies kann besonders wichtig sein, wenn Sie Farben f\u00fcr Restaurationen ausw\u00e4hlen, da Sie sicherstellen m\u00f6chten, dass die Farbe den nat\u00fcrlichen Z\u00e4hnen des Patienten so gut wie m\u00f6glich entspricht. <\/li>\n<li><strong>Verbesserte Patientenerfahrung<\/strong> Die Umstellung auf LED-Beleuchtung kann dazu beitragen, eine komfortablere und einladendere Umgebung f\u00fcr Ihre Patienten zu schaffen. LED-Beleuchtung bietet ein helleres, nat\u00fcrlicheres Licht, das \u00c4ngste abbaut und daf\u00fcr sorgt, dass sich die Patienten wohler f\u00fchlen. <\/li>\n<\/ol>\n<p>Zusammenfassend l\u00e4sst sich sagen, dass die <strong>Umstellung auf LED-Beleuchtung<\/strong> in Ihrer Zahnarztpraxis zahlreiche Vorteile bietet, von einer besseren Sicht bis hin zu einer besseren Patientenerfahrung. Warum also nicht noch heute den Wechsel in Erw\u00e4gung ziehen? Ihre Patienten (und Ihre Stromrechnung) werden es Ihnen danken.    <span style=\"color: #ff6600\"><strong><a style=\"color: #ff6600\" href=\"https:\/\/www.dentled.com\/de\/kontakt\/\" target=\"_blank\" rel=\"noopener\">Bitte kontaktieren Sie uns f\u00fcr weitere Informationen!<\/a><\/strong><\/span><\/p>\n\t\t<\/div>\n\t\t\t\t\t<\/div>\n\n\t\n<\/div>\n\t\t<\/div>\n\n\t\t\n<style>\n#section_1199006316 {\n  padding-top: 0px;\n  padding-bottom: 0px;\n  background-color: rgb(247, 247, 247);\n}\n#section_1199006316 .section-bg-overlay {\n  background-color: rgba(255, 255, 255, 0.85);\n}\n<\/style>\n\t<\/section>\n\t\n","protected":false},"excerpt":{"rendered":"","protected":false},"author":6,"featured_media":1754,"parent":4906,"menu_order":0,"comment_status":"closed","ping_status":"closed","template":"","meta":{"inline_featured_image":false,"footnotes":""},"class_list":["post-5711","page","type-page","status-publish","has-post-thumbnail","hentry"],"yoast_head":"<!-- This site is optimized with the Yoast SEO plugin v26.9 - https:\/\/yoast.com\/product\/yoast-seo-wordpress\/ -->\n<title>Die Vorteile einer Umstellung auf LED-Beleuchtung in Ihrer Zahnklinik<\/title>\n<meta name=\"description\" content=\"R\u00fcsten Sie Ihre Zahnarztpraxis auf LED-Beleuchtung um, um eine bessere Sichtbarkeit, Energieeffizienz, geringere W\u00e4rmeentwicklung, bessere Farbwiedergabe und ein besseres Patientenerlebnis zu erzielen.\" \/>\n<meta name=\"robots\" content=\"index, follow, max-snippet:-1, max-image-preview:large, max-video-preview:-1\" \/>\n<link rel=\"canonical\" href=\"https:\/\/www.dentled.com\/de\/perfektes-licht\/werfen-sie-ein-licht-auf-die-vorteile-eines-upgrades-auf-led-beleuchtung-in-ihrer-zahnklinik\/\" \/>\n<meta property=\"og:locale\" content=\"de_DE\" \/>\n<meta property=\"og:type\" content=\"article\" \/>\n<meta property=\"og:title\" content=\"Die Vorteile einer Umstellung auf LED-Beleuchtung in Ihrer Zahnklinik\" \/>\n<meta property=\"og:description\" content=\"R\u00fcsten Sie Ihre Zahnarztpraxis auf LED-Beleuchtung um, um eine bessere Sichtbarkeit, Energieeffizienz, geringere W\u00e4rmeentwicklung, bessere Farbwiedergabe und ein besseres Patientenerlebnis zu erzielen.\" \/>\n<meta property=\"og:url\" content=\"https:\/\/www.dentled.com\/de\/perfektes-licht\/werfen-sie-ein-licht-auf-die-vorteile-eines-upgrades-auf-led-beleuchtung-in-ihrer-zahnklinik\/\" \/>\n<meta property=\"og:site_name\" content=\"Dentled com\" \/>\n<meta property=\"article:modified_time\" content=\"2025-10-22T05:05:48+00:00\" \/>\n<meta property=\"og:image\" content=\"https:\/\/www.dentled.com\/wp-content\/uploads\/2022\/06\/Dentled-PHL14-Duo-dental-treatment-room-clinic-lighting.jpg\" \/>\n\t<meta property=\"og:image:width\" content=\"1080\" \/>\n\t<meta property=\"og:image:height\" content=\"1080\" \/>\n\t<meta property=\"og:image:type\" content=\"image\/jpeg\" \/>\n<meta name=\"twitter:card\" content=\"summary_large_image\" \/>\n<meta name=\"twitter:label1\" content=\"Gesch\u00e4tzte Lesezeit\" \/>\n\t<meta name=\"twitter:data1\" content=\"2\u00a0Minuten\" \/>\n<script type=\"application\/ld+json\" class=\"yoast-schema-graph\">{\"@context\":\"https:\/\/schema.org\",\"@graph\":[{\"@type\":\"WebPage\",\"@id\":\"https:\/\/www.dentled.com\/de\/perfektes-licht\/werfen-sie-ein-licht-auf-die-vorteile-eines-upgrades-auf-led-beleuchtung-in-ihrer-zahnklinik\/\",\"url\":\"https:\/\/www.dentled.com\/de\/perfektes-licht\/werfen-sie-ein-licht-auf-die-vorteile-eines-upgrades-auf-led-beleuchtung-in-ihrer-zahnklinik\/\",\"name\":\"Die Vorteile einer Umstellung auf LED-Beleuchtung in Ihrer Zahnklinik\",\"isPartOf\":{\"@id\":\"https:\/\/www.dentled.com\/de\/#website\"},\"primaryImageOfPage\":{\"@id\":\"https:\/\/www.dentled.com\/de\/perfektes-licht\/werfen-sie-ein-licht-auf-die-vorteile-eines-upgrades-auf-led-beleuchtung-in-ihrer-zahnklinik\/#primaryimage\"},\"image\":{\"@id\":\"https:\/\/www.dentled.com\/de\/perfektes-licht\/werfen-sie-ein-licht-auf-die-vorteile-eines-upgrades-auf-led-beleuchtung-in-ihrer-zahnklinik\/#primaryimage\"},\"thumbnailUrl\":\"https:\/\/www.dentled.com\/wp-content\/uploads\/2022\/06\/Dentled-PHL14-Duo-dental-treatment-room-clinic-lighting.jpg\",\"datePublished\":\"2023-05-10T14:25:06+00:00\",\"dateModified\":\"2025-10-22T05:05:48+00:00\",\"description\":\"R\u00fcsten Sie Ihre Zahnarztpraxis auf LED-Beleuchtung um, um eine bessere Sichtbarkeit, Energieeffizienz, geringere W\u00e4rmeentwicklung, bessere Farbwiedergabe und ein besseres Patientenerlebnis zu erzielen.\",\"breadcrumb\":{\"@id\":\"https:\/\/www.dentled.com\/de\/perfektes-licht\/werfen-sie-ein-licht-auf-die-vorteile-eines-upgrades-auf-led-beleuchtung-in-ihrer-zahnklinik\/#breadcrumb\"},\"inLanguage\":\"de\",\"potentialAction\":[{\"@type\":\"ReadAction\",\"target\":[\"https:\/\/www.dentled.com\/de\/perfektes-licht\/werfen-sie-ein-licht-auf-die-vorteile-eines-upgrades-auf-led-beleuchtung-in-ihrer-zahnklinik\/\"]}]},{\"@type\":\"ImageObject\",\"inLanguage\":\"de\",\"@id\":\"https:\/\/www.dentled.com\/de\/perfektes-licht\/werfen-sie-ein-licht-auf-die-vorteile-eines-upgrades-auf-led-beleuchtung-in-ihrer-zahnklinik\/#primaryimage\",\"url\":\"https:\/\/www.dentled.com\/wp-content\/uploads\/2022\/06\/Dentled-PHL14-Duo-dental-treatment-room-clinic-lighting.jpg\",\"contentUrl\":\"https:\/\/www.dentled.com\/wp-content\/uploads\/2022\/06\/Dentled-PHL14-Duo-dental-treatment-room-clinic-lighting.jpg\",\"width\":1080,\"height\":1080,\"caption\":\"save energy, full spectrum daylight, better work, CRI97\"},{\"@type\":\"BreadcrumbList\",\"@id\":\"https:\/\/www.dentled.com\/de\/perfektes-licht\/werfen-sie-ein-licht-auf-die-vorteile-eines-upgrades-auf-led-beleuchtung-in-ihrer-zahnklinik\/#breadcrumb\",\"itemListElement\":[{\"@type\":\"ListItem\",\"position\":1,\"name\":\"Home\",\"item\":\"https:\/\/www.dentled.com\/de\/\"},{\"@type\":\"ListItem\",\"position\":2,\"name\":\"Perfektes Licht\",\"item\":\"https:\/\/www.dentled.com\/de\/perfektes-licht\/\"},{\"@type\":\"ListItem\",\"position\":3,\"name\":\"Die Vorteile einer Umstellung auf LED-Beleuchtung in Ihrer Zahnklinik im Licht der \u00d6ffentlichkeit\"}]},{\"@type\":\"WebSite\",\"@id\":\"https:\/\/www.dentled.com\/de\/#website\",\"url\":\"https:\/\/www.dentled.com\/de\/\",\"name\":\"Dentled com\",\"description\":\"Lighting for dental care\",\"potentialAction\":[{\"@type\":\"SearchAction\",\"target\":{\"@type\":\"EntryPoint\",\"urlTemplate\":\"https:\/\/www.dentled.com\/de\/?s={search_term_string}\"},\"query-input\":{\"@type\":\"PropertyValueSpecification\",\"valueRequired\":true,\"valueName\":\"search_term_string\"}}],\"inLanguage\":\"de\"}]}<\/script>\n<!-- \/ Yoast SEO plugin. -->","yoast_head_json":{"title":"Die Vorteile einer Umstellung auf LED-Beleuchtung in Ihrer Zahnklinik","description":"R\u00fcsten Sie Ihre Zahnarztpraxis auf LED-Beleuchtung um, um eine bessere Sichtbarkeit, Energieeffizienz, geringere W\u00e4rmeentwicklung, bessere Farbwiedergabe und ein besseres Patientenerlebnis zu erzielen.","robots":{"index":"index","follow":"follow","max-snippet":"max-snippet:-1","max-image-preview":"max-image-preview:large","max-video-preview":"max-video-preview:-1"},"canonical":"https:\/\/www.dentled.com\/de\/perfektes-licht\/werfen-sie-ein-licht-auf-die-vorteile-eines-upgrades-auf-led-beleuchtung-in-ihrer-zahnklinik\/","og_locale":"de_DE","og_type":"article","og_title":"Die Vorteile einer Umstellung auf LED-Beleuchtung in Ihrer Zahnklinik","og_description":"R\u00fcsten Sie Ihre Zahnarztpraxis auf LED-Beleuchtung um, um eine bessere Sichtbarkeit, Energieeffizienz, geringere W\u00e4rmeentwicklung, bessere Farbwiedergabe und ein besseres Patientenerlebnis zu erzielen.","og_url":"https:\/\/www.dentled.com\/de\/perfektes-licht\/werfen-sie-ein-licht-auf-die-vorteile-eines-upgrades-auf-led-beleuchtung-in-ihrer-zahnklinik\/","og_site_name":"Dentled com","article_modified_time":"2025-10-22T05:05:48+00:00","og_image":[{"width":1080,"height":1080,"url":"https:\/\/www.dentled.com\/wp-content\/uploads\/2022\/06\/Dentled-PHL14-Duo-dental-treatment-room-clinic-lighting.jpg","type":"image\/jpeg"}],"twitter_card":"summary_large_image","twitter_misc":{"Gesch\u00e4tzte Lesezeit":"2\u00a0Minuten"},"schema":{"@context":"https:\/\/schema.org","@graph":[{"@type":"WebPage","@id":"https:\/\/www.dentled.com\/de\/perfektes-licht\/werfen-sie-ein-licht-auf-die-vorteile-eines-upgrades-auf-led-beleuchtung-in-ihrer-zahnklinik\/","url":"https:\/\/www.dentled.com\/de\/perfektes-licht\/werfen-sie-ein-licht-auf-die-vorteile-eines-upgrades-auf-led-beleuchtung-in-ihrer-zahnklinik\/","name":"Die Vorteile einer Umstellung auf LED-Beleuchtung in Ihrer Zahnklinik","isPartOf":{"@id":"https:\/\/www.dentled.com\/de\/#website"},"primaryImageOfPage":{"@id":"https:\/\/www.dentled.com\/de\/perfektes-licht\/werfen-sie-ein-licht-auf-die-vorteile-eines-upgrades-auf-led-beleuchtung-in-ihrer-zahnklinik\/#primaryimage"},"image":{"@id":"https:\/\/www.dentled.com\/de\/perfektes-licht\/werfen-sie-ein-licht-auf-die-vorteile-eines-upgrades-auf-led-beleuchtung-in-ihrer-zahnklinik\/#primaryimage"},"thumbnailUrl":"https:\/\/www.dentled.com\/wp-content\/uploads\/2022\/06\/Dentled-PHL14-Duo-dental-treatment-room-clinic-lighting.jpg","datePublished":"2023-05-10T14:25:06+00:00","dateModified":"2025-10-22T05:05:48+00:00","description":"R\u00fcsten Sie Ihre Zahnarztpraxis auf LED-Beleuchtung um, um eine bessere Sichtbarkeit, Energieeffizienz, geringere W\u00e4rmeentwicklung, bessere Farbwiedergabe und ein besseres Patientenerlebnis zu erzielen.","breadcrumb":{"@id":"https:\/\/www.dentled.com\/de\/perfektes-licht\/werfen-sie-ein-licht-auf-die-vorteile-eines-upgrades-auf-led-beleuchtung-in-ihrer-zahnklinik\/#breadcrumb"},"inLanguage":"de","potentialAction":[{"@type":"ReadAction","target":["https:\/\/www.dentled.com\/de\/perfektes-licht\/werfen-sie-ein-licht-auf-die-vorteile-eines-upgrades-auf-led-beleuchtung-in-ihrer-zahnklinik\/"]}]},{"@type":"ImageObject","inLanguage":"de","@id":"https:\/\/www.dentled.com\/de\/perfektes-licht\/werfen-sie-ein-licht-auf-die-vorteile-eines-upgrades-auf-led-beleuchtung-in-ihrer-zahnklinik\/#primaryimage","url":"https:\/\/www.dentled.com\/wp-content\/uploads\/2022\/06\/Dentled-PHL14-Duo-dental-treatment-room-clinic-lighting.jpg","contentUrl":"https:\/\/www.dentled.com\/wp-content\/uploads\/2022\/06\/Dentled-PHL14-Duo-dental-treatment-room-clinic-lighting.jpg","width":1080,"height":1080,"caption":"save energy, full spectrum daylight, better work, CRI97"},{"@type":"BreadcrumbList","@id":"https:\/\/www.dentled.com\/de\/perfektes-licht\/werfen-sie-ein-licht-auf-die-vorteile-eines-upgrades-auf-led-beleuchtung-in-ihrer-zahnklinik\/#breadcrumb","itemListElement":[{"@type":"ListItem","position":1,"name":"Home","item":"https:\/\/www.dentled.com\/de\/"},{"@type":"ListItem","position":2,"name":"Perfektes Licht","item":"https:\/\/www.dentled.com\/de\/perfektes-licht\/"},{"@type":"ListItem","position":3,"name":"Die Vorteile einer Umstellung auf LED-Beleuchtung in Ihrer Zahnklinik im Licht der \u00d6ffentlichkeit"}]},{"@type":"WebSite","@id":"https:\/\/www.dentled.com\/de\/#website","url":"https:\/\/www.dentled.com\/de\/","name":"Dentled com","description":"Lighting for dental care","potentialAction":[{"@type":"SearchAction","target":{"@type":"EntryPoint","urlTemplate":"https:\/\/www.dentled.com\/de\/?s={search_term_string}"},"query-input":{"@type":"PropertyValueSpecification","valueRequired":true,"valueName":"search_term_string"}}],"inLanguage":"de"}]}},"_links":{"self":[{"href":"https:\/\/www.dentled.com\/de\/wp-json\/wp\/v2\/pages\/5711","targetHints":{"allow":["GET"]}}],"collection":[{"href":"https:\/\/www.dentled.com\/de\/wp-json\/wp\/v2\/pages"}],"about":[{"href":"https:\/\/www.dentled.com\/de\/wp-json\/wp\/v2\/types\/page"}],"author":[{"embeddable":true,"href":"https:\/\/www.dentled.com\/de\/wp-json\/wp\/v2\/users\/6"}],"replies":[{"embeddable":true,"href":"https:\/\/www.dentled.com\/de\/wp-json\/wp\/v2\/comments?post=5711"}],"version-history":[{"count":0,"href":"https:\/\/www.dentled.com\/de\/wp-json\/wp\/v2\/pages\/5711\/revisions"}],"up":[{"embeddable":true,"href":"https:\/\/www.dentled.com\/de\/wp-json\/wp\/v2\/pages\/4906"}],"wp:featuredmedia":[{"embeddable":true,"href":"https:\/\/www.dentled.com\/de\/wp-json\/wp\/v2\/media\/1754"}],"wp:attachment":[{"href":"https:\/\/www.dentled.com\/de\/wp-json\/wp\/v2\/media?parent=5711"}],"curies":[{"name":"wp","href":"https:\/\/api.w.org\/{rel}","templated":true}]}}