{"id":3976,"date":"2025-03-27T12:21:36","date_gmt":"2025-03-27T12:21:36","guid":{"rendered":"https:\/\/www.dentled.com\/wie-falsche-beleuchtung-in-einem-zahnaerztlichen-behandlungszimmer-zu-muedigkeit-beitraegt\/"},"modified":"2025-10-22T05:05:17","modified_gmt":"2025-10-22T05:05:17","slug":"wie-falsche-beleuchtung-in-einem-zahnaerztlichen-behandlungszimmer-zu-muedigkeit-beitraegt","status":"publish","type":"page","link":"https:\/\/www.dentled.com\/de\/wie-falsche-beleuchtung-in-einem-zahnaerztlichen-behandlungszimmer-zu-muedigkeit-beitraegt\/","title":{"rendered":"Wie falsche Beleuchtung in einem zahn\u00e4rztlichen Behandlungszimmer zu M\u00fcdigkeit beitr\u00e4gt"},"content":{"rendered":"<div class=\"row\"  id=\"row-1506828382\">\n\n\t<div id=\"col-2881131\" class=\"col small-12 large-12\"  >\n\t\t\t\t<div class=\"col-inner\"  >\n\t\t\t\n\t\t\t\n<h1>How Incorrect Lighting in a Dental Treatment Room Contributes to Fatigue<\/h1>\n<p><em>In our previous article, <a href=\"https:\/\/www.dentled.com\/correct-lighting-dental-treatment-rooms-reducing-fatigue\/\" target=\"_blank\" rel=\"noopener\">Correct Dental Treatment Room Lighting: Strategies to Combat Fatigue and Improve Ergonomics in Dental Professionals<\/a>, we explored practical strategies to optimize lighting for better ergonomics. In this article, we delve deeper into the mechanics behind why poor lighting leads to fatigue, examining the biological and cognitive processes that cause dental professionals to feel tired, strained, and less productive.<\/em><\/p>\n<h2>Introduction<\/h2>\n<p>In dental ergonomics, correct lighting in the dental treatment room plays a crucial role in the well-being of dental professionals. Poor lighting not only affects visibility but also contributes to eye strain, musculoskeletal discomfort, and overall fatigue. Dentists and dental assistants often work in demanding conditions, requiring precision and prolonged focus on small details. If the lighting is not optimized, the eyes and brain must work harder, leading to faster exhaustion and reduced efficiency.<\/p>\n<div class=\"row\"  id=\"row-169060102\">\n\n\t<div id=\"col-119153896\" class=\"col medium-6 small-12 large-6\"  >\n\t\t\t\t<div class=\"col-inner\"  >\n\t\t\t\n\t\t\t\n\t<div class=\"img has-hover x md-x lg-x y md-y lg-y\" id=\"image_80305721\">\n\t\t\t\t\t\t\t\t<div class=\"img-inner dark\" >\n\t\t\t<img loading=\"lazy\" decoding=\"async\" width=\"800\" height=\"800\" src=\"https:\/\/www.dentled.com\/wp-content\/uploads\/2025\/03\/Dentist-treating-a-patient-under-optimized-LED-lighting-800x800.png\" class=\"attachment-large size-large\" alt=\"Dentist treating a patient under optimized LED lighting\" srcset=\"https:\/\/www.dentled.com\/wp-content\/uploads\/2025\/03\/Dentist-treating-a-patient-under-optimized-LED-lighting-800x800.png 800w, https:\/\/www.dentled.com\/wp-content\/uploads\/2025\/03\/Dentist-treating-a-patient-under-optimized-LED-lighting-400x400.png 400w, https:\/\/www.dentled.com\/wp-content\/uploads\/2025\/03\/Dentist-treating-a-patient-under-optimized-LED-lighting-280x280.png 280w, https:\/\/www.dentled.com\/wp-content\/uploads\/2025\/03\/Dentist-treating-a-patient-under-optimized-LED-lighting-768x768.png 768w, https:\/\/www.dentled.com\/wp-content\/uploads\/2025\/03\/Dentist-treating-a-patient-under-optimized-LED-lighting-247x247.png 247w, https:\/\/www.dentled.com\/wp-content\/uploads\/2025\/03\/Dentist-treating-a-patient-under-optimized-LED-lighting-512x512.png 512w, https:\/\/www.dentled.com\/wp-content\/uploads\/2025\/03\/Dentist-treating-a-patient-under-optimized-LED-lighting-100x100.png 100w, https:\/\/www.dentled.com\/wp-content\/uploads\/2025\/03\/Dentist-treating-a-patient-under-optimized-LED-lighting.png 1080w\" sizes=\"auto, (max-width: 800px) 100vw, 800px\" \/>\t\t\t\t\t\t\n\t\t\t\t\t<\/div>\n\t\t\t\t\t\t\t\t\n<style>\n#image_80305721 {\n  width: 100%;\n}\n<\/style>\n\t<\/div>\n\t\n\t\t<\/div>\n\t\t\t\t\t<\/div>\n\n\t\n\n\t<div id=\"col-1391751457\" class=\"col medium-6 small-12 large-6\"  >\n\t\t\t\t<div class=\"col-inner\"  >\n\t\t\t\n\t\t\t\n\t<div class=\"img has-hover x md-x lg-x y md-y lg-y\" id=\"image_1462910069\">\n\t\t\t\t\t\t\t\t<div class=\"img-inner dark\" >\n\t\t\t<img loading=\"lazy\" decoding=\"async\" width=\"800\" height=\"800\" src=\"https:\/\/www.dentled.com\/wp-content\/uploads\/2025\/03\/DL120-full-spectrum-LED-Light-in-a-dental-treatment-room-800x800.png\" class=\"attachment-large size-large\" alt=\"DL120 full spectrum LED Light in a dental treatment room\" srcset=\"https:\/\/www.dentled.com\/wp-content\/uploads\/2025\/03\/DL120-full-spectrum-LED-Light-in-a-dental-treatment-room-800x800.png 800w, https:\/\/www.dentled.com\/wp-content\/uploads\/2025\/03\/DL120-full-spectrum-LED-Light-in-a-dental-treatment-room-400x400.png 400w, https:\/\/www.dentled.com\/wp-content\/uploads\/2025\/03\/DL120-full-spectrum-LED-Light-in-a-dental-treatment-room-280x280.png 280w, https:\/\/www.dentled.com\/wp-content\/uploads\/2025\/03\/DL120-full-spectrum-LED-Light-in-a-dental-treatment-room-768x768.png 768w, https:\/\/www.dentled.com\/wp-content\/uploads\/2025\/03\/DL120-full-spectrum-LED-Light-in-a-dental-treatment-room-247x247.png 247w, https:\/\/www.dentled.com\/wp-content\/uploads\/2025\/03\/DL120-full-spectrum-LED-Light-in-a-dental-treatment-room-512x512.png 512w, https:\/\/www.dentled.com\/wp-content\/uploads\/2025\/03\/DL120-full-spectrum-LED-Light-in-a-dental-treatment-room-100x100.png 100w, https:\/\/www.dentled.com\/wp-content\/uploads\/2025\/03\/DL120-full-spectrum-LED-Light-in-a-dental-treatment-room.png 1080w\" sizes=\"auto, (max-width: 800px) 100vw, 800px\" \/>\t\t\t\t\t\t\n\t\t\t\t\t<\/div>\n\t\t\t\t\t\t\t\t\n<style>\n#image_1462910069 {\n  width: 100%;\n}\n<\/style>\n\t<\/div>\n\t\n\t\t<\/div>\n\t\t\t\t\t<\/div>\n\n\t\n<\/div>\n\t\t<\/div>\n\t\t\t\t\t<\/div>\n\n\t\n<\/div>\n<div class=\"row\"  id=\"row-1055100681\">\n\n\t<div id=\"col-743346092\" class=\"col small-12 large-12\"  >\n\t\t\t\t<div class=\"col-inner\"  >\n\t\t\t\n\t\t\t\n<h3>Was dieser Artikel behandelt<\/h3>\n<ul>\n<li>Wie falsche Beleuchtung zu M\u00fcdigkeit beitr\u00e4gt &#8211; Erforschung der Auswirkungen von visueller Anpassung, Akkommodation und kognitiver Belastung.<\/li>\n<li>Die biologischen Mechanismen hinter visueller M\u00fcdigkeit &#8211; Verstehen, wie die Augen und das Gehirn auf schlechte Lichtverh\u00e4ltnisse reagieren.<\/li>\n<li>Warum ein \u00fcberm\u00e4\u00dfiger Energieaufwand zu geringerer Effizienz f\u00fchrt &#8211; Untersuchung des Zusammenhangs zwischen Beleuchtung und Arbeitsleistung.<\/li>\n<\/ul>\n<h3>Inhaltsverzeichnis<\/h3>\n<ol>\n<li><a href=\"#section1\">Wie sich schlechte Beleuchtung auf das Auge und das Gehirn auswirkt<\/a>\n<ul>\n<li><a href=\"#section1-1\">Visuelle Adaptation und Augenanspannung<\/a><\/li>\n<li><a href=\"#section1-2\">Akkommodation und die Belastung der Augenmuskeln<\/a><\/li>\n<li><a href=\"#section1-3\">Kognitive Erm\u00fcdung und geistige Anspannung<\/a><\/li>\n<\/ul>\n<\/li>\n<li><a href=\"#section2\">Die Energiekosten einer schlechten Beleuchtung<\/a><\/li>\n<li><a href=\"#section3\">Warum M\u00fcdigkeit die Arbeitseffizienz und Pr\u00e4zision beeintr\u00e4chtigt<\/a><\/li>\n<li><a href=\"#section4\">Fazit<\/a><\/li>\n<\/ol>\n<h2 id=\"section1\">1. Wie sich schlechte Beleuchtung auf das Auge und das Gehirn auswirkt<\/h2>\n<div class=\"row\"  id=\"row-2117128570\">\n\n\t<div id=\"col-46824702\" class=\"col medium-6 small-12 large-6\"  >\n\t\t\t\t<div class=\"col-inner\"  >\n\t\t\t\n\t\t\t\n<p>Falsche Beleuchtung belastet das visuelle und kognitive System unn\u00f6tig und f\u00fchrt zu Ersch\u00f6pfung und Unwohlsein.<\/p>\n<h3 id=\"section1-1\">1.1 Visuelle Adaptation und Augenanspannung<\/h3>\n<p>Das menschliche Auge passt sich st\u00e4ndig an unterschiedliche Lichtintensit\u00e4ten an, die von der Pupille und den Netzhautzellen gesteuert werden. Der h\u00e4ufige Wechsel zwischen hellen Dentallampen und d\u00e4mmrigen Umgebungen f\u00fchrt zu einer \u00fcberm\u00e4\u00dfigen Anpassung der Pupillen und damit zu einer \u00dcberanstrengung der Augen. <\/p>\n<p><strong>Erkenntnis der Forschung:<\/strong> Erh\u00f6hte Belastung durch abrupte Lichtwechsel kann zu vor\u00fcbergehenden Sehst\u00f6rungen und anhaltender M\u00fcdigkeit f\u00fchren (Stringham &amp; Hammond, 2008).<\/p>\n<h3 id=\"section1-2\">1.2 Akkommodation und die Belastung der Augenmuskeln<\/h3>\n<p>Die Akkommodation bezieht sich darauf, wie die Linse des Auges ihre Form ver\u00e4ndert, um die Sch\u00e4rfe in unterschiedlichen Entfernungen zu halten. In schlecht beleuchteten R\u00e4umen m\u00fcssen Zahn\u00e4rzte ihre Augen st\u00e4ndig zwischen hellen und dunklen Bereichen neu fokussieren, was zu Muskelverspannungen f\u00fchrt. <\/p>\n\t\t<\/div>\n\t\t\t\t\t<\/div>\n\n\t\n\n\t<div id=\"col-325864233\" class=\"col medium-6 small-12 large-6\"  >\n\t\t\t\t<div class=\"col-inner\"  >\n\t\t\t\n\t\t\t\n\t<div class=\"img has-hover x md-x lg-x y md-y lg-y\" id=\"image_1158174003\">\n\t\t\t\t\t\t\t\t<div class=\"img-inner dark\" >\n\t\t\t<img loading=\"lazy\" decoding=\"async\" width=\"800\" height=\"800\" src=\"https:\/\/www.dentled.com\/wp-content\/uploads\/2025\/03\/Dentist-struggling-with-eye-strain-from-poor-dental-lighting-800x800.png\" class=\"attachment-large size-large\" alt=\"Dentist struggling with eye strain from poor dental lighting.\" srcset=\"https:\/\/www.dentled.com\/wp-content\/uploads\/2025\/03\/Dentist-struggling-with-eye-strain-from-poor-dental-lighting-800x800.png 800w, https:\/\/www.dentled.com\/wp-content\/uploads\/2025\/03\/Dentist-struggling-with-eye-strain-from-poor-dental-lighting-400x400.png 400w, https:\/\/www.dentled.com\/wp-content\/uploads\/2025\/03\/Dentist-struggling-with-eye-strain-from-poor-dental-lighting-280x280.png 280w, https:\/\/www.dentled.com\/wp-content\/uploads\/2025\/03\/Dentist-struggling-with-eye-strain-from-poor-dental-lighting-768x768.png 768w, https:\/\/www.dentled.com\/wp-content\/uploads\/2025\/03\/Dentist-struggling-with-eye-strain-from-poor-dental-lighting-247x247.png 247w, https:\/\/www.dentled.com\/wp-content\/uploads\/2025\/03\/Dentist-struggling-with-eye-strain-from-poor-dental-lighting-512x512.png 512w, https:\/\/www.dentled.com\/wp-content\/uploads\/2025\/03\/Dentist-struggling-with-eye-strain-from-poor-dental-lighting-100x100.png 100w, https:\/\/www.dentled.com\/wp-content\/uploads\/2025\/03\/Dentist-struggling-with-eye-strain-from-poor-dental-lighting.png 1080w\" sizes=\"auto, (max-width: 800px) 100vw, 800px\" \/>\t\t\t\t\t\t\n\t\t\t\t\t<\/div>\n\t\t\t\t\t\t\t\t\n<style>\n#image_1158174003 {\n  width: 100%;\n}\n<\/style>\n\t<\/div>\n\t\n\t\t<\/div>\n\t\t\t\t\t<\/div>\n\n\t\n<\/div>\n<p><strong>Einblick in die Forschung:<\/strong> Studien zeigen, dass der Aufwand f\u00fcr die visuelle Akkommodation in direktem Zusammenhang mit erh\u00f6hter M\u00fcdigkeit und geringerer Arbeitsgenauigkeit steht (Anshel, 2007).<\/p>\n<h3 id=\"section1-3\">1.3 Kognitive Erm\u00fcdung und psychische Belastung<\/h3>\n<p>Das Gehirn verarbeitet visuelle Informationen, und schlechte Beleuchtung zwingt es, h\u00e4rter zu arbeiten. St\u00e4ndige Blendung, Schatten und schlechter Kontrast erfordern zus\u00e4tzliche kognitive Anstrengungen, um die visuellen Informationen zu interpretieren, was zu Ersch\u00f6pfung f\u00fchrt. <\/p>\n<p><strong>Einblick in die Forschung:<\/strong> Eine Studie \u00fcber die Beleuchtung am Arbeitsplatz ergab, dass schlechte Beleuchtung die kognitive Belastung und den Stress erh\u00f6ht und sich negativ auf die Leistung auswirkt (Rahman, St. Hilaire &amp; Lockley, 2018).<\/p>\n\t\t<\/div>\n\t\t\t\t\t<\/div>\n\n\t\n<\/div>\n<h2 id=\"section2\">2. Die Energiekosten einer schlechten Beleuchtung<\/h2>\n<p>Schlechte Beleuchtung zwingt Zahn\u00e4rzte dazu, w\u00e4hrend ihres Arbeitstages mehr Energie zu verbrauchen, was zu kumulativer Belastung und Erm\u00fcdung f\u00fchrt.<\/p>\n<ul>\n<li>Die Augenmuskeln arbeiten aufgrund der st\u00e4ndigen Anpassung und Akkommodation h\u00e4rter.<\/li>\n<li>Das Gehirn verbraucht mehr kognitive Energie, um unklare visuelle Informationen zu verarbeiten.<\/li>\n<li>Erh\u00f6hte Muskel-Skelett-Belastung durch kompensatorische Haltungen (z.B. sich n\u00e4her heranlehnen, um besser zu sehen).<\/li>\n<\/ul>\n<p><strong>Einblick in die Forschung:<\/strong> Studien zur visuellen Ergonomie best\u00e4tigen, dass schlechte Lichtverh\u00e4ltnisse zu einer erh\u00f6hten physiologischen und kognitiven Erm\u00fcdung in pr\u00e4zisionsorientierten Berufen f\u00fchren (Harwood et al., 2005).<\/p>\n<h2 id=\"section3\">3. Warum M\u00fcdigkeit die Arbeitseffizienz und -pr\u00e4zision beeintr\u00e4chtigt<\/h2>\n<ul>\n<li>Verminderte Sehsch\u00e4rfe &#8211; Die Augen sind nicht mehr so gut in der Lage, feine Details zu erkennen, was die Wahrscheinlichkeit von Fehlern erh\u00f6ht.<\/li>\n<li>Langsamere Entscheidungsfindung &#8211; Das Gehirn, das mit einer \u00fcberm\u00e4\u00dfigen kognitiven Belastung konfrontiert ist, ben\u00f6tigt l\u00e4ngere Verarbeitungszeiten.<\/li>\n<li>Erh\u00f6hte k\u00f6rperliche Beschwerden &#8211; Zahn\u00e4rzte nehmen oft eine schlechte K\u00f6rperhaltung ein, um die unzureichende Beleuchtung auszugleichen.<\/li>\n<\/ul>\n<p><strong>Einblick in die Forschung:<\/strong> Studien zur Beleuchtung am Arbeitsplatz zeigen, dass eine bessere Beleuchtung die Fehlerquote, Erm\u00fcdung und Belastung von medizinischem Personal reduziert (Figueiro, Rea &amp; Bullough, 2002).<\/p>\n<h2 id=\"section4\">4. Schlussfolgerung<\/h2>\n<p>Falsche Beleuchtung in einem zahn\u00e4rztlichen Behandlungsraum tr\u00e4gt zur Erm\u00fcdung bei, indem sie Augen, Muskeln und Gehirn \u00fcberlastet. Schlechte Beleuchtung zwingt Zahn\u00e4rzte zu st\u00e4ndigen visuellen Anpassungen, was zu \u00dcberanstrengung der Augen, kognitiver Erm\u00fcdung und erh\u00f6htem Stress f\u00fchrt. Auch wenn Beleuchtungsl\u00f6sungen diese Probleme l\u00f6sen k\u00f6nnen, ist die wichtigste Erkenntnis, dass das Verst\u00e4ndnis der Mechanismen hinter der visuellen Erm\u00fcdung entscheidend f\u00fcr die Verbesserung der zahn\u00e4rztlichen Ergonomie und Leistung ist.  <\/p>\n","protected":false},"excerpt":{"rendered":"<p>2. Die Energiekosten einer schlechten Beleuchtung Schlechte Beleuchtung zwingt Zahn\u00e4rzte dazu, w\u00e4hrend ihres Arbeitstages mehr Energie zu verbrauchen, was zu kumulativer Belastung und Erm\u00fcdung f\u00fchrt. Die Augenmuskeln arbeiten aufgrund der st\u00e4ndigen Anpassung und Akkommodation h\u00e4rter. Das Gehirn verbraucht mehr kognitive Energie, um unklare visuelle Informationen zu verarbeiten. Erh\u00f6hte Muskel-Skelett-Belastung durch kompensatorische Haltungen (z.B. sich n\u00e4her [&#8230;]\n","protected":false},"author":3,"featured_media":0,"parent":0,"menu_order":0,"comment_status":"closed","ping_status":"closed","template":"","meta":{"inline_featured_image":false,"footnotes":""},"class_list":["post-3976","page","type-page","status-publish","hentry"],"yoast_head":"<!-- This site is optimized with the Yoast SEO plugin v26.9 - https:\/\/yoast.com\/product\/yoast-seo-wordpress\/ -->\n<title>Wie falsche Beleuchtung in einem zahn\u00e4rztlichen Behandlungszimmer zu M\u00fcdigkeit beitr\u00e4gt - Dentled com<\/title>\n<meta name=\"robots\" content=\"index, follow, max-snippet:-1, max-image-preview:large, max-video-preview:-1\" \/>\n<link rel=\"canonical\" href=\"https:\/\/www.dentled.com\/de\/wie-falsche-beleuchtung-in-einem-zahnaerztlichen-behandlungszimmer-zu-muedigkeit-beitraegt\/\" \/>\n<meta property=\"og:locale\" content=\"de_DE\" \/>\n<meta property=\"og:type\" content=\"article\" \/>\n<meta property=\"og:title\" content=\"Wie falsche Beleuchtung in einem zahn\u00e4rztlichen Behandlungszimmer zu M\u00fcdigkeit beitr\u00e4gt - Dentled com\" \/>\n<meta property=\"og:description\" content=\"2. Die Energiekosten einer schlechten Beleuchtung Schlechte Beleuchtung zwingt Zahn\u00e4rzte dazu, w\u00e4hrend ihres Arbeitstages mehr Energie zu verbrauchen, was zu kumulativer Belastung und Erm\u00fcdung f\u00fchrt. Die Augenmuskeln arbeiten aufgrund der st\u00e4ndigen Anpassung und Akkommodation h\u00e4rter. Das Gehirn verbraucht mehr kognitive Energie, um unklare visuelle Informationen zu verarbeiten. Erh\u00f6hte Muskel-Skelett-Belastung durch kompensatorische Haltungen (z.B. sich n\u00e4her [...]\" \/>\n<meta property=\"og:url\" content=\"https:\/\/www.dentled.com\/de\/wie-falsche-beleuchtung-in-einem-zahnaerztlichen-behandlungszimmer-zu-muedigkeit-beitraegt\/\" \/>\n<meta property=\"og:site_name\" content=\"Dentled com\" \/>\n<meta property=\"article:modified_time\" content=\"2025-10-22T05:05:17+00:00\" \/>\n<meta name=\"twitter:card\" content=\"summary_large_image\" \/>\n<meta name=\"twitter:label1\" content=\"Gesch\u00e4tzte Lesezeit\" \/>\n\t<meta name=\"twitter:data1\" content=\"4\u00a0Minuten\" \/>\n<script type=\"application\/ld+json\" class=\"yoast-schema-graph\">{\"@context\":\"https:\/\/schema.org\",\"@graph\":[{\"@type\":\"WebPage\",\"@id\":\"https:\/\/www.dentled.com\/de\/wie-falsche-beleuchtung-in-einem-zahnaerztlichen-behandlungszimmer-zu-muedigkeit-beitraegt\/\",\"url\":\"https:\/\/www.dentled.com\/de\/wie-falsche-beleuchtung-in-einem-zahnaerztlichen-behandlungszimmer-zu-muedigkeit-beitraegt\/\",\"name\":\"Wie falsche Beleuchtung in einem zahn\u00e4rztlichen Behandlungszimmer zu M\u00fcdigkeit beitr\u00e4gt - Dentled com\",\"isPartOf\":{\"@id\":\"https:\/\/www.dentled.com\/de\/#website\"},\"datePublished\":\"2025-03-27T12:21:36+00:00\",\"dateModified\":\"2025-10-22T05:05:17+00:00\",\"breadcrumb\":{\"@id\":\"https:\/\/www.dentled.com\/de\/wie-falsche-beleuchtung-in-einem-zahnaerztlichen-behandlungszimmer-zu-muedigkeit-beitraegt\/#breadcrumb\"},\"inLanguage\":\"de\",\"potentialAction\":[{\"@type\":\"ReadAction\",\"target\":[\"https:\/\/www.dentled.com\/de\/wie-falsche-beleuchtung-in-einem-zahnaerztlichen-behandlungszimmer-zu-muedigkeit-beitraegt\/\"]}]},{\"@type\":\"BreadcrumbList\",\"@id\":\"https:\/\/www.dentled.com\/de\/wie-falsche-beleuchtung-in-einem-zahnaerztlichen-behandlungszimmer-zu-muedigkeit-beitraegt\/#breadcrumb\",\"itemListElement\":[{\"@type\":\"ListItem\",\"position\":1,\"name\":\"Home\",\"item\":\"https:\/\/www.dentled.com\/de\/\"},{\"@type\":\"ListItem\",\"position\":2,\"name\":\"Wie falsche Beleuchtung in einem zahn\u00e4rztlichen Behandlungszimmer zu M\u00fcdigkeit beitr\u00e4gt\"}]},{\"@type\":\"WebSite\",\"@id\":\"https:\/\/www.dentled.com\/de\/#website\",\"url\":\"https:\/\/www.dentled.com\/de\/\",\"name\":\"Dentled com\",\"description\":\"Lighting for dental care\",\"potentialAction\":[{\"@type\":\"SearchAction\",\"target\":{\"@type\":\"EntryPoint\",\"urlTemplate\":\"https:\/\/www.dentled.com\/de\/?s={search_term_string}\"},\"query-input\":{\"@type\":\"PropertyValueSpecification\",\"valueRequired\":true,\"valueName\":\"search_term_string\"}}],\"inLanguage\":\"de\"}]}<\/script>\n<!-- \/ Yoast SEO plugin. -->","yoast_head_json":{"title":"Wie falsche Beleuchtung in einem zahn\u00e4rztlichen Behandlungszimmer zu M\u00fcdigkeit beitr\u00e4gt - Dentled com","robots":{"index":"index","follow":"follow","max-snippet":"max-snippet:-1","max-image-preview":"max-image-preview:large","max-video-preview":"max-video-preview:-1"},"canonical":"https:\/\/www.dentled.com\/de\/wie-falsche-beleuchtung-in-einem-zahnaerztlichen-behandlungszimmer-zu-muedigkeit-beitraegt\/","og_locale":"de_DE","og_type":"article","og_title":"Wie falsche Beleuchtung in einem zahn\u00e4rztlichen Behandlungszimmer zu M\u00fcdigkeit beitr\u00e4gt - Dentled com","og_description":"2. Die Energiekosten einer schlechten Beleuchtung Schlechte Beleuchtung zwingt Zahn\u00e4rzte dazu, w\u00e4hrend ihres Arbeitstages mehr Energie zu verbrauchen, was zu kumulativer Belastung und Erm\u00fcdung f\u00fchrt. Die Augenmuskeln arbeiten aufgrund der st\u00e4ndigen Anpassung und Akkommodation h\u00e4rter. Das Gehirn verbraucht mehr kognitive Energie, um unklare visuelle Informationen zu verarbeiten. Erh\u00f6hte Muskel-Skelett-Belastung durch kompensatorische Haltungen (z.B. sich n\u00e4her [...]","og_url":"https:\/\/www.dentled.com\/de\/wie-falsche-beleuchtung-in-einem-zahnaerztlichen-behandlungszimmer-zu-muedigkeit-beitraegt\/","og_site_name":"Dentled com","article_modified_time":"2025-10-22T05:05:17+00:00","twitter_card":"summary_large_image","twitter_misc":{"Gesch\u00e4tzte Lesezeit":"4\u00a0Minuten"},"schema":{"@context":"https:\/\/schema.org","@graph":[{"@type":"WebPage","@id":"https:\/\/www.dentled.com\/de\/wie-falsche-beleuchtung-in-einem-zahnaerztlichen-behandlungszimmer-zu-muedigkeit-beitraegt\/","url":"https:\/\/www.dentled.com\/de\/wie-falsche-beleuchtung-in-einem-zahnaerztlichen-behandlungszimmer-zu-muedigkeit-beitraegt\/","name":"Wie falsche Beleuchtung in einem zahn\u00e4rztlichen Behandlungszimmer zu M\u00fcdigkeit beitr\u00e4gt - Dentled com","isPartOf":{"@id":"https:\/\/www.dentled.com\/de\/#website"},"datePublished":"2025-03-27T12:21:36+00:00","dateModified":"2025-10-22T05:05:17+00:00","breadcrumb":{"@id":"https:\/\/www.dentled.com\/de\/wie-falsche-beleuchtung-in-einem-zahnaerztlichen-behandlungszimmer-zu-muedigkeit-beitraegt\/#breadcrumb"},"inLanguage":"de","potentialAction":[{"@type":"ReadAction","target":["https:\/\/www.dentled.com\/de\/wie-falsche-beleuchtung-in-einem-zahnaerztlichen-behandlungszimmer-zu-muedigkeit-beitraegt\/"]}]},{"@type":"BreadcrumbList","@id":"https:\/\/www.dentled.com\/de\/wie-falsche-beleuchtung-in-einem-zahnaerztlichen-behandlungszimmer-zu-muedigkeit-beitraegt\/#breadcrumb","itemListElement":[{"@type":"ListItem","position":1,"name":"Home","item":"https:\/\/www.dentled.com\/de\/"},{"@type":"ListItem","position":2,"name":"Wie falsche Beleuchtung in einem zahn\u00e4rztlichen Behandlungszimmer zu M\u00fcdigkeit beitr\u00e4gt"}]},{"@type":"WebSite","@id":"https:\/\/www.dentled.com\/de\/#website","url":"https:\/\/www.dentled.com\/de\/","name":"Dentled com","description":"Lighting for dental care","potentialAction":[{"@type":"SearchAction","target":{"@type":"EntryPoint","urlTemplate":"https:\/\/www.dentled.com\/de\/?s={search_term_string}"},"query-input":{"@type":"PropertyValueSpecification","valueRequired":true,"valueName":"search_term_string"}}],"inLanguage":"de"}]}},"_links":{"self":[{"href":"https:\/\/www.dentled.com\/de\/wp-json\/wp\/v2\/pages\/3976","targetHints":{"allow":["GET"]}}],"collection":[{"href":"https:\/\/www.dentled.com\/de\/wp-json\/wp\/v2\/pages"}],"about":[{"href":"https:\/\/www.dentled.com\/de\/wp-json\/wp\/v2\/types\/page"}],"author":[{"embeddable":true,"href":"https:\/\/www.dentled.com\/de\/wp-json\/wp\/v2\/users\/3"}],"replies":[{"embeddable":true,"href":"https:\/\/www.dentled.com\/de\/wp-json\/wp\/v2\/comments?post=3976"}],"version-history":[{"count":8,"href":"https:\/\/www.dentled.com\/de\/wp-json\/wp\/v2\/pages\/3976\/revisions"}],"predecessor-version":[{"id":5742,"href":"https:\/\/www.dentled.com\/de\/wp-json\/wp\/v2\/pages\/3976\/revisions\/5742"}],"wp:attachment":[{"href":"https:\/\/www.dentled.com\/de\/wp-json\/wp\/v2\/media?parent=3976"}],"curies":[{"name":"wp","href":"https:\/\/api.w.org\/{rel}","templated":true}]}}