{"id":3900,"date":"2025-03-25T12:30:15","date_gmt":"2025-03-25T12:30:15","guid":{"rendered":"https:\/\/www.dentled.com\/beleuchtung-im-empfangs-wege-und-wartebereich-ihrer-zahnarztpraxis\/"},"modified":"2025-10-22T05:05:28","modified_gmt":"2025-10-22T05:05:28","slug":"beleuchtung-im-empfangs-wege-und-wartebereich-ihrer-zahnarztpraxis","status":"publish","type":"page","link":"https:\/\/www.dentled.com\/de\/perfektes-licht\/beleuchtung-im-empfangs-wege-und-wartebereich-ihrer-zahnarztpraxis\/","title":{"rendered":"Beleuchtung im Empfangs-, Leitungs- und Wartebereich Ihrer Zahnarztpraxis."},"content":{"rendered":"<div class=\"row\"  id=\"row-1088256892\">\n\n\t<div id=\"col-1454760797\" class=\"col small-12 large-12\"  >\n\t\t\t\t<div class=\"col-inner\"  >\n\t\t\t\n\t\t\t\n\n  <div class=\"banner has-hover\" id=\"banner-150629117\">\n          <div class=\"banner-inner fill\">\n        <div class=\"banner-bg fill\" >\n            <img loading=\"lazy\" decoding=\"async\" width=\"1020\" height=\"646\" src=\"https:\/\/www.dentled.com\/wp-content\/uploads\/2025\/03\/Lighting-in-the-reception-routing-and-waiting-area-of-your-dental-practice-1263x800.jpg\" class=\"bg attachment-large size-large\" alt=\"Lighting in the reception, routing, and waiting area of your dental practice.\" \/>                                    \n                    <\/div>\n\t\t\n        <div class=\"banner-layers container\">\n            <div class=\"fill banner-link\"><\/div>            \n   <div id=\"text-box-1405060139\" class=\"text-box banner-layer x50 md-x50 lg-x50 y50 md-y50 lg-y50 res-text\">\n                                <div class=\"text-box-content text dark text-shadow-3\">\n              \n              <div class=\"text-inner text-center\">\n                  \n<h3>DIE WICHTIGE ROLLE DER BELEUCHTUNG IM EMPFANGS-, LEITUNGS- UND WARTEBEREICH IHRER ZAHNARZTPRAXIS.<\/h3>\n              <\/div>\n           <\/div>\n                            \n<style>\n#text-box-1405060139 {\n  width: 60%;\n}\n#text-box-1405060139 .text-box-content {\n  font-size: 100%;\n}\n<\/style>\n    <\/div>\n \n        <\/div>\n      <\/div>\n\n            \n<style>\n#banner-150629117 {\n  padding-top: 500px;\n}\n<\/style>\n  <\/div>\n\n\n\t\t<\/div>\n\t\t\t\t\t<\/div>\n\n\t\n<\/div>\n<div class=\"row\"  id=\"row-1384648329\">\n\n\t<div id=\"col-2072610663\" class=\"col small-12 large-12\"  >\n\t\t\t\t<div class=\"col-inner\"  >\n\t\t\t\n\t\t\t\n<h2 data-start=\"0\" data-end=\"58\"><span style=\"color: #000000\">Empfang, Warteraum und Routing in der Praxis<\/span><\/h2>\n<hr>\n<p class=\"\" data-start=\"60\" data-end=\"443\"><span style=\"color: #000000\">Genauso wichtig wie die Beleuchtung in den Behandlungsr\u00e4umen und anderen Arbeitsbereichen Ihrer Zahnarztpraxis ist die Beleuchtung im Rest der Praxis. Eine gute Beleuchtung in den Wartebereichen, am Empfang und auf den Fluren ist nicht nur f\u00fcr Ihre Kollegen wichtig, sondern auch f\u00fcr Ihre Patienten, die zur Behandlung kommen. Eine angenehme und gut beleuchtete Umgebung vermittelt Professionalit\u00e4t und sorgt f\u00fcr ein positives Erlebnis.  <\/span><\/p>\n\t\t<\/div>\n\t\t\t\t\t<\/div>\n\n\t\n\n<style>\n#row-1384648329 > .col > .col-inner {\n  padding: 30px 0px 0px 0px;\n}\n<\/style>\n<\/div>\n<div class=\"row align-middle\"  id=\"row-280818567\">\n\n\t<div id=\"col-1574382195\" class=\"col medium-6 small-12 large-6\"  >\n\t\t\t\t<div class=\"col-inner\"  >\n\t\t\t\n\t\t\t\n\t<div class=\"img has-hover x md-x lg-x y md-y lg-y\" id=\"image_170887316\">\n\t\t\t\t\t\t\t\t<div class=\"img-inner dark\" >\n\t\t\t<img loading=\"lazy\" decoding=\"async\" width=\"800\" height=\"800\" src=\"https:\/\/www.dentled.com\/wp-content\/uploads\/2025\/03\/Lighting-in-the-reception-and-waiting-area-of-your-dental-practice-800x800.jpg\" class=\"attachment-large size-large\" alt=\"Lighting in the reception and waiting area of your dental practice\" srcset=\"https:\/\/www.dentled.com\/wp-content\/uploads\/2025\/03\/Lighting-in-the-reception-and-waiting-area-of-your-dental-practice-800x800.jpg 800w, https:\/\/www.dentled.com\/wp-content\/uploads\/2025\/03\/Lighting-in-the-reception-and-waiting-area-of-your-dental-practice-400x400.jpg 400w, https:\/\/www.dentled.com\/wp-content\/uploads\/2025\/03\/Lighting-in-the-reception-and-waiting-area-of-your-dental-practice-280x280.jpg 280w, https:\/\/www.dentled.com\/wp-content\/uploads\/2025\/03\/Lighting-in-the-reception-and-waiting-area-of-your-dental-practice-768x768.jpg 768w, https:\/\/www.dentled.com\/wp-content\/uploads\/2025\/03\/Lighting-in-the-reception-and-waiting-area-of-your-dental-practice-247x247.jpg 247w, https:\/\/www.dentled.com\/wp-content\/uploads\/2025\/03\/Lighting-in-the-reception-and-waiting-area-of-your-dental-practice-512x512.jpg 512w, https:\/\/www.dentled.com\/wp-content\/uploads\/2025\/03\/Lighting-in-the-reception-and-waiting-area-of-your-dental-practice-100x100.jpg 100w, https:\/\/www.dentled.com\/wp-content\/uploads\/2025\/03\/Lighting-in-the-reception-and-waiting-area-of-your-dental-practice.jpg 1080w\" sizes=\"auto, (max-width: 800px) 100vw, 800px\" \/>\t\t\t\t\t\t\n\t\t\t\t\t<\/div>\n\t\t\t\t\t\t\t\t\n<style>\n#image_170887316 {\n  width: 100%;\n}\n<\/style>\n\t<\/div>\n\t\n\t\t<\/div>\n\t\t\t\t\t<\/div>\n\n\t\n\n\t<div id=\"col-85802339\" class=\"col medium-6 small-12 large-6\"  >\n\t\t\t\t<div class=\"col-inner\"  >\n\t\t\t\n\t\t\t\n\t<div class=\"img has-hover x md-x lg-x y md-y lg-y\" id=\"image_1232783009\">\n\t\t\t\t\t\t\t\t<div class=\"img-inner dark\" >\n\t\t\t<img loading=\"lazy\" decoding=\"async\" width=\"800\" height=\"800\" src=\"https:\/\/www.dentled.com\/wp-content\/uploads\/2025\/03\/Dentled-lighting-in-the-reception-routing-and-waiting-area-of-your-dental-practice-800x800.jpg\" class=\"attachment-large size-large\" alt=\"Dentled lighting in the reception, routing, and waiting area of your dental practice\" srcset=\"https:\/\/www.dentled.com\/wp-content\/uploads\/2025\/03\/Dentled-lighting-in-the-reception-routing-and-waiting-area-of-your-dental-practice-800x800.jpg 800w, https:\/\/www.dentled.com\/wp-content\/uploads\/2025\/03\/Dentled-lighting-in-the-reception-routing-and-waiting-area-of-your-dental-practice-400x400.jpg 400w, https:\/\/www.dentled.com\/wp-content\/uploads\/2025\/03\/Dentled-lighting-in-the-reception-routing-and-waiting-area-of-your-dental-practice-280x280.jpg 280w, https:\/\/www.dentled.com\/wp-content\/uploads\/2025\/03\/Dentled-lighting-in-the-reception-routing-and-waiting-area-of-your-dental-practice-768x768.jpg 768w, https:\/\/www.dentled.com\/wp-content\/uploads\/2025\/03\/Dentled-lighting-in-the-reception-routing-and-waiting-area-of-your-dental-practice-247x247.jpg 247w, https:\/\/www.dentled.com\/wp-content\/uploads\/2025\/03\/Dentled-lighting-in-the-reception-routing-and-waiting-area-of-your-dental-practice-512x512.jpg 512w, https:\/\/www.dentled.com\/wp-content\/uploads\/2025\/03\/Dentled-lighting-in-the-reception-routing-and-waiting-area-of-your-dental-practice-100x100.jpg 100w, https:\/\/www.dentled.com\/wp-content\/uploads\/2025\/03\/Dentled-lighting-in-the-reception-routing-and-waiting-area-of-your-dental-practice.jpg 1080w\" sizes=\"auto, (max-width: 800px) 100vw, 800px\" \/>\t\t\t\t\t\t\n\t\t\t\t\t<\/div>\n\t\t\t\t\t\t\t\t\n<style>\n#image_1232783009 {\n  width: 100%;\n}\n<\/style>\n\t<\/div>\n\t\n\t\t<\/div>\n\t\t\t\t\t<\/div>\n\n\t\n<\/div>\n<div class=\"row\"  id=\"row-930126054\">\n\n\t<div id=\"col-739550926\" class=\"col small-12 large-12\"  >\n\t\t\t\t<div class=\"col-inner\"  >\n\t\t\t\n\t\t\t\n<h2 data-start=\"0\" data-end=\"41\"><span style=\"color: #000000\">Ergonomische und attraktive Arbeitsbereiche<\/span><\/h2>\n<hr>\n<p class=\"\" data-start=\"43\" data-end=\"606\"><span style=\"color: #000000\">Wir helfen Ihnen gerne bei der Auswahl der richtigen Beleuchtungsl\u00f6sungen f\u00fcr Behandlungsr\u00e4ume, aber auch f\u00fcr Wegef\u00fchrungen, Wartebereiche und den Empfang. Stellen Sie sich eine Designer-Lichtleiste oder eine runde Leuchte im Empfangsbereich vor, eine Fotopaneel-Decke im Wartezimmer oder integrierte Lichtleisten und effiziente LED-Paneele in den Fluren &#8211; alles ist m\u00f6glich. Das Ziel ist es, einen gut gestalteten, \u00e4sthetisch ansprechenden und ergonomisch verantwortlichen Arbeitsplatz zu schaffen, nach dem jeder strebt. Eine gute Beleuchtung tr\u00e4gt zur Effizienz und zum Wohlbefinden des gesamten Teams bei.   <\/span><\/p>\n\t\t<\/div>\n\t\t\t\t\t<\/div>\n\n\t\n<\/div>\n<div class=\"row align-middle\"  id=\"row-1078844520\">\n\n\t<div id=\"col-48914330\" class=\"col medium-6 small-12 large-6\"  >\n\t\t\t\t<div class=\"col-inner\"  >\n\t\t\t\n\t\t\t\n\t<div class=\"img has-hover x md-x lg-x y md-y lg-y\" id=\"image_450422928\">\n\t\t\t\t\t\t\t\t<div class=\"img-inner dark\" >\n\t\t\t<img loading=\"lazy\" decoding=\"async\" width=\"800\" height=\"800\" src=\"https:\/\/www.dentled.com\/wp-content\/uploads\/2025\/03\/The-lighting-in-the-reception-routing-and-waiting-area-of-your-dental-practice-1-800x800.jpg\" class=\"attachment-large size-large\" alt=\"The lighting in the reception, routing, and waiting area of your dental practice\" srcset=\"https:\/\/www.dentled.com\/wp-content\/uploads\/2025\/03\/The-lighting-in-the-reception-routing-and-waiting-area-of-your-dental-practice-1-800x800.jpg 800w, https:\/\/www.dentled.com\/wp-content\/uploads\/2025\/03\/The-lighting-in-the-reception-routing-and-waiting-area-of-your-dental-practice-1-400x400.jpg 400w, https:\/\/www.dentled.com\/wp-content\/uploads\/2025\/03\/The-lighting-in-the-reception-routing-and-waiting-area-of-your-dental-practice-1-280x280.jpg 280w, https:\/\/www.dentled.com\/wp-content\/uploads\/2025\/03\/The-lighting-in-the-reception-routing-and-waiting-area-of-your-dental-practice-1-768x768.jpg 768w, https:\/\/www.dentled.com\/wp-content\/uploads\/2025\/03\/The-lighting-in-the-reception-routing-and-waiting-area-of-your-dental-practice-1-247x247.jpg 247w, https:\/\/www.dentled.com\/wp-content\/uploads\/2025\/03\/The-lighting-in-the-reception-routing-and-waiting-area-of-your-dental-practice-1-512x512.jpg 512w, https:\/\/www.dentled.com\/wp-content\/uploads\/2025\/03\/The-lighting-in-the-reception-routing-and-waiting-area-of-your-dental-practice-1-100x100.jpg 100w, https:\/\/www.dentled.com\/wp-content\/uploads\/2025\/03\/The-lighting-in-the-reception-routing-and-waiting-area-of-your-dental-practice-1.jpg 1080w\" sizes=\"auto, (max-width: 800px) 100vw, 800px\" \/>\t\t\t\t\t\t\n\t\t\t\t\t<\/div>\n\t\t\t\t\t\t\t\t\n<style>\n#image_450422928 {\n  width: 100%;\n}\n<\/style>\n\t<\/div>\n\t\n<p><span style=\"color: #000000\">Foto-LED-Paneele f\u00fcr Ihre Zahnarztpraxis. Hochaufl\u00f6sende Fotografie und Designs schon ab 4 Paneelen <\/span><\/p>\n\t\t<\/div>\n\t\t\t\t\t<\/div>\n\n\t\n\n\t<div id=\"col-352108231\" class=\"col medium-6 small-12 large-6\"  >\n\t\t\t\t<div class=\"col-inner\"  >\n\t\t\t\n\t\t\t\n\t<div class=\"img has-hover x md-x lg-x y md-y lg-y\" id=\"image_1193754025\">\n\t\t\t\t\t\t\t\t<div class=\"img-inner dark\" >\n\t\t\t<img loading=\"lazy\" decoding=\"async\" width=\"800\" height=\"800\" src=\"https:\/\/www.dentled.com\/wp-content\/uploads\/2025\/03\/The-lighting-routing-of-your-dental-practice-800x800.jpg\" class=\"attachment-large size-large\" alt=\"The lighting routing of your dental practice\" srcset=\"https:\/\/www.dentled.com\/wp-content\/uploads\/2025\/03\/The-lighting-routing-of-your-dental-practice-800x800.jpg 800w, https:\/\/www.dentled.com\/wp-content\/uploads\/2025\/03\/The-lighting-routing-of-your-dental-practice-400x400.jpg 400w, https:\/\/www.dentled.com\/wp-content\/uploads\/2025\/03\/The-lighting-routing-of-your-dental-practice-280x280.jpg 280w, https:\/\/www.dentled.com\/wp-content\/uploads\/2025\/03\/The-lighting-routing-of-your-dental-practice-768x768.jpg 768w, https:\/\/www.dentled.com\/wp-content\/uploads\/2025\/03\/The-lighting-routing-of-your-dental-practice-247x247.jpg 247w, https:\/\/www.dentled.com\/wp-content\/uploads\/2025\/03\/The-lighting-routing-of-your-dental-practice-512x512.jpg 512w, https:\/\/www.dentled.com\/wp-content\/uploads\/2025\/03\/The-lighting-routing-of-your-dental-practice-100x100.jpg 100w, https:\/\/www.dentled.com\/wp-content\/uploads\/2025\/03\/The-lighting-routing-of-your-dental-practice.jpg 1080w\" sizes=\"auto, (max-width: 800px) 100vw, 800px\" \/>\t\t\t\t\t\t\n\t\t\t\t\t<\/div>\n\t\t\t\t\t\t\t\t\n<style>\n#image_1193754025 {\n  width: 100%;\n}\n<\/style>\n\t<\/div>\n\t\n<p><span style=\"color: #000000\">Dentled PHL anpassbar &#8211; Die anpassbare Dentled PHL LED-Beleuchtung mit Vollspektrum-Tageslicht<\/span><\/p>\n\t\t<\/div>\n\t\t\t\t\t<\/div>\n\n\t\n<\/div>\n<div class=\"row\"  id=\"row-1246435658\">\n\n\t<div id=\"col-1088525160\" class=\"col small-12 large-12\"  >\n\t\t\t\t<div class=\"col-inner\"  >\n\t\t\t\n\t\t\t\n<h2 data-start=\"0\" data-end=\"32\"><span style=\"color: #000000\">Eine lohnende Investition<\/span><\/h2>\n<hr>\n<p class=\"\" data-start=\"34\" data-end=\"228\"><span style=\"color: #000000\">Es ist eine Investition, die sich auszahlt und kein Verm\u00f6gen kosten muss. Immerhin arbeitet ein durchschnittlicher Zahnarzt rund 36.000 Stunden. Umso besser, wenn dies in einer gut beleuchteten Arbeitsumgebung geschieht.  <\/span><\/p>\n<h2 data-start=\"230\" data-end=\"279\"><span style=\"color: #000000\">Kontaktieren Sie uns f\u00fcr ein unverbindliches Beratungsgespr\u00e4ch<\/span><\/h2>\n<hr>\n<p class=\"\" data-start=\"281\" data-end=\"458\"><span style=\"color: #000000\">Wir setzen uns gerne mit Ihnen in Verbindung und beraten Sie fachkundig. Anhand Ihrer Zeichnungen und Fotos k\u00f6nnen wir die M\u00f6glichkeiten bewerten und Ihnen ein unverbindliches Angebot erstellen. <\/span><\/p>\n<p class=\"\" data-start=\"460\" data-end=\"591\"><span style=\"color: #000000\"><strong data-start=\"460\" data-end=\"508\">Hochwertige Dentalbeleuchtungssysteme f\u00fcr Sie &#8211; Kontakt<\/strong><\/span><\/p>\n<hr>\n<p data-start=\"460\" data-end=\"591\"><span style=\"color: #000000\"><strong>INT:<\/strong> +31 30 3100 500| <a style=\"color: #000000\" href=\"mailto:info@dentled.com\" target=\"_blank\" rel=\"noopener\">info@dentled.com<\/a><\/span><br \/>\n<span style=\"color: #000000\"><strong>UK:<\/strong> +44 1483 928 029 \/ <strong>Deutschland:<\/strong> +49(0)800 285 0 500<\/span><\/p>\n\t\t<\/div>\n\t\t\t\t\t<\/div>\n\n\t\n<\/div>\n","protected":false},"excerpt":{"rendered":"","protected":false},"author":6,"featured_media":3897,"parent":4906,"menu_order":0,"comment_status":"closed","ping_status":"closed","template":"","meta":{"inline_featured_image":false,"footnotes":""},"class_list":["post-3900","page","type-page","status-publish","has-post-thumbnail","hentry"],"yoast_head":"<!-- This site is optimized with the Yoast SEO plugin v26.9 - https:\/\/yoast.com\/product\/yoast-seo-wordpress\/ -->\n<title>Beleuchtung im Empfangs-, Leitungs- und Wartebereich Ihrer Zahnarztpraxis.<\/title>\n<meta name=\"robots\" content=\"index, follow, max-snippet:-1, max-image-preview:large, max-video-preview:-1\" \/>\n<link rel=\"canonical\" href=\"https:\/\/www.dentled.com\/de\/perfektes-licht\/beleuchtung-im-empfangs-wege-und-wartebereich-ihrer-zahnarztpraxis\/\" \/>\n<meta property=\"og:locale\" content=\"de_DE\" \/>\n<meta property=\"og:type\" content=\"article\" \/>\n<meta property=\"og:title\" content=\"Beleuchtung im Empfangs-, Leitungs- und Wartebereich Ihrer Zahnarztpraxis.\" \/>\n<meta property=\"og:url\" content=\"https:\/\/www.dentled.com\/de\/perfektes-licht\/beleuchtung-im-empfangs-wege-und-wartebereich-ihrer-zahnarztpraxis\/\" \/>\n<meta property=\"og:site_name\" content=\"Dentled com\" \/>\n<meta property=\"article:modified_time\" content=\"2025-10-22T05:05:28+00:00\" \/>\n<meta property=\"og:image\" content=\"https:\/\/www.dentled.com\/wp-content\/uploads\/2025\/03\/Lighting-in-the-reception-and-waiting-area-of-your-dental-practice.jpg\" \/>\n\t<meta property=\"og:image:width\" content=\"1080\" \/>\n\t<meta property=\"og:image:height\" content=\"1080\" \/>\n\t<meta property=\"og:image:type\" content=\"image\/jpeg\" \/>\n<meta name=\"twitter:card\" content=\"summary_large_image\" \/>\n<meta name=\"twitter:label1\" content=\"Gesch\u00e4tzte Lesezeit\" \/>\n\t<meta name=\"twitter:data1\" content=\"2\u00a0Minuten\" \/>\n<script type=\"application\/ld+json\" class=\"yoast-schema-graph\">{\"@context\":\"https:\/\/schema.org\",\"@graph\":[{\"@type\":\"WebPage\",\"@id\":\"https:\/\/www.dentled.com\/de\/perfektes-licht\/beleuchtung-im-empfangs-wege-und-wartebereich-ihrer-zahnarztpraxis\/\",\"url\":\"https:\/\/www.dentled.com\/de\/perfektes-licht\/beleuchtung-im-empfangs-wege-und-wartebereich-ihrer-zahnarztpraxis\/\",\"name\":\"Beleuchtung im Empfangs-, Leitungs- und Wartebereich Ihrer Zahnarztpraxis.\",\"isPartOf\":{\"@id\":\"https:\/\/www.dentled.com\/de\/#website\"},\"primaryImageOfPage\":{\"@id\":\"https:\/\/www.dentled.com\/de\/perfektes-licht\/beleuchtung-im-empfangs-wege-und-wartebereich-ihrer-zahnarztpraxis\/#primaryimage\"},\"image\":{\"@id\":\"https:\/\/www.dentled.com\/de\/perfektes-licht\/beleuchtung-im-empfangs-wege-und-wartebereich-ihrer-zahnarztpraxis\/#primaryimage\"},\"thumbnailUrl\":\"https:\/\/www.dentled.com\/wp-content\/uploads\/2025\/03\/Lighting-in-the-reception-and-waiting-area-of-your-dental-practice.jpg\",\"datePublished\":\"2025-03-25T12:30:15+00:00\",\"dateModified\":\"2025-10-22T05:05:28+00:00\",\"breadcrumb\":{\"@id\":\"https:\/\/www.dentled.com\/de\/perfektes-licht\/beleuchtung-im-empfangs-wege-und-wartebereich-ihrer-zahnarztpraxis\/#breadcrumb\"},\"inLanguage\":\"de\",\"potentialAction\":[{\"@type\":\"ReadAction\",\"target\":[\"https:\/\/www.dentled.com\/de\/perfektes-licht\/beleuchtung-im-empfangs-wege-und-wartebereich-ihrer-zahnarztpraxis\/\"]}]},{\"@type\":\"ImageObject\",\"inLanguage\":\"de\",\"@id\":\"https:\/\/www.dentled.com\/de\/perfektes-licht\/beleuchtung-im-empfangs-wege-und-wartebereich-ihrer-zahnarztpraxis\/#primaryimage\",\"url\":\"https:\/\/www.dentled.com\/wp-content\/uploads\/2025\/03\/Lighting-in-the-reception-and-waiting-area-of-your-dental-practice.jpg\",\"contentUrl\":\"https:\/\/www.dentled.com\/wp-content\/uploads\/2025\/03\/Lighting-in-the-reception-and-waiting-area-of-your-dental-practice.jpg\",\"width\":1080,\"height\":1080,\"caption\":\"Lighting in the reception and waiting area of your dental practice\"},{\"@type\":\"BreadcrumbList\",\"@id\":\"https:\/\/www.dentled.com\/de\/perfektes-licht\/beleuchtung-im-empfangs-wege-und-wartebereich-ihrer-zahnarztpraxis\/#breadcrumb\",\"itemListElement\":[{\"@type\":\"ListItem\",\"position\":1,\"name\":\"Home\",\"item\":\"https:\/\/www.dentled.com\/de\/\"},{\"@type\":\"ListItem\",\"position\":2,\"name\":\"Perfektes Licht\",\"item\":\"https:\/\/www.dentled.com\/de\/perfektes-licht\/\"},{\"@type\":\"ListItem\",\"position\":3,\"name\":\"Beleuchtung im Empfangs-, Leitungs- und Wartebereich Ihrer Zahnarztpraxis.\"}]},{\"@type\":\"WebSite\",\"@id\":\"https:\/\/www.dentled.com\/de\/#website\",\"url\":\"https:\/\/www.dentled.com\/de\/\",\"name\":\"Dentled com\",\"description\":\"Lighting for dental care\",\"potentialAction\":[{\"@type\":\"SearchAction\",\"target\":{\"@type\":\"EntryPoint\",\"urlTemplate\":\"https:\/\/www.dentled.com\/de\/?s={search_term_string}\"},\"query-input\":{\"@type\":\"PropertyValueSpecification\",\"valueRequired\":true,\"valueName\":\"search_term_string\"}}],\"inLanguage\":\"de\"}]}<\/script>\n<!-- \/ Yoast SEO plugin. -->","yoast_head_json":{"title":"Beleuchtung im Empfangs-, Leitungs- und Wartebereich Ihrer Zahnarztpraxis.","robots":{"index":"index","follow":"follow","max-snippet":"max-snippet:-1","max-image-preview":"max-image-preview:large","max-video-preview":"max-video-preview:-1"},"canonical":"https:\/\/www.dentled.com\/de\/perfektes-licht\/beleuchtung-im-empfangs-wege-und-wartebereich-ihrer-zahnarztpraxis\/","og_locale":"de_DE","og_type":"article","og_title":"Beleuchtung im Empfangs-, Leitungs- und Wartebereich Ihrer Zahnarztpraxis.","og_url":"https:\/\/www.dentled.com\/de\/perfektes-licht\/beleuchtung-im-empfangs-wege-und-wartebereich-ihrer-zahnarztpraxis\/","og_site_name":"Dentled com","article_modified_time":"2025-10-22T05:05:28+00:00","og_image":[{"width":1080,"height":1080,"url":"https:\/\/www.dentled.com\/wp-content\/uploads\/2025\/03\/Lighting-in-the-reception-and-waiting-area-of-your-dental-practice.jpg","type":"image\/jpeg"}],"twitter_card":"summary_large_image","twitter_misc":{"Gesch\u00e4tzte Lesezeit":"2\u00a0Minuten"},"schema":{"@context":"https:\/\/schema.org","@graph":[{"@type":"WebPage","@id":"https:\/\/www.dentled.com\/de\/perfektes-licht\/beleuchtung-im-empfangs-wege-und-wartebereich-ihrer-zahnarztpraxis\/","url":"https:\/\/www.dentled.com\/de\/perfektes-licht\/beleuchtung-im-empfangs-wege-und-wartebereich-ihrer-zahnarztpraxis\/","name":"Beleuchtung im Empfangs-, Leitungs- und Wartebereich Ihrer Zahnarztpraxis.","isPartOf":{"@id":"https:\/\/www.dentled.com\/de\/#website"},"primaryImageOfPage":{"@id":"https:\/\/www.dentled.com\/de\/perfektes-licht\/beleuchtung-im-empfangs-wege-und-wartebereich-ihrer-zahnarztpraxis\/#primaryimage"},"image":{"@id":"https:\/\/www.dentled.com\/de\/perfektes-licht\/beleuchtung-im-empfangs-wege-und-wartebereich-ihrer-zahnarztpraxis\/#primaryimage"},"thumbnailUrl":"https:\/\/www.dentled.com\/wp-content\/uploads\/2025\/03\/Lighting-in-the-reception-and-waiting-area-of-your-dental-practice.jpg","datePublished":"2025-03-25T12:30:15+00:00","dateModified":"2025-10-22T05:05:28+00:00","breadcrumb":{"@id":"https:\/\/www.dentled.com\/de\/perfektes-licht\/beleuchtung-im-empfangs-wege-und-wartebereich-ihrer-zahnarztpraxis\/#breadcrumb"},"inLanguage":"de","potentialAction":[{"@type":"ReadAction","target":["https:\/\/www.dentled.com\/de\/perfektes-licht\/beleuchtung-im-empfangs-wege-und-wartebereich-ihrer-zahnarztpraxis\/"]}]},{"@type":"ImageObject","inLanguage":"de","@id":"https:\/\/www.dentled.com\/de\/perfektes-licht\/beleuchtung-im-empfangs-wege-und-wartebereich-ihrer-zahnarztpraxis\/#primaryimage","url":"https:\/\/www.dentled.com\/wp-content\/uploads\/2025\/03\/Lighting-in-the-reception-and-waiting-area-of-your-dental-practice.jpg","contentUrl":"https:\/\/www.dentled.com\/wp-content\/uploads\/2025\/03\/Lighting-in-the-reception-and-waiting-area-of-your-dental-practice.jpg","width":1080,"height":1080,"caption":"Lighting in the reception and waiting area of your dental practice"},{"@type":"BreadcrumbList","@id":"https:\/\/www.dentled.com\/de\/perfektes-licht\/beleuchtung-im-empfangs-wege-und-wartebereich-ihrer-zahnarztpraxis\/#breadcrumb","itemListElement":[{"@type":"ListItem","position":1,"name":"Home","item":"https:\/\/www.dentled.com\/de\/"},{"@type":"ListItem","position":2,"name":"Perfektes Licht","item":"https:\/\/www.dentled.com\/de\/perfektes-licht\/"},{"@type":"ListItem","position":3,"name":"Beleuchtung im Empfangs-, Leitungs- und Wartebereich Ihrer Zahnarztpraxis."}]},{"@type":"WebSite","@id":"https:\/\/www.dentled.com\/de\/#website","url":"https:\/\/www.dentled.com\/de\/","name":"Dentled com","description":"Lighting for dental care","potentialAction":[{"@type":"SearchAction","target":{"@type":"EntryPoint","urlTemplate":"https:\/\/www.dentled.com\/de\/?s={search_term_string}"},"query-input":{"@type":"PropertyValueSpecification","valueRequired":true,"valueName":"search_term_string"}}],"inLanguage":"de"}]}},"_links":{"self":[{"href":"https:\/\/www.dentled.com\/de\/wp-json\/wp\/v2\/pages\/3900","targetHints":{"allow":["GET"]}}],"collection":[{"href":"https:\/\/www.dentled.com\/de\/wp-json\/wp\/v2\/pages"}],"about":[{"href":"https:\/\/www.dentled.com\/de\/wp-json\/wp\/v2\/types\/page"}],"author":[{"embeddable":true,"href":"https:\/\/www.dentled.com\/de\/wp-json\/wp\/v2\/users\/6"}],"replies":[{"embeddable":true,"href":"https:\/\/www.dentled.com\/de\/wp-json\/wp\/v2\/comments?post=3900"}],"version-history":[{"count":14,"href":"https:\/\/www.dentled.com\/de\/wp-json\/wp\/v2\/pages\/3900\/revisions"}],"predecessor-version":[{"id":5772,"href":"https:\/\/www.dentled.com\/de\/wp-json\/wp\/v2\/pages\/3900\/revisions\/5772"}],"up":[{"embeddable":true,"href":"https:\/\/www.dentled.com\/de\/wp-json\/wp\/v2\/pages\/4906"}],"wp:featuredmedia":[{"embeddable":true,"href":"https:\/\/www.dentled.com\/de\/wp-json\/wp\/v2\/media\/3897"}],"wp:attachment":[{"href":"https:\/\/www.dentled.com\/de\/wp-json\/wp\/v2\/media?parent=3900"}],"curies":[{"name":"wp","href":"https:\/\/api.w.org\/{rel}","templated":true}]}}