{"id":1882,"date":"2022-03-14T10:22:49","date_gmt":"2022-03-14T10:22:49","guid":{"rendered":"https:\/\/www.dentled.com\/warum-die-lichtqualitaet-in-einer-zahnklinik-so-wichtig-ist\/"},"modified":"2026-01-28T03:36:06","modified_gmt":"2026-01-28T03:36:06","slug":"warum-die-lichtqualitaet-in-einer-zahnklinik-so-wichtig-ist","status":"publish","type":"page","link":"https:\/\/www.dentled.com\/de\/perfektes-licht\/warum-die-lichtqualitaet-in-einer-zahnklinik-so-wichtig-ist\/","title":{"rendered":"Warum die Qualit\u00e4t der Beleuchtung in einer Zahnklinik so wichtig ist"},"content":{"rendered":"\r\n\n\t<section class=\"section\" id=\"section_899299849\">\n\t\t<div class=\"section-bg fill\" >\n\t\t\t\t\t\t\t\t\t\n\t\t\t\n\n\t\t<\/div>\n\n\t\t\n\n\t\t<div class=\"section-content relative\">\n\t\t\t <div class=\"row align-middle align-center\"  id=\"row-1991069666\"> \n\t<div id=\"col-106809892\" class=\"col medium-12 small-12 large-6\"  >\n\t\t\t\t<div class=\"col-inner\"  >\n\t\t\t\n\t\t\t \t<div class=\"img has-hover x md-x lg-x y md-y lg-y\" id=\"image_1288378644\">\n\t\t\t\t\t\t\t\t<div class=\"img-inner dark\" >\n\t\t\t<img loading=\"lazy\" decoding=\"async\" width=\"800\" height=\"800\" src=\"https:\/\/www.dentled.com\/wp-content\/uploads\/2022\/03\/3-800x800.jpg\" class=\"attachment-large size-large\" alt=\"\" srcset=\"https:\/\/www.dentled.com\/wp-content\/uploads\/2022\/03\/3-800x800.jpg 800w, https:\/\/www.dentled.com\/wp-content\/uploads\/2022\/03\/3-247x247.jpg 247w, https:\/\/www.dentled.com\/wp-content\/uploads\/2022\/03\/3-100x100.jpg 100w, https:\/\/www.dentled.com\/wp-content\/uploads\/2022\/03\/3-512x512.jpg 512w, https:\/\/www.dentled.com\/wp-content\/uploads\/2022\/03\/3-400x400.jpg 400w, https:\/\/www.dentled.com\/wp-content\/uploads\/2022\/03\/3-280x280.jpg 280w, https:\/\/www.dentled.com\/wp-content\/uploads\/2022\/03\/3-768x768.jpg 768w, https:\/\/www.dentled.com\/wp-content\/uploads\/2022\/03\/3-1536x1536.jpg 1536w, https:\/\/www.dentled.com\/wp-content\/uploads\/2022\/03\/3.jpg 1620w\" sizes=\"auto, (max-width: 800px) 100vw, 800px\" \/>\t\t\t\t\t\t\n\t\t\t\t\t<\/div>\n\t\t\t\t\t\t\t\t\n<style>\n#image_1288378644 {\n  width: 100%;\n}\n<\/style>\n\t<\/div>\n\t \t\t<\/div>\n\t\t\t\t\t<\/div>\n\n\t \n\t<div id=\"col-1883065626\" class=\"col medium-12 small-12 large-6\"  >\n\t\t\t\t<div class=\"col-inner\"  >\n\t\t\t\n\t\t\t \t<div id=\"text-446982735\" class=\"text\">\n\t\t\r\n<h1><span style=\"font-size: 160%\">Zahn\u00e4rztliche Raumleuchte von DentLed<\/span><\/h1>\r\n\t\t\n<style>\n#text-446982735 {\n  font-size: 1.3rem;\n}\n<\/style>\n\t<\/div>\n\t\r\n<h3><span style=\"font-weight: 400\">&#8211; warum die Lichtqualit\u00e4t in einer Zahnklinik wichtig ist<\/span><\/h3>\r\n<p><span style=\"font-weight: 400\">Die Behandlung der Z\u00e4hne und der Mundh\u00f6hle eines Patienten ist eine sehr verantwortungsvolle T\u00e4tigkeit und erfordert fehlerfreies Arbeiten. Zahn\u00e4rzte, Mundhygieniker und Zahntechniker leisten hier Pr\u00e4zisionsarbeit in einer relativ kleinen Arbeitsumgebung. <\/span><\/p>\r\n\t\t<\/div>\n\t\t\t\t\n<style>\n#col-1883065626 > .col-inner {\n  padding: 0px 0 0px 0px;\n}\n@media (min-width:550px) {\n  #col-1883065626 > .col-inner {\n    padding: 0px 10% 0px 0px;\n  }\n}\n@media (min-width:850px) {\n  #col-1883065626 > .col-inner {\n    padding: 0px 0px 0px 15%;\n  }\n}\n<\/style>\n\t<\/div>\n\n\t <\/div> \t\t<\/div>\n\n\t\t\n<style>\n#section_899299849 {\n  padding-top: 30px;\n  padding-bottom: 30px;\n}\n<\/style>\n\t<\/section>\n\t \n\t<section class=\"section\" id=\"section_116460988\">\n\t\t<div class=\"section-bg fill\" >\n\t\t\t\t\t\t\t\t\t\n\t\t\t\n\n\t\t<\/div>\n\n\t\t\n\n\t\t<div class=\"section-content relative\">\n\t\t\t <div class=\"row\"  id=\"row-647236115\"> \n\t<div id=\"col-1324681100\" class=\"col medium-4 small-12 large-5\"  >\n\t\t\t\t<div class=\"col-inner\"  >\n\t\t\t\n\t\t\t \t<div id=\"text-3670468173\" class=\"text\">\n\t\t\r\n<h3><span style=\"font-weight: 400\">Die optimale Praxisbeleuchtung: so nah wie m\u00f6glich am Tageslicht<\/span><\/h3>\r\n\t\t\n<style>\n#text-3670468173 {\n  font-size: 1.75rem;\n}\n<\/style>\n\t<\/div>\n\t \t\t<\/div>\n\t\t\t\t\t<\/div>\n\n\t \n\t<div id=\"col-1049398245\" class=\"col medium-8 small-12 large-7\"  >\n\t\t\t\t<div class=\"col-inner\"  >\n\t\t\t\n\t\t\t\r\n<p><span style=\"font-weight: 400\">Die Wahl der richtigen Arbeitsbeleuchtung spielt eine entscheidende Rolle f\u00fcr eine entspannte und erm\u00fcdungsfreie Behandlung des Patienten. Folgen einer falschen Arbeitsplatzbeleuchtung sind oft brennende Augen, M\u00fcdigkeit, Konzentrationsschwierigkeiten, schlechte Kontrastdarstellung und unzureichende Farbwahrnehmung w\u00e4hrend der Behandlung. Dar\u00fcber hinaus tragen die Lichtverh\u00e4ltnisse in der Praxis ma\u00dfgeblich zum Wohlbefinden des Patienten bei.  <\/span><\/p>\r\n\t\t<\/div>\n\t\t\t\t\t<\/div>\n\n\t <\/div> <div class=\"row\"  id=\"row-143879367\"> \n\t<div id=\"col-1167956375\" class=\"col small-12 large-12\"  >\n\t\t\t\t<div class=\"col-inner\"  >\n\t\t\t\n\t\t\t\r\n<p><span style=\"font-weight: 400\">Der Behandlungsbereich einer Zahnarztpraxis ist in der Regel in hellen, freundlichen und sauber wirkenden Wei\u00dft\u00f6nen gehalten. Eine blendfreie, tageslicht\u00e4hnliche LED-Beleuchtung mit einer Farbtemperatur von 4.200 bis 6.000 Kelvin unterst\u00fctzt den hygienischen Eindruck und bietet optimale Einsatzbedingungen f\u00fcr das Praxispersonal. <\/span><\/p>\r\n<p><span style=\"font-weight: 400\">Die dentale OP-Leuchte arbeitet im Durchschnitt mit einer Helligkeit von 20.000-25.000 Lux, moderne Ger\u00e4te sogar im Dimmbereich von 8.000 bis 55.000 Lux. Um den Tunneleffekt, den harten \u00dcbergang vom Arbeits- zum Umgebungslicht, zu vermeiden, sollte die Beleuchtung der gesamten Arbeitsumgebung um mindestens 2.000 Lux erh\u00f6ht werden. <\/span><\/p>\r\n<p><span style=\"font-weight: 400\">Das Erkennen von Farben und Kontrasten ist entscheidend f\u00fcr die Arbeitspr\u00e4zision des behandelnden Praxispersonals. F\u00fcr eine erfolgreiche zahn\u00e4rztliche Behandlung muss das k\u00fcnstliche Arbeitslicht so nah wie m\u00f6glich am Tageslicht sein und einen Farbwiedergabeindex (CRI = Color Rendering Index) von mehr als 90% aufweisen. <\/span><\/p>\r\n<div class=\"row\"  id=\"row-392932005\"> \n\t<div id=\"col-1273988334\" class=\"col medium-6 small-12 large-6\"  >\n\t\t\t\t<div class=\"col-inner\"  >\n\t\t\t\n\t\t\t \t<div class=\"img has-hover x md-x lg-x y md-y lg-y\" id=\"image_55979143\">\n\t\t\t\t\t\t\t\t<div class=\"img-inner dark\" >\n\t\t\t<img loading=\"lazy\" decoding=\"async\" width=\"828\" height=\"800\" src=\"https:\/\/www.dentled.com\/wp-content\/uploads\/2022\/05\/Dental-treatmentroom-light-needs-2000lux-at-headrest-by-Dentled.png\" class=\"attachment-original size-original\" alt=\"\" srcset=\"https:\/\/www.dentled.com\/wp-content\/uploads\/2022\/05\/Dental-treatmentroom-light-needs-2000lux-at-headrest-by-Dentled.png 828w, https:\/\/www.dentled.com\/wp-content\/uploads\/2022\/05\/Dental-treatmentroom-light-needs-2000lux-at-headrest-by-Dentled-247x239.png 247w, https:\/\/www.dentled.com\/wp-content\/uploads\/2022\/05\/Dental-treatmentroom-light-needs-2000lux-at-headrest-by-Dentled-512x495.png 512w, https:\/\/www.dentled.com\/wp-content\/uploads\/2022\/05\/Dental-treatmentroom-light-needs-2000lux-at-headrest-by-Dentled-414x400.png 414w, https:\/\/www.dentled.com\/wp-content\/uploads\/2022\/05\/Dental-treatmentroom-light-needs-2000lux-at-headrest-by-Dentled-768x742.png 768w\" sizes=\"auto, (max-width: 828px) 100vw, 828px\" \/>\t\t\t\t\t\t\n\t\t\t\t\t<\/div>\n\t\t\t\t\t\t\t\t\n<style>\n#image_55979143 {\n  width: 100%;\n}\n<\/style>\n\t<\/div>\n\t \t\t<\/div>\n\t\t\t\t\t<\/div>\n\n\t \n\t<div id=\"col-518110357\" class=\"col medium-6 small-12 large-6\"  >\n\t\t\t\t<div class=\"col-inner\"  >\n\t\t\t\n\t\t\t \t<div class=\"img has-hover x md-x lg-x y md-y lg-y\" id=\"image_81311352\">\n\t\t\t\t\t\t\t\t<div class=\"img-inner dark\" >\n\t\t\t<img loading=\"lazy\" decoding=\"async\" width=\"720\" height=\"800\" src=\"https:\/\/www.dentled.com\/wp-content\/uploads\/2022\/05\/Dentled-Dental-clinic-treatment-room-lighting-PHM-720x800.jpg\" class=\"attachment-large size-large\" alt=\"\" srcset=\"https:\/\/www.dentled.com\/wp-content\/uploads\/2022\/05\/Dentled-Dental-clinic-treatment-room-lighting-PHM-720x800.jpg 720w, https:\/\/www.dentled.com\/wp-content\/uploads\/2022\/05\/Dentled-Dental-clinic-treatment-room-lighting-PHM-247x274.jpg 247w, https:\/\/www.dentled.com\/wp-content\/uploads\/2022\/05\/Dentled-Dental-clinic-treatment-room-lighting-PHM-512x569.jpg 512w, https:\/\/www.dentled.com\/wp-content\/uploads\/2022\/05\/Dentled-Dental-clinic-treatment-room-lighting-PHM-360x400.jpg 360w, https:\/\/www.dentled.com\/wp-content\/uploads\/2022\/05\/Dentled-Dental-clinic-treatment-room-lighting-PHM-768x853.jpg 768w, https:\/\/www.dentled.com\/wp-content\/uploads\/2022\/05\/Dentled-Dental-clinic-treatment-room-lighting-PHM.jpg 1080w\" sizes=\"auto, (max-width: 720px) 100vw, 720px\" \/>\t\t\t\t\t\t\n\t\t\t\t\t<\/div>\n\t\t\t\t\t\t\t\t\n<style>\n#image_81311352 {\n  width: 100%;\n}\n<\/style>\n\t<\/div>\n\t \t\t<\/div>\n\t\t\t\t\t<\/div>\n\n\t <\/div>\r\n<h2><span style=\"font-weight: 400\">Flimmerfreies Licht f\u00fcr eine konzentrierte Patientenbehandlung<\/span><\/h2>\r\n<p><span style=\"font-weight: 400\">Die stundenlange Arbeit in einer Zahnarztpraxis stellt hohe Anforderungen an das erm\u00fcdungsfreie Sehverm\u00f6gen der Mitarbeiter. Eine flimmerfreie Arbeitsplatzbeleuchtung bildet daf\u00fcr eine wichtige Grundlage. Aus physikalischen Gr\u00fcnden arbeiten gedimmte LED-Leuchten mit Pulsweitenmodulation, d.h. H. Sie schalten sich jede Mikrosekunde ein und aus.   <\/span><\/p>\r\n<p><span style=\"font-weight: 400\">Obwohl nicht bewusst erkennbar, muss das menschliche Auge dieser Ver\u00e4nderung des Lichts entgegenwirken. Je h\u00f6her die Frequenz, desto weniger anstrengend ist diese Arbeit f\u00fcr das Auge. Eine Beleuchtung, die mit 100 Hz arbeitet, bietet optimales Licht f\u00fcr eine konzentrierte Behandlung. Dies garantiert auch den flimmerfreien Einsatz von Kamerasystemen.   <\/span><\/p>\r\n<h2><span style=\"font-weight: 400\">Optimales Licht von Dentled<\/span><\/h2>\r\n<p><span style=\"font-weight: 400\">Das Beleuchtungssystem von Dentled erf\u00fcllt die beschriebenen Anforderungen vollumf\u00e4nglich und bietet das umfassende und perfekte Beleuchtungskonzept f\u00fcr eine erfolgreiche Zahnarztpraxis.<\/span><\/p>\r\n\t\t<\/div>\n\t\t\t\t\t<\/div>\n\n\t <\/div> \t\t<\/div>\n\n\t\t\n<style>\n#section_116460988 {\n  padding-top: 30px;\n  padding-bottom: 30px;\n}\n<\/style>\n\t<\/section>\n\t\r\n","protected":false},"excerpt":{"rendered":"","protected":false},"author":2,"featured_media":1597,"parent":4906,"menu_order":0,"comment_status":"closed","ping_status":"closed","template":"page-blank.php","meta":{"inline_featured_image":false,"footnotes":""},"class_list":["post-1882","page","type-page","status-publish","has-post-thumbnail","hentry"],"yoast_head":"<!-- This site is optimized with the Yoast SEO plugin v26.9 - https:\/\/yoast.com\/product\/yoast-seo-wordpress\/ -->\n<title>Warum die Qualit\u00e4t der Beleuchtung in einer Zahnklinik so wichtig ist - Dentled com<\/title>\n<meta name=\"robots\" content=\"index, follow, max-snippet:-1, max-image-preview:large, max-video-preview:-1\" \/>\n<link rel=\"canonical\" href=\"https:\/\/www.dentled.com\/de\/perfektes-licht\/warum-die-lichtqualitaet-in-einer-zahnklinik-so-wichtig-ist\/\" \/>\n<meta property=\"og:locale\" content=\"de_DE\" \/>\n<meta property=\"og:type\" content=\"article\" \/>\n<meta property=\"og:title\" content=\"Warum die Qualit\u00e4t der Beleuchtung in einer Zahnklinik so wichtig ist - Dentled com\" \/>\n<meta property=\"og:url\" content=\"https:\/\/www.dentled.com\/de\/perfektes-licht\/warum-die-lichtqualitaet-in-einer-zahnklinik-so-wichtig-ist\/\" \/>\n<meta property=\"og:site_name\" content=\"Dentled com\" \/>\n<meta property=\"article:modified_time\" content=\"2026-01-28T03:36:06+00:00\" \/>\n<meta property=\"og:image\" content=\"https:\/\/www.dentled.com\/wp-content\/uploads\/2022\/05\/Dentled-Dental-clinic-treatment-room-lighting-PHM.jpg\" \/>\n\t<meta property=\"og:image:width\" content=\"1080\" \/>\n\t<meta property=\"og:image:height\" content=\"1200\" \/>\n\t<meta property=\"og:image:type\" content=\"image\/jpeg\" \/>\n<meta name=\"twitter:card\" content=\"summary_large_image\" \/>\n<meta name=\"twitter:label1\" content=\"Gesch\u00e4tzte Lesezeit\" \/>\n\t<meta name=\"twitter:data1\" content=\"2\u00a0Minuten\" \/>\n<script type=\"application\/ld+json\" class=\"yoast-schema-graph\">{\"@context\":\"https:\/\/schema.org\",\"@graph\":[{\"@type\":\"WebPage\",\"@id\":\"https:\/\/www.dentled.com\/de\/perfektes-licht\/warum-die-lichtqualitaet-in-einer-zahnklinik-so-wichtig-ist\/\",\"url\":\"https:\/\/www.dentled.com\/de\/perfektes-licht\/warum-die-lichtqualitaet-in-einer-zahnklinik-so-wichtig-ist\/\",\"name\":\"Warum die Qualit\u00e4t der Beleuchtung in einer Zahnklinik so wichtig ist - Dentled com\",\"isPartOf\":{\"@id\":\"https:\/\/www.dentled.com\/de\/#website\"},\"primaryImageOfPage\":{\"@id\":\"https:\/\/www.dentled.com\/de\/perfektes-licht\/warum-die-lichtqualitaet-in-einer-zahnklinik-so-wichtig-ist\/#primaryimage\"},\"image\":{\"@id\":\"https:\/\/www.dentled.com\/de\/perfektes-licht\/warum-die-lichtqualitaet-in-einer-zahnklinik-so-wichtig-ist\/#primaryimage\"},\"thumbnailUrl\":\"https:\/\/www.dentled.com\/wp-content\/uploads\/2022\/05\/Dentled-Dental-clinic-treatment-room-lighting-PHM.jpg\",\"datePublished\":\"2022-03-14T10:22:49+00:00\",\"dateModified\":\"2026-01-28T03:36:06+00:00\",\"breadcrumb\":{\"@id\":\"https:\/\/www.dentled.com\/de\/perfektes-licht\/warum-die-lichtqualitaet-in-einer-zahnklinik-so-wichtig-ist\/#breadcrumb\"},\"inLanguage\":\"de\",\"potentialAction\":[{\"@type\":\"ReadAction\",\"target\":[\"https:\/\/www.dentled.com\/de\/perfektes-licht\/warum-die-lichtqualitaet-in-einer-zahnklinik-so-wichtig-ist\/\"]}]},{\"@type\":\"ImageObject\",\"inLanguage\":\"de\",\"@id\":\"https:\/\/www.dentled.com\/de\/perfektes-licht\/warum-die-lichtqualitaet-in-einer-zahnklinik-so-wichtig-ist\/#primaryimage\",\"url\":\"https:\/\/www.dentled.com\/wp-content\/uploads\/2022\/05\/Dentled-Dental-clinic-treatment-room-lighting-PHM.jpg\",\"contentUrl\":\"https:\/\/www.dentled.com\/wp-content\/uploads\/2022\/05\/Dentled-Dental-clinic-treatment-room-lighting-PHM.jpg\",\"width\":1080,\"height\":1200,\"caption\":\"Dentled, dentlist treatmentroom light, dentalclinic, LED light, Full spectrum daylight\"},{\"@type\":\"BreadcrumbList\",\"@id\":\"https:\/\/www.dentled.com\/de\/perfektes-licht\/warum-die-lichtqualitaet-in-einer-zahnklinik-so-wichtig-ist\/#breadcrumb\",\"itemListElement\":[{\"@type\":\"ListItem\",\"position\":1,\"name\":\"Home\",\"item\":\"https:\/\/www.dentled.com\/de\/\"},{\"@type\":\"ListItem\",\"position\":2,\"name\":\"Perfektes Licht\",\"item\":\"https:\/\/www.dentled.com\/de\/perfektes-licht\/\"},{\"@type\":\"ListItem\",\"position\":3,\"name\":\"Warum die Qualit\u00e4t der Beleuchtung in einer Zahnklinik so wichtig ist\"}]},{\"@type\":\"WebSite\",\"@id\":\"https:\/\/www.dentled.com\/de\/#website\",\"url\":\"https:\/\/www.dentled.com\/de\/\",\"name\":\"Dentled com\",\"description\":\"Lighting for dental care\",\"potentialAction\":[{\"@type\":\"SearchAction\",\"target\":{\"@type\":\"EntryPoint\",\"urlTemplate\":\"https:\/\/www.dentled.com\/de\/?s={search_term_string}\"},\"query-input\":{\"@type\":\"PropertyValueSpecification\",\"valueRequired\":true,\"valueName\":\"search_term_string\"}}],\"inLanguage\":\"de\"}]}<\/script>\n<!-- \/ Yoast SEO plugin. -->","yoast_head_json":{"title":"Warum die Qualit\u00e4t der Beleuchtung in einer Zahnklinik so wichtig ist - Dentled com","robots":{"index":"index","follow":"follow","max-snippet":"max-snippet:-1","max-image-preview":"max-image-preview:large","max-video-preview":"max-video-preview:-1"},"canonical":"https:\/\/www.dentled.com\/de\/perfektes-licht\/warum-die-lichtqualitaet-in-einer-zahnklinik-so-wichtig-ist\/","og_locale":"de_DE","og_type":"article","og_title":"Warum die Qualit\u00e4t der Beleuchtung in einer Zahnklinik so wichtig ist - Dentled com","og_url":"https:\/\/www.dentled.com\/de\/perfektes-licht\/warum-die-lichtqualitaet-in-einer-zahnklinik-so-wichtig-ist\/","og_site_name":"Dentled com","article_modified_time":"2026-01-28T03:36:06+00:00","og_image":[{"width":1080,"height":1200,"url":"https:\/\/www.dentled.com\/wp-content\/uploads\/2022\/05\/Dentled-Dental-clinic-treatment-room-lighting-PHM.jpg","type":"image\/jpeg"}],"twitter_card":"summary_large_image","twitter_misc":{"Gesch\u00e4tzte Lesezeit":"2\u00a0Minuten"},"schema":{"@context":"https:\/\/schema.org","@graph":[{"@type":"WebPage","@id":"https:\/\/www.dentled.com\/de\/perfektes-licht\/warum-die-lichtqualitaet-in-einer-zahnklinik-so-wichtig-ist\/","url":"https:\/\/www.dentled.com\/de\/perfektes-licht\/warum-die-lichtqualitaet-in-einer-zahnklinik-so-wichtig-ist\/","name":"Warum die Qualit\u00e4t der Beleuchtung in einer Zahnklinik so wichtig ist - Dentled com","isPartOf":{"@id":"https:\/\/www.dentled.com\/de\/#website"},"primaryImageOfPage":{"@id":"https:\/\/www.dentled.com\/de\/perfektes-licht\/warum-die-lichtqualitaet-in-einer-zahnklinik-so-wichtig-ist\/#primaryimage"},"image":{"@id":"https:\/\/www.dentled.com\/de\/perfektes-licht\/warum-die-lichtqualitaet-in-einer-zahnklinik-so-wichtig-ist\/#primaryimage"},"thumbnailUrl":"https:\/\/www.dentled.com\/wp-content\/uploads\/2022\/05\/Dentled-Dental-clinic-treatment-room-lighting-PHM.jpg","datePublished":"2022-03-14T10:22:49+00:00","dateModified":"2026-01-28T03:36:06+00:00","breadcrumb":{"@id":"https:\/\/www.dentled.com\/de\/perfektes-licht\/warum-die-lichtqualitaet-in-einer-zahnklinik-so-wichtig-ist\/#breadcrumb"},"inLanguage":"de","potentialAction":[{"@type":"ReadAction","target":["https:\/\/www.dentled.com\/de\/perfektes-licht\/warum-die-lichtqualitaet-in-einer-zahnklinik-so-wichtig-ist\/"]}]},{"@type":"ImageObject","inLanguage":"de","@id":"https:\/\/www.dentled.com\/de\/perfektes-licht\/warum-die-lichtqualitaet-in-einer-zahnklinik-so-wichtig-ist\/#primaryimage","url":"https:\/\/www.dentled.com\/wp-content\/uploads\/2022\/05\/Dentled-Dental-clinic-treatment-room-lighting-PHM.jpg","contentUrl":"https:\/\/www.dentled.com\/wp-content\/uploads\/2022\/05\/Dentled-Dental-clinic-treatment-room-lighting-PHM.jpg","width":1080,"height":1200,"caption":"Dentled, dentlist treatmentroom light, dentalclinic, LED light, Full spectrum daylight"},{"@type":"BreadcrumbList","@id":"https:\/\/www.dentled.com\/de\/perfektes-licht\/warum-die-lichtqualitaet-in-einer-zahnklinik-so-wichtig-ist\/#breadcrumb","itemListElement":[{"@type":"ListItem","position":1,"name":"Home","item":"https:\/\/www.dentled.com\/de\/"},{"@type":"ListItem","position":2,"name":"Perfektes Licht","item":"https:\/\/www.dentled.com\/de\/perfektes-licht\/"},{"@type":"ListItem","position":3,"name":"Warum die Qualit\u00e4t der Beleuchtung in einer Zahnklinik so wichtig ist"}]},{"@type":"WebSite","@id":"https:\/\/www.dentled.com\/de\/#website","url":"https:\/\/www.dentled.com\/de\/","name":"Dentled com","description":"Lighting for dental care","potentialAction":[{"@type":"SearchAction","target":{"@type":"EntryPoint","urlTemplate":"https:\/\/www.dentled.com\/de\/?s={search_term_string}"},"query-input":{"@type":"PropertyValueSpecification","valueRequired":true,"valueName":"search_term_string"}}],"inLanguage":"de"}]}},"_links":{"self":[{"href":"https:\/\/www.dentled.com\/de\/wp-json\/wp\/v2\/pages\/1882","targetHints":{"allow":["GET"]}}],"collection":[{"href":"https:\/\/www.dentled.com\/de\/wp-json\/wp\/v2\/pages"}],"about":[{"href":"https:\/\/www.dentled.com\/de\/wp-json\/wp\/v2\/types\/page"}],"author":[{"embeddable":true,"href":"https:\/\/www.dentled.com\/de\/wp-json\/wp\/v2\/users\/2"}],"replies":[{"embeddable":true,"href":"https:\/\/www.dentled.com\/de\/wp-json\/wp\/v2\/comments?post=1882"}],"version-history":[{"count":7,"href":"https:\/\/www.dentled.com\/de\/wp-json\/wp\/v2\/pages\/1882\/revisions"}],"predecessor-version":[{"id":6555,"href":"https:\/\/www.dentled.com\/de\/wp-json\/wp\/v2\/pages\/1882\/revisions\/6555"}],"up":[{"embeddable":true,"href":"https:\/\/www.dentled.com\/de\/wp-json\/wp\/v2\/pages\/4906"}],"wp:featuredmedia":[{"embeddable":true,"href":"https:\/\/www.dentled.com\/de\/wp-json\/wp\/v2\/media\/1597"}],"wp:attachment":[{"href":"https:\/\/www.dentled.com\/de\/wp-json\/wp\/v2\/media?parent=1882"}],"curies":[{"name":"wp","href":"https:\/\/api.w.org\/{rel}","templated":true}]}}