{"id":1873,"date":"2013-08-11T19:22:53","date_gmt":"2013-08-11T19:22:53","guid":{"rendered":"https:\/\/www.dentled.com\/kontakt\/"},"modified":"2025-12-29T11:52:58","modified_gmt":"2025-12-29T11:52:58","slug":"kontakt","status":"publish","type":"page","link":"https:\/\/www.dentled.com\/de\/kontakt\/","title":{"rendered":"Kontakt"},"content":{"rendered":"\n\t<section class=\"section\" id=\"section_720923581\">\n\t\t<div class=\"section-bg fill\" >\n\t\t\t\t\t\t\t\t\t\n\t\t\t\n\n\t\t<\/div>\n\n\t\t\n\n\t\t<div class=\"section-content relative\">\n\t\t\t\n<div class=\"row\"  id=\"row-1899878713\">\n\n\t<div id=\"col-1255285523\" class=\"col small-12 large-12\"  >\n\t\t\t\t<div class=\"col-inner\"  >\n\t\t\t\n\t\t\t\n\t<div id=\"text-536293661\" class=\"text\">\n\t\t\n<h1 style=\"font-weight: 600\">Verbindung mit DentLed aufnehmen<\/h1>\n\t\t\n<style>\n#text-536293661 {\n  text-align: center;\n}\n<\/style>\n\t<\/div>\n\t\n<p>Dentled f\u00fcr kompromisslose Qualit\u00e4t bei der Beleuchtung von Zahnkliniken.<br \/>\nDie spezifischen Anforderungen an die Arbeitsplatzbeleuchtung von Zahn\u00e4rzten, z. B. Kieferorthop\u00e4den, Dentalhygieniker, Oralchirurgen, Implanttografen, Zahntechniker und Prothetiker, stehen bei uns im Mittelpunkt. <\/p>\n<p>Die richtige Beleuchtung f\u00fcr Ihre Zahnarztpraxis steigert Ihre Produktivit\u00e4t, tr\u00e4gt zur Gesundheit von Ihnen und Ihren Mitarbeitern bei und schafft so ein angenehmes Arbeitsumfeld.<\/p>\n\t\t<\/div>\n\t\t\t\t\t<\/div>\n\n\t\n<\/div>\n<div class=\"row\"  id=\"row-1555584347\">\n\n\t<div id=\"col-2104919658\" class=\"col small-12 large-12\"  >\n\t\t\t\t<div class=\"col-inner\"  >\n\t\t\t\n\t\t\t\n\t<div class=\"img has-hover x md-x lg-x y md-y lg-y\" id=\"image_1545926702\">\n\t\t\t\t\t\t\t\t<div class=\"img-inner dark\" style=\"margin:0px 0px 40px 0px;\">\n\t\t\t<img loading=\"lazy\" decoding=\"async\" width=\"2100\" height=\"900\" src=\"https:\/\/www.dentled.com\/wp-content\/uploads\/2022\/11\/Dentled-dental-clinic-light-LED.jpg\" class=\"attachment-original size-original\" alt=\"\" srcset=\"https:\/\/www.dentled.com\/wp-content\/uploads\/2022\/11\/Dentled-dental-clinic-light-LED.jpg 2100w, https:\/\/www.dentled.com\/wp-content\/uploads\/2022\/11\/Dentled-dental-clinic-light-LED-800x343.jpg 800w, https:\/\/www.dentled.com\/wp-content\/uploads\/2022\/11\/Dentled-dental-clinic-light-LED-1400x600.jpg 1400w, https:\/\/www.dentled.com\/wp-content\/uploads\/2022\/11\/Dentled-dental-clinic-light-LED-768x329.jpg 768w, https:\/\/www.dentled.com\/wp-content\/uploads\/2022\/11\/Dentled-dental-clinic-light-LED-1536x658.jpg 1536w, https:\/\/www.dentled.com\/wp-content\/uploads\/2022\/11\/Dentled-dental-clinic-light-LED-2048x878.jpg 2048w, https:\/\/www.dentled.com\/wp-content\/uploads\/2022\/11\/Dentled-dental-clinic-light-LED-247x106.jpg 247w, https:\/\/www.dentled.com\/wp-content\/uploads\/2022\/11\/Dentled-dental-clinic-light-LED-512x219.jpg 512w\" sizes=\"auto, (max-width: 2100px) 100vw, 2100px\" \/>\t\t\t\t\t\t\n\t\t\t\t\t<\/div>\n\t\t\t\t\t\t\t\t\n<style>\n#image_1545926702 {\n  width: 100%;\n}\n<\/style>\n\t<\/div>\n\t\n\n\t<script type=\"text\/javascript\">\n  jQuery( document ).ready(function() {\n    function initialize() {\n        var styles = {\n            'flatsome':  [{\n            \"featureType\": \"administrative\",\n            \"stylers\": [\n              { \"visibility\": \"on\" }\n            ]\n          },\n          {\n            \"featureType\": \"road\",\n            \"stylers\": [\n              { \"visibility\": \"on\" },\n              { \"hue\": \"\" }\n            ]\n          },\n          {\n            \"stylers\": [\n\t\t\t  { \"visibility\": \"on\" },\n\t\t\t  { \"hue\": \"\" },\n\t\t\t  { \"saturation\": -75 }\n            ]\n          }\n        ]};\n\n        var myLatlng = new google.maps.LatLng(52.08944, 5.11808);\n        var myOptions = {\n            zoom: 17,\n            center: myLatlng,\n            mapTypeId: google.maps.MapTypeId.ROADMAP,\n            disableDefaultUI: true,\n            mapTypeId: 'flatsome',\n            draggable: true,\n            zoomControl: false,\n            zoomControlOptions: {\n              position: google.maps.ControlPosition.TOP_LEFT\n            },\n      \t\t\tmapTypeControl: false,\n            mapTypeControlOptions: {\n              position: google.maps.ControlPosition.TOP_LEFT\n            },\n      \t\t\tstreetViewControl: false,\n            streetViewControlOptions: {\n              position: google.maps.ControlPosition.TOP_LEFT\n            },\n            scrollwheel: false,\n            disableDoubleClickZoom: true\n        }\n        var map = new google.maps.Map(document.getElementById(\"map-3706296573-inner\"), myOptions);\n        var styledMapType = new google.maps.StyledMapType(styles['flatsome'], {name: 'flatsome'});\n        map.mapTypes.set('flatsome', styledMapType);\n\n        var marker = new google.maps.Marker({\n            position: myLatlng,\n            map: map,\n            title:\"\"\n        });\n    }\n\n    \/\/ Required to proceed\n    if (!(typeof google === 'object' && typeof google.maps === 'object')) {\n      return\n    }\n\n    initialize()\n    google.maps.event.addDomListener(window, 'resize', initialize);\n    });\n    <\/script>\n\n    <div class=\"google-map relative mb\" id=\"map-3706296573\">\n        <div class=\"map-height\" id=\"map-3706296573-inner\"><\/div>\n        <div id=\"map_overlay_top\"><\/div>\n        <div id=\"map_overlay_bottom\"><\/div>\n         \n       \n<style>\n#map-3706296573 .map-inner {\n  background-color: #fff;\n  max-width: 100%;\n}\n#map-3706296573 .map-height {\n  height: 400px;\n}\n@media (min-width:550px) {\n  #map-3706296573 .map-inner {\n    max-width: 40%;\n  }\n}\n@media (min-width:850px) {\n  #map-3706296573 .map-inner {\n    max-width: 30%;\n  }\n}\n<\/style>\n    <\/div>\n\n\t\n\t\t<\/div>\n\t\t\t\t\t<\/div>\n\n\t\n<\/div>\n\t\t<\/div>\n\n\t\t\n<style>\n#section_720923581 {\n  padding-top: 30px;\n  padding-bottom: 30px;\n}\n<\/style>\n\t<\/section>\n\t\n\n\t<section class=\"section\" id=\"section_1403168337\">\n\t\t<div class=\"section-bg fill\" >\n\t\t\t\t\t\t\t\t\t\n\t\t\t\n\t<div class=\"is-border\"\n\t\tstyle=\"border-color:rgb(206, 206, 206);border-width:0px 0px 5px 0px;\">\n\t<\/div>\n\n\t\t<\/div>\n\n\t\t\n\n\t\t<div class=\"section-content relative\">\n\t\t\t\n<div class=\"row\"  id=\"row-1014224743\">\n\n\t<div id=\"col-1792244995\" class=\"col medium-4 small-12 large-4\"  >\n\t\t\t\t<div class=\"col-inner\"  >\n\t\t\t\n\t\t\t\n<h2 style=\"font-weight: 600\">Wo Sie uns finden<\/h2>\n\t\t<\/div>\n\t\t\t\t\t<\/div>\n\n\t\n\n\t<div id=\"col-1165962555\" class=\"col medium-4 small-12 large-4\"  >\n\t\t\t\t<div class=\"col-inner\"  >\n\t\t\t\n\t\t\t\n\n\t\t<div class=\"icon-box featured-box icon-box-left text-left\"  style=\"margin:0px 0px 20px 0px;\">\n\t\t\t\t\t<div class=\"icon-box-img\" style=\"width: 20px\">\n\t\t\t\t<div class=\"icon\">\n\t\t\t\t\t<div class=\"icon-inner\" >\n\t\t\t\t\t\t<img loading=\"lazy\" decoding=\"async\" width=\"259\" height=\"400\" src=\"https:\/\/www.dentled.com\/wp-content\/uploads\/2024\/12\/location-pin.png\" class=\"attachment-medium size-medium\" alt=\"\" srcset=\"https:\/\/www.dentled.com\/wp-content\/uploads\/2024\/12\/location-pin.png 259w, https:\/\/www.dentled.com\/wp-content\/uploads\/2024\/12\/location-pin-247x381.png 247w\" sizes=\"auto, (max-width: 259px) 100vw, 259px\" \/>\t\t\t\t\t<\/div>\n\t\t\t\t<\/div>\n\t\t\t<\/div>\n\t\t\t\t<div class=\"icon-box-text last-reset\">\n\t\t\t\t\t\t\t\t\t\n\t<div id=\"text-2142104591\" class=\"text\">\n\t\t\n<h3 style=\"font-weight: 600\">International<\/h3>\n\t\t\n<style>\n#text-2142104591 {\n  color: rgb(255, 102, 0);\n}\n#text-2142104591 > * {\n  color: rgb(255, 102, 0);\n}\n<\/style>\n\t<\/div>\n\t\n<p>Mariaplaats 3 \u2013 Utrecht \u2013 Niederlande<br \/>+31 30 3100 500<br \/><a href=\"mailto:info@dentalligthouse.eu\">info@dentalligthouse.eu<\/a><\/p>\n\t\t<\/div>\n\t<\/div>\n\t\n\t\n\n\t\t<div class=\"icon-box featured-box icon-box-left text-left\"  >\n\t\t\t\t\t<div class=\"icon-box-img\" style=\"width: 20px\">\n\t\t\t\t<div class=\"icon\">\n\t\t\t\t\t<div class=\"icon-inner\" >\n\t\t\t\t\t\t<img loading=\"lazy\" decoding=\"async\" width=\"259\" height=\"400\" src=\"https:\/\/www.dentled.com\/wp-content\/uploads\/2024\/12\/location-pin.png\" class=\"attachment-medium size-medium\" alt=\"\" srcset=\"https:\/\/www.dentled.com\/wp-content\/uploads\/2024\/12\/location-pin.png 259w, https:\/\/www.dentled.com\/wp-content\/uploads\/2024\/12\/location-pin-247x381.png 247w\" sizes=\"auto, (max-width: 259px) 100vw, 259px\" \/>\t\t\t\t\t<\/div>\n\t\t\t\t<\/div>\n\t\t\t<\/div>\n\t\t\t\t<div class=\"icon-box-text last-reset\">\n\t\t\t\t\t\t\t\t\t\n\t<div id=\"text-3941676351\" class=\"text\">\n\t\t\n<h3 style=\"font-weight: 600\">Deutschland \/ \u00d6sterreich<\/h3>\n\t\t\n<style>\n#text-3941676351 {\n  color: rgb(255, 102, 0);\n}\n#text-3941676351 > * {\n  color: rgb(255, 102, 0);\n}\n<\/style>\n\t<\/div>\n\t\n<p>Beedstra\u00dfe 54 &#8211; D\u00fcsseldorf<br \/>+49 800 285 0500<br \/><a href=\"mailto:info@dentallighthouse.de\">info@dentallighthouse.de<\/a><\/p>\n\t\t<\/div>\n\t<\/div>\n\t\n\t\n\t\t<\/div>\n\t\t\t\t\t<\/div>\n\n\t\n\n\t<div id=\"col-954843138\" class=\"col medium-4 small-12 large-4\"  >\n\t\t\t\t<div class=\"col-inner\"  >\n\t\t\t\n\t\t\t\n\n\t\t<div class=\"icon-box featured-box icon-box-left text-left\"  style=\"margin:0px 0px 20px 0px;\">\n\t\t\t\t\t<div class=\"icon-box-img\" style=\"width: 20px\">\n\t\t\t\t<div class=\"icon\">\n\t\t\t\t\t<div class=\"icon-inner\" >\n\t\t\t\t\t\t<img loading=\"lazy\" decoding=\"async\" width=\"259\" height=\"400\" src=\"https:\/\/www.dentled.com\/wp-content\/uploads\/2024\/12\/location-pin.png\" class=\"attachment-medium size-medium\" alt=\"\" srcset=\"https:\/\/www.dentled.com\/wp-content\/uploads\/2024\/12\/location-pin.png 259w, https:\/\/www.dentled.com\/wp-content\/uploads\/2024\/12\/location-pin-247x381.png 247w\" sizes=\"auto, (max-width: 259px) 100vw, 259px\" \/>\t\t\t\t\t<\/div>\n\t\t\t\t<\/div>\n\t\t\t<\/div>\n\t\t\t\t<div class=\"icon-box-text last-reset\">\n\t\t\t\t\t\t\t\t\t\n\t<div id=\"text-2297200289\" class=\"text\">\n\t\t\n<h3 style=\"font-weight: 600\">Frankreich<\/h3>\n\t\t\n<style>\n#text-2297200289 {\n  color: rgb(255, 102, 0);\n}\n#text-2297200289 > * {\n  color: rgb(255, 102, 0);\n}\n<\/style>\n\t<\/div>\n\t\n<p>185 Rue Bataille 69008 Lyon<br \/>+33 428770170<br \/><a href=\"mailto:info@dentled.fr\">info@dentled.fr<\/a><\/p>\n\t\t<\/div>\n\t<\/div>\n\t\n\t\n\n\t\t<div class=\"icon-box featured-box icon-box-left text-left\"  >\n\t\t\t\t\t<div class=\"icon-box-img\" style=\"width: 20px\">\n\t\t\t\t<div class=\"icon\">\n\t\t\t\t\t<div class=\"icon-inner\" >\n\t\t\t\t\t\t<img loading=\"lazy\" decoding=\"async\" width=\"259\" height=\"400\" src=\"https:\/\/www.dentled.com\/wp-content\/uploads\/2024\/12\/location-pin.png\" class=\"attachment-medium size-medium\" alt=\"\" srcset=\"https:\/\/www.dentled.com\/wp-content\/uploads\/2024\/12\/location-pin.png 259w, https:\/\/www.dentled.com\/wp-content\/uploads\/2024\/12\/location-pin-247x381.png 247w\" sizes=\"auto, (max-width: 259px) 100vw, 259px\" \/>\t\t\t\t\t<\/div>\n\t\t\t\t<\/div>\n\t\t\t<\/div>\n\t\t\t\t<div class=\"icon-box-text last-reset\">\n\t\t\t\t\t\t\t\t\t\n\t<div id=\"text-1851151230\" class=\"text\">\n\t\t\n<h3 style=\"font-weight: 600\">Niederlande \/ Belgien<\/h3>\n\t\t\n<style>\n#text-1851151230 {\n  color: rgb(255, 102, 0);\n}\n#text-1851151230 > * {\n  color: rgb(255, 102, 0);\n}\n<\/style>\n\t<\/div>\n\t\n<p>Kortelaan 8, Maarssen<br \/>0346 21 64 62 \/ M: 06 44 67 23 39<br \/><a href=\"mailto:info@dentallighthouse.nl\">info@dentallighthouse.nl<\/a><\/p>\n\t\t<\/div>\n\t<\/div>\n\t\n\t\n\t\t<\/div>\n\t\t\t\t\t<\/div>\n\n\t\n<\/div>\n\t\t<\/div>\n\n\t\t\n<style>\n#section_1403168337 {\n  padding-top: 30px;\n  padding-bottom: 30px;\n  background-color: rgb(247, 247, 247);\n}\n<\/style>\n\t<\/section>\n\t\n\n\t<section class=\"section\" id=\"section_1873351772\">\n\t\t<div class=\"section-bg fill\" >\n\t\t\t\t\t\t\t\t\t\n\t\t\t\n\t<div class=\"is-border\"\n\t\tstyle=\"border-width:0px 0px 0px 0px;\">\n\t<\/div>\n\n\t\t<\/div>\n\n\t\t\n\n\t\t<div class=\"section-content relative\">\n\t\t\t\n<div class=\"row\"  id=\"row-1421269009\">\n\n\t<div id=\"col-1328125270\" class=\"col medium-4 small-12 large-4\"  >\n\t\t\t\t<div class=\"col-inner\"  >\n\t\t\t\n\t\t\t\n<h2 style=\"font-weight: 600\">Wir bieten lokale Websites f\u00fcr unsere europ\u00e4ischen Kunden an. Besuchen Sie die entsprechende Seite f\u00fcr weitere Informationen. <\/h2>\n\t\t<\/div>\n\t\t\t\t\t<\/div>\n\n\t\n\n\t<div id=\"col-1772767604\" class=\"col medium-4 small-12 large-4\"  >\n\t\t\t\t<div class=\"col-inner\"  >\n\t\t\t\n\t\t\t\n\n\t\t<div class=\"icon-box featured-box icon-box-left text-left\"  style=\"margin:0px 0px 20px 0px;\">\n\t\t\t\t<div class=\"icon-box-text last-reset\">\n\t\t\t\t\t\t\t\t\t\n\t<div id=\"text-3468093681\" class=\"text\">\n\t\t\n<h3 style=\"font-weight: 600\">Internationale Website<\/h3>\n\t\t\n<style>\n#text-3468093681 {\n  color: rgb(255, 102, 0);\n}\n#text-3468093681 > * {\n  color: rgb(255, 102, 0);\n}\n<\/style>\n\t<\/div>\n\t\n<p>Besuchen Sie unsere globale Website f\u00fcr weitere Informationen zu unseren Beleuchtungsl\u00f6sungen weltweit.<br \/><a href=\"https:\/\/www.dentled.com\/de\/\">https:\/\/www.dentled.com<\/a><\/p>\n\t\t<\/div>\n\t<\/div>\n\t\n\t\n\n\t\t<div class=\"icon-box featured-box icon-box-left text-left\"  >\n\t\t\t\t<div class=\"icon-box-text last-reset\">\n\t\t\t\t\t\t\t\t\t\n\t<div id=\"text-4292376656\" class=\"text\">\n\t\t\n<h3 style=\"font-weight: 600\">Deutsche Website<\/h3>\n\t\t\n<style>\n#text-4292376656 {\n  color: rgb(255, 102, 0);\n}\n#text-4292376656 > * {\n  color: rgb(255, 102, 0);\n}\n<\/style>\n\t<\/div>\n\t\n<p>DentalLighthouse bietet erstklassige Beleuchtungsl\u00f6sungen f\u00fcr Zahnarztpraxen in Deutschland.<br \/><a href=\"https:\/\/www.dentallighthouse.de\">https:\/\/www.dentallighthouse.de<\/a><\/p>\n\t\t<\/div>\n\t<\/div>\n\t\n\t\n\t\t<\/div>\n\t\t\t\t\t<\/div>\n\n\t\n\n\t<div id=\"col-523416965\" class=\"col medium-4 small-12 large-4\"  >\n\t\t\t\t<div class=\"col-inner\"  >\n\t\t\t\n\t\t\t\n\n\t\t<div class=\"icon-box featured-box icon-box-left text-left\"  style=\"margin:0px 0px 20px 0px;\">\n\t\t\t\t<div class=\"icon-box-text last-reset\">\n\t\t\t\t\t\t\t\t\t\n\t<div id=\"text-4038632283\" class=\"text\">\n\t\t\n<h3 style=\"font-weight: 600\">Franz\u00f6sische Website<\/h3>\n\t\t\n<style>\n#text-4038632283 {\n  color: rgb(255, 102, 0);\n}\n#text-4038632283 > * {\n  color: rgb(255, 102, 0);\n}\n<\/style>\n\t<\/div>\n\t\n<p>DentalLighthouse offre des solutions d&#8217;\u00e9clairage de premier ordre pour les cabinets dentaires en France.<br \/><a href=\"https:\/\/www.dentled.fr\">https:\/\/www.dentled.fr<\/a><\/p>\n\t\t<\/div>\n\t<\/div>\n\t\n\t\n\n\t\t<div class=\"icon-box featured-box icon-box-left text-left\"  >\n\t\t\t\t<div class=\"icon-box-text last-reset\">\n\t\t\t\t\t\t\t\t\t\n\t<div id=\"text-3312809294\" class=\"text\">\n\t\t\n<h3 style=\"font-weight: 600\">Europ\u00e4ische Website<\/h3>\n\t\t\n<style>\n#text-3312809294 {\n  color: rgb(255, 102, 0);\n}\n#text-3312809294 > * {\n  color: rgb(255, 102, 0);\n}\n<\/style>\n\t<\/div>\n\t\n<p>DentalLighthouse bietet erstklassige Beleuchtungsl\u00f6sungen f\u00fcr Zahnarztpraxen in Europa.<br \/><a href=\"https:\/\/www.dentallighthouse.eu\">https:\/\/www.dentallighthouse.eu<\/a><\/p>\n\t\t<\/div>\n\t<\/div>\n\t\n\t\n\t\t<\/div>\n\t\t\t\t\t<\/div>\n\n\t\n<\/div>\n\t\t<\/div>\n\n\t\t\n<style>\n#section_1873351772 {\n  padding-top: 30px;\n  padding-bottom: 30px;\n  background-color: rgb(247, 247, 247);\n}\n<\/style>\n\t<\/section>\n\t\n","protected":false},"excerpt":{"rendered":"","protected":false},"author":1,"featured_media":1509,"parent":0,"menu_order":0,"comment_status":"closed","ping_status":"closed","template":"page-blank.php","meta":{"inline_featured_image":false,"footnotes":""},"class_list":["post-1873","page","type-page","status-publish","has-post-thumbnail","hentry"],"yoast_head":"<!-- This site is optimized with the Yoast SEO plugin v26.9 - https:\/\/yoast.com\/product\/yoast-seo-wordpress\/ -->\n<title>Kontakt - Dentled com<\/title>\n<meta name=\"robots\" content=\"index, follow, max-snippet:-1, max-image-preview:large, max-video-preview:-1\" \/>\n<link rel=\"canonical\" href=\"https:\/\/www.dentled.com\/de\/kontakt\/\" \/>\n<meta property=\"og:locale\" content=\"de_DE\" \/>\n<meta property=\"og:type\" content=\"article\" \/>\n<meta property=\"og:title\" content=\"Kontakt - Dentled com\" \/>\n<meta property=\"og:url\" content=\"https:\/\/www.dentled.com\/de\/kontakt\/\" \/>\n<meta property=\"og:site_name\" content=\"Dentled com\" \/>\n<meta property=\"article:modified_time\" content=\"2025-12-29T11:52:58+00:00\" \/>\n<meta property=\"og:image\" content=\"https:\/\/www.dentled.com\/wp-content\/uploads\/2016\/08\/dummy-1.jpg\" \/>\n\t<meta property=\"og:image:width\" content=\"400\" \/>\n\t<meta property=\"og:image:height\" content=\"260\" \/>\n\t<meta property=\"og:image:type\" content=\"image\/jpeg\" \/>\n<meta name=\"twitter:card\" content=\"summary_large_image\" \/>\n<meta name=\"twitter:label1\" content=\"Gesch\u00e4tzte Lesezeit\" \/>\n\t<meta name=\"twitter:data1\" content=\"2\u00a0Minuten\" \/>\n<script type=\"application\/ld+json\" class=\"yoast-schema-graph\">{\"@context\":\"https:\/\/schema.org\",\"@graph\":[{\"@type\":\"WebPage\",\"@id\":\"https:\/\/www.dentled.com\/de\/kontakt\/\",\"url\":\"https:\/\/www.dentled.com\/de\/kontakt\/\",\"name\":\"Kontakt - Dentled com\",\"isPartOf\":{\"@id\":\"https:\/\/www.dentled.com\/de\/#website\"},\"primaryImageOfPage\":{\"@id\":\"https:\/\/www.dentled.com\/de\/kontakt\/#primaryimage\"},\"image\":{\"@id\":\"https:\/\/www.dentled.com\/de\/kontakt\/#primaryimage\"},\"thumbnailUrl\":\"https:\/\/www.dentled.com\/wp-content\/uploads\/2016\/08\/dummy-1.jpg\",\"datePublished\":\"2013-08-11T19:22:53+00:00\",\"dateModified\":\"2025-12-29T11:52:58+00:00\",\"breadcrumb\":{\"@id\":\"https:\/\/www.dentled.com\/de\/kontakt\/#breadcrumb\"},\"inLanguage\":\"de\",\"potentialAction\":[{\"@type\":\"ReadAction\",\"target\":[\"https:\/\/www.dentled.com\/de\/kontakt\/\"]}]},{\"@type\":\"ImageObject\",\"inLanguage\":\"de\",\"@id\":\"https:\/\/www.dentled.com\/de\/kontakt\/#primaryimage\",\"url\":\"https:\/\/www.dentled.com\/wp-content\/uploads\/2016\/08\/dummy-1.jpg\",\"contentUrl\":\"https:\/\/www.dentled.com\/wp-content\/uploads\/2016\/08\/dummy-1.jpg\",\"width\":400,\"height\":260},{\"@type\":\"BreadcrumbList\",\"@id\":\"https:\/\/www.dentled.com\/de\/kontakt\/#breadcrumb\",\"itemListElement\":[{\"@type\":\"ListItem\",\"position\":1,\"name\":\"Home\",\"item\":\"https:\/\/www.dentled.com\/de\/\"},{\"@type\":\"ListItem\",\"position\":2,\"name\":\"Kontakt\"}]},{\"@type\":\"WebSite\",\"@id\":\"https:\/\/www.dentled.com\/de\/#website\",\"url\":\"https:\/\/www.dentled.com\/de\/\",\"name\":\"Dentled com\",\"description\":\"Lighting for dental care\",\"potentialAction\":[{\"@type\":\"SearchAction\",\"target\":{\"@type\":\"EntryPoint\",\"urlTemplate\":\"https:\/\/www.dentled.com\/de\/?s={search_term_string}\"},\"query-input\":{\"@type\":\"PropertyValueSpecification\",\"valueRequired\":true,\"valueName\":\"search_term_string\"}}],\"inLanguage\":\"de\"}]}<\/script>\n<!-- \/ Yoast SEO plugin. -->","yoast_head_json":{"title":"Kontakt - Dentled com","robots":{"index":"index","follow":"follow","max-snippet":"max-snippet:-1","max-image-preview":"max-image-preview:large","max-video-preview":"max-video-preview:-1"},"canonical":"https:\/\/www.dentled.com\/de\/kontakt\/","og_locale":"de_DE","og_type":"article","og_title":"Kontakt - Dentled com","og_url":"https:\/\/www.dentled.com\/de\/kontakt\/","og_site_name":"Dentled com","article_modified_time":"2025-12-29T11:52:58+00:00","og_image":[{"width":400,"height":260,"url":"https:\/\/www.dentled.com\/wp-content\/uploads\/2016\/08\/dummy-1.jpg","type":"image\/jpeg"}],"twitter_card":"summary_large_image","twitter_misc":{"Gesch\u00e4tzte Lesezeit":"2\u00a0Minuten"},"schema":{"@context":"https:\/\/schema.org","@graph":[{"@type":"WebPage","@id":"https:\/\/www.dentled.com\/de\/kontakt\/","url":"https:\/\/www.dentled.com\/de\/kontakt\/","name":"Kontakt - Dentled com","isPartOf":{"@id":"https:\/\/www.dentled.com\/de\/#website"},"primaryImageOfPage":{"@id":"https:\/\/www.dentled.com\/de\/kontakt\/#primaryimage"},"image":{"@id":"https:\/\/www.dentled.com\/de\/kontakt\/#primaryimage"},"thumbnailUrl":"https:\/\/www.dentled.com\/wp-content\/uploads\/2016\/08\/dummy-1.jpg","datePublished":"2013-08-11T19:22:53+00:00","dateModified":"2025-12-29T11:52:58+00:00","breadcrumb":{"@id":"https:\/\/www.dentled.com\/de\/kontakt\/#breadcrumb"},"inLanguage":"de","potentialAction":[{"@type":"ReadAction","target":["https:\/\/www.dentled.com\/de\/kontakt\/"]}]},{"@type":"ImageObject","inLanguage":"de","@id":"https:\/\/www.dentled.com\/de\/kontakt\/#primaryimage","url":"https:\/\/www.dentled.com\/wp-content\/uploads\/2016\/08\/dummy-1.jpg","contentUrl":"https:\/\/www.dentled.com\/wp-content\/uploads\/2016\/08\/dummy-1.jpg","width":400,"height":260},{"@type":"BreadcrumbList","@id":"https:\/\/www.dentled.com\/de\/kontakt\/#breadcrumb","itemListElement":[{"@type":"ListItem","position":1,"name":"Home","item":"https:\/\/www.dentled.com\/de\/"},{"@type":"ListItem","position":2,"name":"Kontakt"}]},{"@type":"WebSite","@id":"https:\/\/www.dentled.com\/de\/#website","url":"https:\/\/www.dentled.com\/de\/","name":"Dentled com","description":"Lighting for dental care","potentialAction":[{"@type":"SearchAction","target":{"@type":"EntryPoint","urlTemplate":"https:\/\/www.dentled.com\/de\/?s={search_term_string}"},"query-input":{"@type":"PropertyValueSpecification","valueRequired":true,"valueName":"search_term_string"}}],"inLanguage":"de"}]}},"_links":{"self":[{"href":"https:\/\/www.dentled.com\/de\/wp-json\/wp\/v2\/pages\/1873","targetHints":{"allow":["GET"]}}],"collection":[{"href":"https:\/\/www.dentled.com\/de\/wp-json\/wp\/v2\/pages"}],"about":[{"href":"https:\/\/www.dentled.com\/de\/wp-json\/wp\/v2\/types\/page"}],"author":[{"embeddable":true,"href":"https:\/\/www.dentled.com\/de\/wp-json\/wp\/v2\/users\/1"}],"replies":[{"embeddable":true,"href":"https:\/\/www.dentled.com\/de\/wp-json\/wp\/v2\/comments?post=1873"}],"version-history":[{"count":9,"href":"https:\/\/www.dentled.com\/de\/wp-json\/wp\/v2\/pages\/1873\/revisions"}],"predecessor-version":[{"id":6196,"href":"https:\/\/www.dentled.com\/de\/wp-json\/wp\/v2\/pages\/1873\/revisions\/6196"}],"wp:featuredmedia":[{"embeddable":true,"href":"https:\/\/www.dentled.com\/de\/wp-json\/wp\/v2\/media\/1509"}],"wp:attachment":[{"href":"https:\/\/www.dentled.com\/de\/wp-json\/wp\/v2\/media?parent=1873"}],"curies":[{"name":"wp","href":"https:\/\/api.w.org\/{rel}","templated":true}]}}