{"id":1867,"date":"2024-06-06T19:40:36","date_gmt":"2024-06-06T19:40:36","guid":{"rendered":"https:\/\/www.dentled.com\/download-seite-fuer-das-dentled-produktblatt\/"},"modified":"2025-10-22T05:05:49","modified_gmt":"2025-10-22T05:05:49","slug":"download-seite-fuer-das-dentled-produktblatt","status":"publish","type":"page","link":"https:\/\/www.dentled.com\/de\/download-seite-fuer-das-dentled-produktblatt\/","title":{"rendered":"DentLed Produktdatenblatt Download-Seite"},"content":{"rendered":"<h1>DentLed Product Information Download Page<\/h1>\n<p>Welcome to the DentLed product sheets download page. Here, you will find specifications for our full spectrum lighting solutions designed specifically for dental treatment rooms. We are committed to improving the working conditions in your dental practice by providing the best lighting solutions. Please do not hesitate to contact us if you have any questions or need assistance in selecting the most suitable DentLed lamps for your dental treatment rooms.<\/p>\n<h2>EN (English)<\/h2>\n<p>This is the download page for DentLed full spectrum lighting products for dental treatment rooms.<\/p>\n<ul>\n<li><a href=\"https:\/\/dentled.com\/downloads\/DentLed_DL120_EN_Specifications.pdf\">DentLed_DL120_EN_Specifications.pdf<\/a><\/li>\n<li><a href=\"https:\/\/dentled.com\/downloads\/DentLed_DL60_EN_Specifications.pdf\">DentLed_DL60_EN_Specifications.pdf<\/a><\/li>\n<li><a href=\"https:\/\/dentled.com\/downloads\/DentLed_PHL15_EN_Specifications.pdf\">DentLed_PHL15_EN_Specifications.pdf<\/a><\/li>\n<li><a href=\"https:\/\/dentled.com\/downloads\/DentLed_PHL22_EN_Specifications.pdf\">DentLed_PHL22_EN_Specifications.pdf<\/a><\/li>\n<li><a href=\"https:\/\/dentled.com\/downloads\/DentLed_PHU_EN_Specifications.pdf\">DentLed_PHU_EN_Specifications.pdf<\/a><\/li>\n<li><a href=\"https:\/\/dentled.com\/downloads\/DentLed_Pimpelmees_EN_Specifications.pdf\">DentLed_Pimpelmees_EN_Specifications.pdf<\/a><\/li>\n<li><a href=\"https:\/\/dentled.com\/downloads\/DentLed_PVR150_EN_Specifications.pdf\">DentLed_PVR150_EN_Specifications.pdf<\/a><\/li>\n<li><a href=\"https:\/\/www.dentled.com\/downloads\/DentLed_PHL18_EN_Specifications.pdf\" target=\"_blank\" rel=\"noopener\">DentLed_PHL18_EN_Specifications.pdf<\/a><\/li>\n<li><a href=\"https:\/\/www.dentled.com\/downloads\/ENG_Translated_Zicht_op_Licht_2003.pdf\">Dentled &#8211; View of light.pdf<\/a><\/li>\n<\/ul>\n<p>\u00a0<\/p>\n<h2>FR (Fran\u00e7ais)<\/h2>\n<p>Cette page est d\u00e9di\u00e9e aux fiches techniques des produits d&#8217;\u00e9clairage \u00e0 spectre complet de DentLed pour les salles de traitement dentaire.<\/p>\n<ul>\n<li><a href=\"https:\/\/dentled.com\/downloads\/DentLed_DL120_FR_Sp\u00e9cifications.pdf\">DentLed_DL120_FR_Sp\u00e9cifications.pdf<\/a><\/li>\n<li><a href=\"https:\/\/dentled.com\/downloads\/DentLed_DL60_FR_Sp\u00e9cifications.pdf\">DentLed_DL60_FR_Sp\u00e9cifications.pdf<\/a><\/li>\n<li><a href=\"https:\/\/dentled.com\/downloads\/DentLed_PHL15_FR_Sp\u00e9cifications.pdf\">DentLed_PHL15_FR_Sp\u00e9cifications.pdf<\/a><\/li>\n<li><a href=\"https:\/\/dentled.com\/downloads\/DentLed_PHL22_FR_Sp\u00e9cifications.pdf\">DentLed_PHL22_FR_Sp\u00e9cifications.pdf<\/a><\/li>\n<li><a href=\"https:\/\/dentled.com\/downloads\/DentLed_PHU_FR_Sp\u00e9cifications.pdf\">DentLed_PHU_FR_Sp\u00e9cifications.pdf<\/a><\/li>\n<li><a href=\"https:\/\/dentled.com\/downloads\/DentLed_Pimpelmees_FR_Sp\u00e9cifications.pdf\">DentLed_Pimpelmees_FR_Sp\u00e9cifications.pdf<\/a><\/li>\n<li><a href=\"https:\/\/dentled.com\/downloads\/DentLed_PVR150_FR_Sp\u00e9cifications.pdf\">DentLed_PVR150_FR_Sp\u00e9cifications.pdf<\/a><\/li>\n<\/ul>\n<p>\u00a0<\/p>\n<h2>DE (Deutsch)<\/h2>\n<p>Dies ist die Download-Seite f\u00fcr DentLed Vollspektrumbeleuchtungsprodukte f\u00fcr zahn\u00e4rztliche Behandlungsr\u00e4ume.<\/p>\n<ul>\n<li><a href=\"https:\/\/dentled.com\/downloads\/DentLed_DL120_DE_Spezifikationen.pdf\">DentLed_DL120_DE_Spezifikationen.pdf<\/a><\/li>\n<li><a href=\"https:\/\/dentled.com\/downloads\/DentLed_DL62_DE_Spezifikationen.pdf\">DentLed_DL62_DE_Spezifikationen.pdf<\/a><\/li>\n<li><a href=\"https:\/\/dentled.com\/downloads\/DentLed_PHL15_DE_Spezifikationen.pdf\">DentLed_PHL15_DE_Spezifikationen.pdf<\/a><\/li>\n<li><a href=\"https:\/\/dentled.com\/downloads\/DentLed_PHL22_DE_Spezifikationen.pdf\">DentLed_PHL22_DE_Spezifikationen.pdf<\/a><\/li>\n<li><a href=\"https:\/\/dentled.com\/downloads\/DentLed_PHU_DE_Spezifikationen.pdf\">DentLed_PHU_DE_Spezifikationen.pdf<\/a><\/li>\n<li><a href=\"https:\/\/dentled.com\/downloads\/DentLed_Pimpelmees_DE_Spezifikationen.pdf\">DentLed_Pimpelmees_DE_Spezifikationen.pdf<\/a><\/li>\n<li><a href=\"https:\/\/dentled.com\/downloads\/DentLed_PVR150_DE_Spezifikationen.pdf\">DentLed_PVR150_DE_Spezifikationen.pdf<\/a><\/li>\n<li><a href=\"https:\/\/www.dentled.com\/downloads\/DentLed_PHL18_DE_Spezifikationen.pdf\" target=\"_blank\" rel=\"noopener\">DentLed_PHL18_DE_Spezifikationen.pdf<\/a><\/li>\n<\/ul>\n<p>\u00a0<\/p>\n<h2>NL (Nederlands)<\/h2>\n<p>Dit is de downloadpagina voor Dentled full-spectrum verlichtingsproducten voor tandartsbehandelkamers.<\/p>\n<ul>\n<li><a href=\"https:\/\/www.dentled.com\/downloads\/Zicht_op_Licht_2003.pdf\">Dentled &#8211; Zicht op licht.pdf<\/a><\/li>\n<\/ul>\n","protected":false},"excerpt":{"rendered":"<p>DentLed Product Information Download Page Welcome to the DentLed product sheets download page. Here, you will find specifications for our full spectrum lighting solutions designed specifically for dental treatment rooms. We are committed to improving the working conditions in your dental practice by providing the best lighting solutions. Please do not hesitate to contact us [&#8230;]\n","protected":false},"author":3,"featured_media":0,"parent":0,"menu_order":0,"comment_status":"closed","ping_status":"closed","template":"","meta":{"inline_featured_image":false,"footnotes":""},"class_list":["post-1867","page","type-page","status-publish","hentry"],"yoast_head":"<!-- This site is optimized with the Yoast SEO plugin v27.5 - https:\/\/yoast.com\/product\/yoast-seo-wordpress\/ -->\n<title>DentLed Produktdatenblatt Download-Seite - Dentled com<\/title>\n<meta name=\"description\" content=\"PDF-Downloads f\u00fcr alle DentLed Vollspektrum-Beleuchtungsprodukte f\u00fcr zahn\u00e4rztliche Behandlungsr\u00e4ume\" \/>\n<meta name=\"robots\" content=\"index, follow, max-snippet:-1, max-image-preview:large, max-video-preview:-1\" \/>\n<link rel=\"canonical\" href=\"https:\/\/www.dentled.com\/de\/download-seite-fuer-das-dentled-produktblatt\/\" \/>\n<meta property=\"og:locale\" content=\"de_DE\" \/>\n<meta property=\"og:type\" content=\"article\" \/>\n<meta property=\"og:title\" content=\"DentLed Produktdatenblatt Download-Seite - Dentled com\" \/>\n<meta property=\"og:description\" content=\"PDF-Downloads f\u00fcr alle DentLed Vollspektrum-Beleuchtungsprodukte f\u00fcr zahn\u00e4rztliche Behandlungsr\u00e4ume\" \/>\n<meta property=\"og:url\" content=\"https:\/\/www.dentled.com\/de\/download-seite-fuer-das-dentled-produktblatt\/\" \/>\n<meta property=\"og:site_name\" content=\"Dentled com\" \/>\n<meta property=\"article:modified_time\" content=\"2025-10-22T05:05:49+00:00\" \/>\n<meta name=\"twitter:card\" content=\"summary_large_image\" \/>\n<meta name=\"twitter:label1\" content=\"Gesch\u00e4tzte Lesezeit\" \/>\n\t<meta name=\"twitter:data1\" content=\"1\u00a0Minute\" \/>\n<script type=\"application\/ld+json\" class=\"yoast-schema-graph\">{\"@context\":\"https:\\\/\\\/schema.org\",\"@graph\":[{\"@type\":\"WebPage\",\"@id\":\"https:\\\/\\\/www.dentled.com\\\/de\\\/download-seite-fuer-das-dentled-produktblatt\\\/\",\"url\":\"https:\\\/\\\/www.dentled.com\\\/de\\\/download-seite-fuer-das-dentled-produktblatt\\\/\",\"name\":\"DentLed Produktdatenblatt Download-Seite - Dentled com\",\"isPartOf\":{\"@id\":\"https:\\\/\\\/www.dentled.com\\\/de\\\/#website\"},\"datePublished\":\"2024-06-06T19:40:36+00:00\",\"dateModified\":\"2025-10-22T05:05:49+00:00\",\"description\":\"PDF-Downloads f\u00fcr alle DentLed Vollspektrum-Beleuchtungsprodukte f\u00fcr zahn\u00e4rztliche Behandlungsr\u00e4ume\",\"breadcrumb\":{\"@id\":\"https:\\\/\\\/www.dentled.com\\\/de\\\/download-seite-fuer-das-dentled-produktblatt\\\/#breadcrumb\"},\"inLanguage\":\"de\",\"potentialAction\":[{\"@type\":\"ReadAction\",\"target\":[\"https:\\\/\\\/www.dentled.com\\\/de\\\/download-seite-fuer-das-dentled-produktblatt\\\/\"]}]},{\"@type\":\"BreadcrumbList\",\"@id\":\"https:\\\/\\\/www.dentled.com\\\/de\\\/download-seite-fuer-das-dentled-produktblatt\\\/#breadcrumb\",\"itemListElement\":[{\"@type\":\"ListItem\",\"position\":1,\"name\":\"Home\",\"item\":\"https:\\\/\\\/www.dentled.com\\\/de\\\/\"},{\"@type\":\"ListItem\",\"position\":2,\"name\":\"DentLed Produktdatenblatt Download-Seite\"}]},{\"@type\":\"WebSite\",\"@id\":\"https:\\\/\\\/www.dentled.com\\\/de\\\/#website\",\"url\":\"https:\\\/\\\/www.dentled.com\\\/de\\\/\",\"name\":\"Dentled com\",\"description\":\"Lighting for dental care\",\"potentialAction\":[{\"@type\":\"SearchAction\",\"target\":{\"@type\":\"EntryPoint\",\"urlTemplate\":\"https:\\\/\\\/www.dentled.com\\\/de\\\/?s={search_term_string}\"},\"query-input\":{\"@type\":\"PropertyValueSpecification\",\"valueRequired\":true,\"valueName\":\"search_term_string\"}}],\"inLanguage\":\"de\"}]}<\/script>\n<!-- \/ Yoast SEO plugin. -->","yoast_head_json":{"title":"DentLed Produktdatenblatt Download-Seite - Dentled com","description":"PDF-Downloads f\u00fcr alle DentLed Vollspektrum-Beleuchtungsprodukte f\u00fcr zahn\u00e4rztliche Behandlungsr\u00e4ume","robots":{"index":"index","follow":"follow","max-snippet":"max-snippet:-1","max-image-preview":"max-image-preview:large","max-video-preview":"max-video-preview:-1"},"canonical":"https:\/\/www.dentled.com\/de\/download-seite-fuer-das-dentled-produktblatt\/","og_locale":"de_DE","og_type":"article","og_title":"DentLed Produktdatenblatt Download-Seite - Dentled com","og_description":"PDF-Downloads f\u00fcr alle DentLed Vollspektrum-Beleuchtungsprodukte f\u00fcr zahn\u00e4rztliche Behandlungsr\u00e4ume","og_url":"https:\/\/www.dentled.com\/de\/download-seite-fuer-das-dentled-produktblatt\/","og_site_name":"Dentled com","article_modified_time":"2025-10-22T05:05:49+00:00","twitter_card":"summary_large_image","twitter_misc":{"Gesch\u00e4tzte Lesezeit":"1\u00a0Minute"},"schema":{"@context":"https:\/\/schema.org","@graph":[{"@type":"WebPage","@id":"https:\/\/www.dentled.com\/de\/download-seite-fuer-das-dentled-produktblatt\/","url":"https:\/\/www.dentled.com\/de\/download-seite-fuer-das-dentled-produktblatt\/","name":"DentLed Produktdatenblatt Download-Seite - Dentled com","isPartOf":{"@id":"https:\/\/www.dentled.com\/de\/#website"},"datePublished":"2024-06-06T19:40:36+00:00","dateModified":"2025-10-22T05:05:49+00:00","description":"PDF-Downloads f\u00fcr alle DentLed Vollspektrum-Beleuchtungsprodukte f\u00fcr zahn\u00e4rztliche Behandlungsr\u00e4ume","breadcrumb":{"@id":"https:\/\/www.dentled.com\/de\/download-seite-fuer-das-dentled-produktblatt\/#breadcrumb"},"inLanguage":"de","potentialAction":[{"@type":"ReadAction","target":["https:\/\/www.dentled.com\/de\/download-seite-fuer-das-dentled-produktblatt\/"]}]},{"@type":"BreadcrumbList","@id":"https:\/\/www.dentled.com\/de\/download-seite-fuer-das-dentled-produktblatt\/#breadcrumb","itemListElement":[{"@type":"ListItem","position":1,"name":"Home","item":"https:\/\/www.dentled.com\/de\/"},{"@type":"ListItem","position":2,"name":"DentLed Produktdatenblatt Download-Seite"}]},{"@type":"WebSite","@id":"https:\/\/www.dentled.com\/de\/#website","url":"https:\/\/www.dentled.com\/de\/","name":"Dentled com","description":"Lighting for dental care","potentialAction":[{"@type":"SearchAction","target":{"@type":"EntryPoint","urlTemplate":"https:\/\/www.dentled.com\/de\/?s={search_term_string}"},"query-input":{"@type":"PropertyValueSpecification","valueRequired":true,"valueName":"search_term_string"}}],"inLanguage":"de"}]}},"_links":{"self":[{"href":"https:\/\/www.dentled.com\/de\/wp-json\/wp\/v2\/pages\/1867","targetHints":{"allow":["GET"]}}],"collection":[{"href":"https:\/\/www.dentled.com\/de\/wp-json\/wp\/v2\/pages"}],"about":[{"href":"https:\/\/www.dentled.com\/de\/wp-json\/wp\/v2\/types\/page"}],"author":[{"embeddable":true,"href":"https:\/\/www.dentled.com\/de\/wp-json\/wp\/v2\/users\/3"}],"replies":[{"embeddable":true,"href":"https:\/\/www.dentled.com\/de\/wp-json\/wp\/v2\/comments?post=1867"}],"version-history":[{"count":0,"href":"https:\/\/www.dentled.com\/de\/wp-json\/wp\/v2\/pages\/1867\/revisions"}],"wp:attachment":[{"href":"https:\/\/www.dentled.com\/de\/wp-json\/wp\/v2\/media?parent=1867"}],"curies":[{"name":"wp","href":"https:\/\/api.w.org\/{rel}","templated":true}]}}