{"id":1855,"date":"2024-06-06T20:21:33","date_gmt":"2024-06-06T20:21:33","guid":{"rendered":"https:\/\/www.dentled.com\/bedeutung-der-lichtplanung-in-zahnaerztlichen-behandlungsraeumen\/"},"modified":"2025-10-22T05:06:28","modified_gmt":"2025-10-22T05:06:28","slug":"bedeutung-der-lichtplanung-in-zahnaerztlichen-behandlungsraeumen","status":"publish","type":"page","link":"https:\/\/www.dentled.com\/de\/perfektes-licht\/bedeutung-der-lichtplanung-in-zahnaerztlichen-behandlungsraeumen\/","title":{"rendered":"Bedeutung der Lichtgestaltung in zahn\u00e4rztlichen Behandlungsr\u00e4umen"},"content":{"rendered":"\r\n<h1>Bedeutung der Lichtgestaltung in zahn\u00e4rztlichen Behandlungsr\u00e4umen<\/h1>\r\n<p>Die richtige Beleuchtung in zahn\u00e4rztlichen Behandlungsr\u00e4umen ist f\u00fcr eine genaue Diagnose, eine wirksame Behandlung und den allgemeinen Komfort sowohl der Patienten als auch des zahn\u00e4rztlichen Personals unerl\u00e4sslich. LED-Vollspektrum-Beleuchtung, wie die von DentLed, die dem nat\u00fcrlichen Tageslicht sehr nahe kommt, wird aufgrund ihrer gesundheitlichen Vorteile immer beliebter. Dieser Artikel untersucht die Bedeutung verschiedener Aspekte des Beleuchtungsdesigns in Bezug auf die Ergonomie von Zahn\u00e4rzten.  <\/p>\r\n<h2>Die Rolle der Beleuchtung in der Ergonomie<\/h2>\r\n<p>Zur Ergonomie in der Zahnmedizin geh\u00f6rt die Gestaltung eines Arbeitsplatzes, der die k\u00f6rperliche Belastung minimiert und die Effizienz maximiert. Die richtige Beleuchtung spielt eine entscheidende Rolle bei der Verringerung der \u00dcberanstrengung der Augen und der k\u00f6rperlichen Erm\u00fcdung von Zahn\u00e4rzten, so dass sie die Behandlungen mit gr\u00f6\u00dferer Genauigkeit und weniger Unbehagen durchf\u00fchren k\u00f6nnen. Eine gute Beleuchtung hilft Zahn\u00e4rzten, eine bequeme K\u00f6rperhaltung beizubehalten, und verringert das Risiko von Erkrankungen des Bewegungsapparats.  <\/p>\r\n<h2>Licht-Spektrum<\/h2>\r\n<p>Das Lichtspektrum bezieht sich auf den Bereich der Wellenl\u00e4ngen des Lichts. Die Vollspektrum-Beleuchtung umfasst alle Wellenl\u00e4ngen des sichtbaren Lichts und ist dem nat\u00fcrlichen Tageslicht sehr \u00e4hnlich. Diese Art von Beleuchtung ist in zahnmedizinischen Einrichtungen von entscheidender Bedeutung, da sie die Farbgenauigkeit verbessert, die f\u00fcr Verfahren wie die Farbanpassung bei Restaurationen unerl\u00e4sslich ist. Dar\u00fcber hinaus reduziert das Vollspektrumlicht die Belastung der Augen und verbessert den Sehkomfort f\u00fcr Zahn\u00e4rzte bei langen Behandlungen.   <\/p>\r\n<h2>Farbwiedergabe-Index (CRI)<\/h2>\r\n<p>Der CRI misst die F\u00e4higkeit einer Lichtquelle, Farben genau wiederzugeben. In zahnmedizinischen Umgebungen ist eine Beleuchtung mit hohem CRI (vorzugsweise \u00fcber 90) f\u00fcr die Unterscheidung zwischen verschiedenen Farbt\u00f6nen von Z\u00e4hnen und Geweben unerl\u00e4sslich. Eine akkurate Farbwiedergabe verbessert die diagnostische Genauigkeit und die Qualit\u00e4t der restaurativen Arbeit und sorgt so f\u00fcr bessere Ergebnisse bei den Patienten.  <\/p>\r\n<h2>Lichtintensit\u00e4t und -pegel<\/h2>\r\n<p>Die optimale Lichtst\u00e4rke in zahn\u00e4rztlichen Behandlungsr\u00e4umen sollte zwischen 1.500 und 3.000 Lux liegen. Die richtige Lichtintensit\u00e4t sorgt daf\u00fcr, dass Zahn\u00e4rzte feine Details sehen k\u00f6nnen, ohne ihre Augen zu \u00fcberanstrengen. Eine zu geringe Lichtst\u00e4rke kann zu Fehlern und l\u00e4ngeren Behandlungszeiten f\u00fchren, w\u00e4hrend eine zu helle Beleuchtung Unbehagen und Blendung verursachen kann.  <\/p>\r\n<h2>Flimmerfreie Beleuchtung<\/h2>\r\n<p>Flimmern in der Beleuchtung kann Sehst\u00f6rungen, Kopfschmerzen und eine \u00dcberanstrengung der Augen verursachen. Es tritt auf, wenn es schnelle Schwankungen in der Lichtintensit\u00e4t gibt, die mit dem blo\u00dfen Auge oft nicht wahrnehmbar sind. Die Verwendung hochwertiger LED-Leuchten mit den richtigen Treibern kann das Flimmern eliminieren und sorgt f\u00fcr eine stabile und angenehme visuelle Umgebung f\u00fcr Zahn\u00e4rzte und Patienten gleicherma\u00dfen.  <\/p>\r\n<h2>Blendreduzierung<\/h2>\r\n<p>Blendung tritt auf, wenn es einen \u00fcberm\u00e4\u00dfigen Kontrast zwischen hellen und dunklen Bereichen gibt. Dies f\u00fchrt zu visuellem Unbehagen und beeintr\u00e4chtigt die F\u00e4higkeit, feine Details zu erkennen. In zahn\u00e4rztlichen Behandlungsr\u00e4umen kann Blendung Zahn\u00e4rzte ablenken und ihre Pr\u00e4zision beeintr\u00e4chtigen. Die Verwendung von diffuser Beleuchtung und blendfreien Leuchten kann die Blendung minimieren und den allgemeinen Sehkomfort verbessern.  <\/p>\r\n<h2>Gerichtetes Licht und Schatten<\/h2>\r\n<p>Gerichtetes Licht hilft dabei, bestimmte Bereiche zu beleuchten, ohne Schatten zu werfen, die die Sicht behindern k\u00f6nnen. In zahn\u00e4rztlichen Behandlungsr\u00e4umen ist eine gleichm\u00e4\u00dfige Lichtverteilung entscheidend, um Schatten zu vermeiden, die die Pr\u00e4zision der zahn\u00e4rztlichen Arbeit beeintr\u00e4chtigen k\u00f6nnen. Richtig positionierte Arbeitsleuchten und Deckenleuchten k\u00f6nnen zu einer schattenfreien Beleuchtung beitragen.  <\/p>\r\n<h2>Einstellbare und Arbeitsbeleuchtung<\/h2>\r\n<p>Mit verstellbaren Beleuchtungssystemen k\u00f6nnen Zahn\u00e4rzte die Lichtintensit\u00e4t und -richtung an die spezifischen Anforderungen der verschiedenen Verfahren anpassen. Arbeitsbeleuchtung, wie z.B. zahn\u00e4rztliche Scheinwerfer oder am Stuhl montierte Leuchten, sorgt f\u00fcr eine gezielte Beleuchtung und verbessert die Sicht im Behandlungsbereich. Diese Beleuchtungsl\u00f6sungen verbessern die Ergonomie, indem sie die Notwendigkeit von ung\u00fcnstigen K\u00f6rperhaltungen verringern.  <\/p>\r\n<h2>Energieeffizienz und Nachhaltigkeit<\/h2>\r\n<p>Energieeffiziente Beleuchtungsl\u00f6sungen, wie z. B. LED-Leuchten, senken nicht nur die Stromkosten, sondern haben auch eine geringere Umweltbelastung. Nachhaltige Beleuchtungsoptionen k\u00f6nnen eine hochwertige Beleuchtung bieten und gleichzeitig kosteng\u00fcnstig und umweltfreundlich sein. Die Investition in energieeffiziente Beleuchtungstechnologien kann zu langfristigen Einsparungen und einer geringeren CO2-Bilanz f\u00fchren.  <\/p>\r\n<h2>Fazit<\/h2>\r\n<p>Eine gut durchdachte Beleuchtung in zahn\u00e4rztlichen Behandlungsr\u00e4umen ist entscheidend f\u00fcr die Verbesserung der Ergonomie des zahn\u00e4rztlichen Personals und die Verbesserung der Patientenversorgung. LED-Vollspektrum-Beleuchtung, hoher CRI, optimale Lichtintensit\u00e4t, Flimmerfreiheit und Blendreduzierung tragen alle zu einer besseren Arbeitsumgebung bei. Die DentLed Vollspektrum-Dentalbeleuchtung ist in mehr als 1.300 zahn\u00e4rztlichen Behandlungsr\u00e4umen installiert, was ihre Effektivit\u00e4t und Zuverl\u00e4ssigkeit unter Beweis stellt. Durch die richtige Beleuchtung k\u00f6nnen Zahnarztpraxen die Behandlungsgenauigkeit verbessern, die k\u00f6rperliche Belastung der Zahn\u00e4rzte verringern und ein angenehmeres Erlebnis f\u00fcr die Patienten schaffen.   <\/p>\r\n<p>F\u00fcr detailliertere Referenzen und Informationen \u00fcber die Vorteile der Vollspektrumbeleuchtung nehmen Sie bitte Kontakt mit uns auf.<\/p>\r\n","protected":false},"excerpt":{"rendered":"<p>Bedeutung der Lichtgestaltung in zahn\u00e4rztlichen Behandlungsr\u00e4umen Die richtige Beleuchtung in zahn\u00e4rztlichen Behandlungsr\u00e4umen ist f\u00fcr eine genaue Diagnose, eine wirksame Behandlung und den allgemeinen Komfort sowohl der Patienten als auch des zahn\u00e4rztlichen Personals unerl\u00e4sslich. LED-Vollspektrum-Beleuchtung, wie die von DentLed, die dem nat\u00fcrlichen Tageslicht sehr nahe kommt, wird aufgrund ihrer gesundheitlichen Vorteile immer beliebter. Dieser Artikel untersucht [&#8230;]\n","protected":false},"author":3,"featured_media":3221,"parent":4906,"menu_order":0,"comment_status":"closed","ping_status":"closed","template":"","meta":{"inline_featured_image":false,"footnotes":""},"class_list":["post-1855","page","type-page","status-publish","has-post-thumbnail","hentry"],"yoast_head":"<!-- This site is optimized with the Yoast SEO plugin v26.9 - https:\/\/yoast.com\/product\/yoast-seo-wordpress\/ -->\n<title>Bedeutung der Lichtgestaltung in zahn\u00e4rztlichen Behandlungsr\u00e4umen - Dentled com%<\/title>\n<meta name=\"description\" content=\"Entdecken Sie, warum die richtige Beleuchtung f\u00fcr zahn\u00e4rztliche Behandlungsr\u00e4ume entscheidend ist. Erfahren Sie mehr \u00fcber die Vorteile der Vollspektrum-LED-Beleuchtung von DentLed und wie sie die Ergonomie und die Patientenversorgung verbessert.\" \/>\n<meta name=\"robots\" content=\"index, follow, max-snippet:-1, max-image-preview:large, max-video-preview:-1\" \/>\n<link rel=\"canonical\" href=\"https:\/\/www.dentled.com\/de\/perfektes-licht\/bedeutung-der-lichtplanung-in-zahnaerztlichen-behandlungsraeumen\/\" \/>\n<meta property=\"og:locale\" content=\"de_DE\" \/>\n<meta property=\"og:type\" content=\"article\" \/>\n<meta property=\"og:title\" content=\"Bedeutung der Lichtgestaltung in zahn\u00e4rztlichen Behandlungsr\u00e4umen - Dentled com%\" \/>\n<meta property=\"og:description\" content=\"Entdecken Sie, warum die richtige Beleuchtung f\u00fcr zahn\u00e4rztliche Behandlungsr\u00e4ume entscheidend ist. Erfahren Sie mehr \u00fcber die Vorteile der Vollspektrum-LED-Beleuchtung von DentLed und wie sie die Ergonomie und die Patientenversorgung verbessert.\" \/>\n<meta property=\"og:url\" content=\"https:\/\/www.dentled.com\/de\/perfektes-licht\/bedeutung-der-lichtplanung-in-zahnaerztlichen-behandlungsraeumen\/\" \/>\n<meta property=\"og:site_name\" content=\"Dentled com\" \/>\n<meta property=\"article:modified_time\" content=\"2025-10-22T05:06:28+00:00\" \/>\n<meta property=\"og:image\" content=\"https:\/\/www.dentled.com\/wp-content\/uploads\/2025\/02\/DL62_DentLed_LED_panel_625x625mm.jpg\" \/>\n\t<meta property=\"og:image:width\" content=\"1536\" \/>\n\t<meta property=\"og:image:height\" content=\"2048\" \/>\n\t<meta property=\"og:image:type\" content=\"image\/jpeg\" \/>\n<meta name=\"twitter:card\" content=\"summary_large_image\" \/>\n<meta name=\"twitter:label1\" content=\"Gesch\u00e4tzte Lesezeit\" \/>\n\t<meta name=\"twitter:data1\" content=\"4\u00a0Minuten\" \/>\n<script type=\"application\/ld+json\" class=\"yoast-schema-graph\">{\"@context\":\"https:\/\/schema.org\",\"@graph\":[{\"@type\":\"WebPage\",\"@id\":\"https:\/\/www.dentled.com\/de\/perfektes-licht\/bedeutung-der-lichtplanung-in-zahnaerztlichen-behandlungsraeumen\/\",\"url\":\"https:\/\/www.dentled.com\/de\/perfektes-licht\/bedeutung-der-lichtplanung-in-zahnaerztlichen-behandlungsraeumen\/\",\"name\":\"Bedeutung der Lichtgestaltung in zahn\u00e4rztlichen Behandlungsr\u00e4umen - Dentled com%\",\"isPartOf\":{\"@id\":\"https:\/\/www.dentled.com\/de\/#website\"},\"primaryImageOfPage\":{\"@id\":\"https:\/\/www.dentled.com\/de\/perfektes-licht\/bedeutung-der-lichtplanung-in-zahnaerztlichen-behandlungsraeumen\/#primaryimage\"},\"image\":{\"@id\":\"https:\/\/www.dentled.com\/de\/perfektes-licht\/bedeutung-der-lichtplanung-in-zahnaerztlichen-behandlungsraeumen\/#primaryimage\"},\"thumbnailUrl\":\"https:\/\/www.dentled.com\/wp-content\/uploads\/2025\/02\/DL62_DentLed_LED_panel_625x625mm.jpg\",\"datePublished\":\"2024-06-06T20:21:33+00:00\",\"dateModified\":\"2025-10-22T05:06:28+00:00\",\"description\":\"Entdecken Sie, warum die richtige Beleuchtung f\u00fcr zahn\u00e4rztliche Behandlungsr\u00e4ume entscheidend ist. Erfahren Sie mehr \u00fcber die Vorteile der Vollspektrum-LED-Beleuchtung von DentLed und wie sie die Ergonomie und die Patientenversorgung verbessert.\",\"breadcrumb\":{\"@id\":\"https:\/\/www.dentled.com\/de\/perfektes-licht\/bedeutung-der-lichtplanung-in-zahnaerztlichen-behandlungsraeumen\/#breadcrumb\"},\"inLanguage\":\"de\",\"potentialAction\":[{\"@type\":\"ReadAction\",\"target\":[\"https:\/\/www.dentled.com\/de\/perfektes-licht\/bedeutung-der-lichtplanung-in-zahnaerztlichen-behandlungsraeumen\/\"]}]},{\"@type\":\"ImageObject\",\"inLanguage\":\"de\",\"@id\":\"https:\/\/www.dentled.com\/de\/perfektes-licht\/bedeutung-der-lichtplanung-in-zahnaerztlichen-behandlungsraeumen\/#primaryimage\",\"url\":\"https:\/\/www.dentled.com\/wp-content\/uploads\/2025\/02\/DL62_DentLed_LED_panel_625x625mm.jpg\",\"contentUrl\":\"https:\/\/www.dentled.com\/wp-content\/uploads\/2025\/02\/DL62_DentLed_LED_panel_625x625mm.jpg\",\"width\":1536,\"height\":2048,\"caption\":\"DL62_DentLed_LED_panel_625x625mm\"},{\"@type\":\"BreadcrumbList\",\"@id\":\"https:\/\/www.dentled.com\/de\/perfektes-licht\/bedeutung-der-lichtplanung-in-zahnaerztlichen-behandlungsraeumen\/#breadcrumb\",\"itemListElement\":[{\"@type\":\"ListItem\",\"position\":1,\"name\":\"Home\",\"item\":\"https:\/\/www.dentled.com\/de\/\"},{\"@type\":\"ListItem\",\"position\":2,\"name\":\"Perfektes Licht\",\"item\":\"https:\/\/www.dentled.com\/de\/perfektes-licht\/\"},{\"@type\":\"ListItem\",\"position\":3,\"name\":\"Bedeutung der Lichtgestaltung in zahn\u00e4rztlichen Behandlungsr\u00e4umen\"}]},{\"@type\":\"WebSite\",\"@id\":\"https:\/\/www.dentled.com\/de\/#website\",\"url\":\"https:\/\/www.dentled.com\/de\/\",\"name\":\"Dentled com\",\"description\":\"Lighting for dental care\",\"potentialAction\":[{\"@type\":\"SearchAction\",\"target\":{\"@type\":\"EntryPoint\",\"urlTemplate\":\"https:\/\/www.dentled.com\/de\/?s={search_term_string}\"},\"query-input\":{\"@type\":\"PropertyValueSpecification\",\"valueRequired\":true,\"valueName\":\"search_term_string\"}}],\"inLanguage\":\"de\"}]}<\/script>\n<!-- \/ Yoast SEO plugin. -->","yoast_head_json":{"title":"Bedeutung der Lichtgestaltung in zahn\u00e4rztlichen Behandlungsr\u00e4umen - Dentled com%","description":"Entdecken Sie, warum die richtige Beleuchtung f\u00fcr zahn\u00e4rztliche Behandlungsr\u00e4ume entscheidend ist. Erfahren Sie mehr \u00fcber die Vorteile der Vollspektrum-LED-Beleuchtung von DentLed und wie sie die Ergonomie und die Patientenversorgung verbessert.","robots":{"index":"index","follow":"follow","max-snippet":"max-snippet:-1","max-image-preview":"max-image-preview:large","max-video-preview":"max-video-preview:-1"},"canonical":"https:\/\/www.dentled.com\/de\/perfektes-licht\/bedeutung-der-lichtplanung-in-zahnaerztlichen-behandlungsraeumen\/","og_locale":"de_DE","og_type":"article","og_title":"Bedeutung der Lichtgestaltung in zahn\u00e4rztlichen Behandlungsr\u00e4umen - Dentled com%","og_description":"Entdecken Sie, warum die richtige Beleuchtung f\u00fcr zahn\u00e4rztliche Behandlungsr\u00e4ume entscheidend ist. Erfahren Sie mehr \u00fcber die Vorteile der Vollspektrum-LED-Beleuchtung von DentLed und wie sie die Ergonomie und die Patientenversorgung verbessert.","og_url":"https:\/\/www.dentled.com\/de\/perfektes-licht\/bedeutung-der-lichtplanung-in-zahnaerztlichen-behandlungsraeumen\/","og_site_name":"Dentled com","article_modified_time":"2025-10-22T05:06:28+00:00","og_image":[{"width":1536,"height":2048,"url":"https:\/\/www.dentled.com\/wp-content\/uploads\/2025\/02\/DL62_DentLed_LED_panel_625x625mm.jpg","type":"image\/jpeg"}],"twitter_card":"summary_large_image","twitter_misc":{"Gesch\u00e4tzte Lesezeit":"4\u00a0Minuten"},"schema":{"@context":"https:\/\/schema.org","@graph":[{"@type":"WebPage","@id":"https:\/\/www.dentled.com\/de\/perfektes-licht\/bedeutung-der-lichtplanung-in-zahnaerztlichen-behandlungsraeumen\/","url":"https:\/\/www.dentled.com\/de\/perfektes-licht\/bedeutung-der-lichtplanung-in-zahnaerztlichen-behandlungsraeumen\/","name":"Bedeutung der Lichtgestaltung in zahn\u00e4rztlichen Behandlungsr\u00e4umen - Dentled com%","isPartOf":{"@id":"https:\/\/www.dentled.com\/de\/#website"},"primaryImageOfPage":{"@id":"https:\/\/www.dentled.com\/de\/perfektes-licht\/bedeutung-der-lichtplanung-in-zahnaerztlichen-behandlungsraeumen\/#primaryimage"},"image":{"@id":"https:\/\/www.dentled.com\/de\/perfektes-licht\/bedeutung-der-lichtplanung-in-zahnaerztlichen-behandlungsraeumen\/#primaryimage"},"thumbnailUrl":"https:\/\/www.dentled.com\/wp-content\/uploads\/2025\/02\/DL62_DentLed_LED_panel_625x625mm.jpg","datePublished":"2024-06-06T20:21:33+00:00","dateModified":"2025-10-22T05:06:28+00:00","description":"Entdecken Sie, warum die richtige Beleuchtung f\u00fcr zahn\u00e4rztliche Behandlungsr\u00e4ume entscheidend ist. Erfahren Sie mehr \u00fcber die Vorteile der Vollspektrum-LED-Beleuchtung von DentLed und wie sie die Ergonomie und die Patientenversorgung verbessert.","breadcrumb":{"@id":"https:\/\/www.dentled.com\/de\/perfektes-licht\/bedeutung-der-lichtplanung-in-zahnaerztlichen-behandlungsraeumen\/#breadcrumb"},"inLanguage":"de","potentialAction":[{"@type":"ReadAction","target":["https:\/\/www.dentled.com\/de\/perfektes-licht\/bedeutung-der-lichtplanung-in-zahnaerztlichen-behandlungsraeumen\/"]}]},{"@type":"ImageObject","inLanguage":"de","@id":"https:\/\/www.dentled.com\/de\/perfektes-licht\/bedeutung-der-lichtplanung-in-zahnaerztlichen-behandlungsraeumen\/#primaryimage","url":"https:\/\/www.dentled.com\/wp-content\/uploads\/2025\/02\/DL62_DentLed_LED_panel_625x625mm.jpg","contentUrl":"https:\/\/www.dentled.com\/wp-content\/uploads\/2025\/02\/DL62_DentLed_LED_panel_625x625mm.jpg","width":1536,"height":2048,"caption":"DL62_DentLed_LED_panel_625x625mm"},{"@type":"BreadcrumbList","@id":"https:\/\/www.dentled.com\/de\/perfektes-licht\/bedeutung-der-lichtplanung-in-zahnaerztlichen-behandlungsraeumen\/#breadcrumb","itemListElement":[{"@type":"ListItem","position":1,"name":"Home","item":"https:\/\/www.dentled.com\/de\/"},{"@type":"ListItem","position":2,"name":"Perfektes Licht","item":"https:\/\/www.dentled.com\/de\/perfektes-licht\/"},{"@type":"ListItem","position":3,"name":"Bedeutung der Lichtgestaltung in zahn\u00e4rztlichen Behandlungsr\u00e4umen"}]},{"@type":"WebSite","@id":"https:\/\/www.dentled.com\/de\/#website","url":"https:\/\/www.dentled.com\/de\/","name":"Dentled com","description":"Lighting for dental care","potentialAction":[{"@type":"SearchAction","target":{"@type":"EntryPoint","urlTemplate":"https:\/\/www.dentled.com\/de\/?s={search_term_string}"},"query-input":{"@type":"PropertyValueSpecification","valueRequired":true,"valueName":"search_term_string"}}],"inLanguage":"de"}]}},"_links":{"self":[{"href":"https:\/\/www.dentled.com\/de\/wp-json\/wp\/v2\/pages\/1855","targetHints":{"allow":["GET"]}}],"collection":[{"href":"https:\/\/www.dentled.com\/de\/wp-json\/wp\/v2\/pages"}],"about":[{"href":"https:\/\/www.dentled.com\/de\/wp-json\/wp\/v2\/types\/page"}],"author":[{"embeddable":true,"href":"https:\/\/www.dentled.com\/de\/wp-json\/wp\/v2\/users\/3"}],"replies":[{"embeddable":true,"href":"https:\/\/www.dentled.com\/de\/wp-json\/wp\/v2\/comments?post=1855"}],"version-history":[{"count":4,"href":"https:\/\/www.dentled.com\/de\/wp-json\/wp\/v2\/pages\/1855\/revisions"}],"predecessor-version":[{"id":5890,"href":"https:\/\/www.dentled.com\/de\/wp-json\/wp\/v2\/pages\/1855\/revisions\/5890"}],"up":[{"embeddable":true,"href":"https:\/\/www.dentled.com\/de\/wp-json\/wp\/v2\/pages\/4906"}],"wp:featuredmedia":[{"embeddable":true,"href":"https:\/\/www.dentled.com\/de\/wp-json\/wp\/v2\/media\/3221"}],"wp:attachment":[{"href":"https:\/\/www.dentled.com\/de\/wp-json\/wp\/v2\/media?parent=1855"}],"curies":[{"name":"wp","href":"https:\/\/api.w.org\/{rel}","templated":true}]}}